{"id":163744,"date":"2026-03-17T12:47:07","date_gmt":"2026-03-17T11:47:07","guid":{"rendered":"https:\/\/secureus.se\/tagg-desfire-ev3-4k-vit-plus\/"},"modified":"2026-04-09T13:27:24","modified_gmt":"2026-04-09T11:27:24","slug":"tagg-desfire-ev3-4k-vit-plus","status":"publish","type":"product","link":"https:\/\/secureus.se\/no\/tagg-desfire-ev3-4k-vit-plus\/","title":{"rendered":"Tagg DESFIRE\u00ae EV3 4K Hvit Plus"},"content":{"rendered":"<h1 data-section-id=\"mqmvaq\" data-start=\"152\" data-end=\"218\">RFID-brikke MIFARE DESFire<\/h1>\n<h2 data-section-id=\"mqmvaq\" data-start=\"152\" data-end=\"218\">ABS Plus passeringsbrikke (h\u00f8y sikkerhet)<\/h2>\n<p data-start=\"220\" data-end=\"446\">RFID-brikke med <strong data-start=\"234\" data-end=\"257\">MIFARE DESFire-brikke<\/strong> for moderne adgangskontrollsystemer der h\u00f8y sikkerhet og stabil funksjon er viktig.<\/p>\n<p data-start=\"220\" data-end=\"446\">Denne tilgangstokenen brukes ofte i profesjonelle sikkerhetssystemer og er kompatibel med flere kjente plattformer.<\/p>\n<p data-start=\"448\" data-end=\"558\">Taggen kommer med <strong data-start=\"469\" data-end=\"494\">originalbrikke fra NXP<\/strong> og er laget av slitesterkt ABS-materiale for lang levetid.<\/p>\n<p data-start=\"560\" data-end=\"591\"><strong data-start=\"560\" data-end=\"591\">Kompatibel med blant annet:<\/strong><\/p>\n<ul data-start=\"593\" data-end=\"687\">\n<li data-section-id=\"17a1ys6\" data-start=\"593\" data-end=\"600\">\n<p data-start=\"595\" data-end=\"600\">RCO<\/p>\n<\/li>\n<li data-section-id=\"1n8l3ye\" data-start=\"601\" data-end=\"625\">\n<p data-start=\"603\" data-end=\"625\">Bewator \/ Vanderbilt<\/p>\n<\/li>\n<li data-section-id=\"1pxgavf\" data-start=\"626\" data-end=\"635\">\n<p data-start=\"628\" data-end=\"635\">Aptus<\/p>\n<\/li>\n<li data-section-id=\"1soj2rn\" data-start=\"636\" data-end=\"648\">\n<p data-start=\"638\" data-end=\"648\">ASSA ARX<\/p>\n<\/li>\n<li data-section-id=\"1e3tozb\" data-start=\"649\" data-end=\"665\">\n<p data-start=\"651\" data-end=\"665\">Bes\u00f8kssystem<\/p>\n<\/li>\n<li data-section-id=\"m4aqxg\" data-start=\"666\" data-end=\"687\">\n<p data-start=\"668\" data-end=\"687\">Innloggingssystem<\/p>\n<\/li>\n<\/ul>\n<p data-start=\"689\" data-end=\"792\">Merk at taggen <strong data-start=\"710\" data-end=\"758\">ikke levert programmert med RAID for RCO<\/strong>, men leveres med en standardbrikke.<\/p>\n<hr data-start=\"794\" data-end=\"797\" \/>\n<h2 data-section-id=\"1v00gra\" data-start=\"799\" data-end=\"834\">Robust RFID-brikke i slank design<\/h2>\n<p data-start=\"836\" data-end=\"1063\">V\u00e5r modell <strong data-start=\"847\" data-end=\"874\">ABS Plus MIFARE DESFire<\/strong> er utviklet for daglig bruk i adgangskontrollsystemer.<\/p>\n<p data-start=\"836\" data-end=\"1063\">Brettet er laget av slitesterkt ABS-materiale og har en tynn profil p\u00e5 bare <strong data-start=\"1003\" data-end=\"1013\">3,9 mm<\/strong>, noe som gj\u00f8r den b\u00e5de slitesterk og enkel \u00e5 bruke.<\/p>\n<p data-start=\"1065\" data-end=\"1232\">Den glatte overflaten er godt egnet for <strong data-start=\"1098\" data-end=\"1140\">lasergravering av tall eller logoer<\/strong>,.<\/p>\n<p data-start=\"1065\" data-end=\"1232\">Dette gj\u00f8r det enkelt \u00e5 merke opp fliser for bedrifter, eiendommer eller organisasjoner.<\/p>\n<hr data-start=\"1234\" data-end=\"1237\" \/>\n<h2 data-section-id=\"xck9dh\" data-start=\"1239\" data-end=\"1260\">Bruksomr\u00e5der<\/h2>\n<p data-start=\"1262\" data-end=\"1311\">RFID-brikken kan brukes i mange typer systemer:<\/p>\n<ul data-start=\"1313\" data-end=\"1450\">\n<li data-section-id=\"3yp6jv\" data-start=\"1313\" data-end=\"1329\">\n<p data-start=\"1315\" data-end=\"1329\">Passsystem<\/p>\n<\/li>\n<li data-section-id=\"1e3tozb\" data-start=\"1330\" data-end=\"1346\">\n<p data-start=\"1332\" data-end=\"1346\">Bes\u00f8kssystem<\/p>\n<\/li>\n<li data-section-id=\"j9tvrq\" data-start=\"1347\" data-end=\"1365\">\n<p data-start=\"1349\" data-end=\"1365\">Bookingsystem<\/p>\n<\/li>\n<li data-section-id=\"q6dwif\" data-start=\"1366\" data-end=\"1395\">\n<p data-start=\"1368\" data-end=\"1395\">Alarm- og sikkerhetssystemer<\/p>\n<\/li>\n<li data-section-id=\"pd8qry\" data-start=\"1396\" data-end=\"1413\">\n<p data-start=\"1398\" data-end=\"1413\">Elbillader<\/p>\n<\/li>\n<li data-section-id=\"1u2dvsm\" data-start=\"1414\" data-end=\"1450\">\n<p data-start=\"1416\" data-end=\"1450\">Lagerstyring og identifikasjon<\/p>\n<\/li>\n<\/ul>\n<p data-start=\"1452\" data-end=\"1590\">MIFARE DESFire-tilbud <strong data-start=\"1476\" data-end=\"1523\">h\u00f8yere sikkerhet enn for eksempel MIFARE Classic<\/strong>, noe som gj\u00f8r det til et vanlig valg i moderne sikkerhetsl\u00f8sninger.<\/p>\n<hr data-start=\"1592\" data-end=\"1595\" \/>\n<h2 data-section-id=\"11ig3cm\" data-start=\"1597\" data-end=\"1633\">Tilpassede RFID-brikker for prosjekter<\/h2>\n<p data-start=\"1635\" data-end=\"1704\">Vi tilbyr muligheten til \u00e5 tilpasse tagger etter dine behov, for eksempel:<\/p>\n<ul data-start=\"1706\" data-end=\"1855\">\n<li data-section-id=\"1xsenfi\" data-start=\"1706\" data-end=\"1739\">\n<p data-start=\"1708\" data-end=\"1739\">Gravering av <strong data-start=\"1721\" data-end=\"1737\">unike tall<\/strong><\/p>\n<\/li>\n<li data-section-id=\"fzw2hm\" data-start=\"1740\" data-end=\"1776\">\n<p data-start=\"1742\" data-end=\"1776\">Gravering av <strong data-start=\"1755\" data-end=\"1774\">firmalogo<\/strong><\/p>\n<\/li>\n<li data-section-id=\"dsua8s\" data-start=\"1777\" data-end=\"1807\">\n<p data-start=\"1779\" data-end=\"1807\">Valg av <strong data-start=\"1786\" data-end=\"1805\">forskjellige chiptyper<\/strong><\/p>\n<\/li>\n<li data-section-id=\"1ccnvn3\" data-start=\"1808\" data-end=\"1855\">\n<p data-start=\"1810\" data-end=\"1855\">Tilpasning for spesifikke systemer og prosjekter<\/p>\n<\/li>\n<\/ul>\n<p data-start=\"1857\" data-end=\"1919\">Vanlige brikker som brukes i adgangskort i dag er for eksempel:<\/p>\n<ul data-start=\"1921\" data-end=\"1980\">\n<li data-section-id=\"1jziiiu\" data-start=\"1921\" data-end=\"1931\">\n<p data-start=\"1923\" data-end=\"1931\">EM4200<\/p>\n<\/li>\n<li data-section-id=\"1dhpwfa\" data-start=\"1932\" data-end=\"1945\">\n<p data-start=\"1934\" data-end=\"1945\">MIFARE 1K<\/p>\n<\/li>\n<li data-section-id=\"1llejgs\" data-start=\"1946\" data-end=\"1961\">\n<p data-start=\"1948\" data-end=\"1961\">Kombinasjonstagger<\/p>\n<\/li>\n<li data-section-id=\"1k7zueu\" data-start=\"1962\" data-end=\"1980\">\n<p data-start=\"1964\" data-end=\"1980\">MIFARE DESFire<\/p>\n<\/li>\n<\/ul>\n<p data-start=\"1982\" data-end=\"2060\">Ta kontakt med oss hvis du trenger det <strong data-start=\"2015\" data-end=\"2059\">Tilpassede RFID-brikker for systemet ditt<\/strong>.<\/p>\n<hr data-start=\"2062\" data-end=\"2065\" \/>\n<h2 data-section-id=\"1nma161\" data-start=\"2067\" data-end=\"2084\">Tilgjengelighet<\/h2>\n<p data-start=\"2086\" data-end=\"2248\">Brikken kan leveres i flere farger og chipvarianter.<\/p>\n<p data-start=\"2086\" data-end=\"2248\"><strong data-start=\"2141\" data-end=\"2185\">Hvitt og svart er vanligvis tilgjengelig<\/strong>, mens andre farger og design lages p\u00e5 bestilling.<\/p>\n<p data-start=\"2250\" data-end=\"2337\">Med v\u00e5re lasermaskiner kan vi ogs\u00e5 gravere <strong data-start=\"2293\" data-end=\"2321\">logo og unike tall<\/strong> p\u00e5 foresp\u00f8rsel.<\/p>\n<hr data-start=\"2339\" data-end=\"2342\" \/>\n<h2 data-section-id=\"fbszj2\" data-start=\"2344\" data-end=\"2395\">Fordeler med RFID-taggen MIFARE DESFire \u2013 ABS Plus<\/h2>\n<ul data-start=\"2397\" data-end=\"2683\">\n<li data-section-id=\"1sey2io\" data-start=\"2397\" data-end=\"2439\">\n<p data-start=\"2399\" data-end=\"2439\">MIFARE DESFire-brikke for <strong data-start=\"2423\" data-end=\"2439\">h\u00f8y sikkerhet<\/strong><\/p>\n<\/li>\n<li data-section-id=\"13d4na2\" data-start=\"2440\" data-end=\"2467\">\n<p data-start=\"2442\" data-end=\"2467\"><strong data-start=\"2442\" data-end=\"2467\">Originalbrikke fra NXP<\/strong><\/p>\n<\/li>\n<li data-section-id=\"80xk7\" data-start=\"2468\" data-end=\"2508\">\n<p data-start=\"2470\" data-end=\"2508\">Robust konstruksjon i <strong data-start=\"2492\" data-end=\"2508\">ABS-materiale<\/strong><\/p>\n<\/li>\n<li data-section-id=\"1jtkdom\" data-start=\"2509\" data-end=\"2542\">\n<p data-start=\"2511\" data-end=\"2542\"><strong data-start=\"2511\" data-end=\"2542\">Slank design \u2013 kun 3,9 mm<\/strong><\/p>\n<\/li>\n<li data-section-id=\"1kkzgn0\" data-start=\"2543\" data-end=\"2602\">\n<p data-start=\"2545\" data-end=\"2602\">Mulighet for <strong data-start=\"2560\" data-end=\"2602\">lasergravering av tall eller logoer<\/strong><\/p>\n<\/li>\n<li data-section-id=\"1j6d40y\" data-start=\"2603\" data-end=\"2639\">\n<p data-start=\"2605\" data-end=\"2639\">Flere <strong data-start=\"2611\" data-end=\"2639\">chipvarianter og farger<\/strong><\/p>\n<\/li>\n<li data-section-id=\"d94i3o\" data-start=\"2640\" data-end=\"2683\">\n<p data-start=\"2642\" data-end=\"2683\">Tilpasningsdyktig for <strong data-start=\"2661\" data-end=\"2683\">prosjekter og systemer<\/strong><\/p>\n<\/li>\n<\/ul>","protected":false},"excerpt":{"rendered":"<p>RFID-brikke med MIFARE DESFire-brikke for adgangskontroll og identifikasjon.<\/p>\n<p>Laget av robust ABS-materiale med en tynn profil p\u00e5 3,9 mm.<\/p>\n<p>Passer til systemer som RCO, Aptus og ASSA ARX og kan tilpasses med gravering av tall eller logoer.<\/p>","protected":false},"featured_media":163678,"template":"","meta":{"_acf_changed":false},"product_brand":[],"product_cat":[1337,4789],"product_tag":[2314,3137,3136,2074,4806,4146,2095,2958],"class_list":{"0":"post-163744","1":"product","2":"type-product","3":"status-publish","4":"has-post-thumbnail","6":"product_cat-rfid-tagg-abs-plus","7":"product_cat-desfire-4k-tagg","8":"product_tag-desfire-lop-logo","9":"product_tag-desfire-ev2-4k","10":"product_tag-desfire-taggar-kort","11":"product_tag-ej-lagerfraga","12":"product_tag-fungerar-ej-till-yale","13":"product_tag-nxp","14":"product_tag-rfid-500","15":"product_tag-stonehouse-produkt","16":"product_shipping_class-postnord-varubrev","17":"pa_brands-stonehouse-security","18":"pa_chip-teknik-mifare-desfire","19":"pa_chip-teknik-mifare-desfire-4k-minne","20":"pa_farg-vit","21":"pa_sakerhetssystem-rfid-taggar","22":"tm-has-options","24":"first","25":"instock","26":"sale","27":"featured","28":"taxable","29":"shipping-taxable","30":"purchasable","31":"product-type-simple"},"acf":[],"_links":{"self":[{"href":"https:\/\/secureus.se\/no\/wp-json\/wp\/v2\/product\/163744","targetHints":{"allow":["GET"]}}],"collection":[{"href":"https:\/\/secureus.se\/no\/wp-json\/wp\/v2\/product"}],"about":[{"href":"https:\/\/secureus.se\/no\/wp-json\/wp\/v2\/types\/product"}],"wp:featuredmedia":[{"embeddable":true,"href":"https:\/\/secureus.se\/no\/wp-json\/wp\/v2\/media\/163678"}],"wp:attachment":[{"href":"https:\/\/secureus.se\/no\/wp-json\/wp\/v2\/media?parent=163744"}],"wp:term":[{"taxonomy":"product_brand","embeddable":true,"href":"https:\/\/secureus.se\/no\/wp-json\/wp\/v2\/product_brand?post=163744"},{"taxonomy":"product_cat","embeddable":true,"href":"https:\/\/secureus.se\/no\/wp-json\/wp\/v2\/product_cat?post=163744"},{"taxonomy":"product_tag","embeddable":true,"href":"https:\/\/secureus.se\/no\/wp-json\/wp\/v2\/product_tag?post=163744"}],"curies":[{"name":"wp","href":"https:\/\/api.w.org\/{rel}","templated":true}]}}