{"id":163834,"date":"2026-04-09T15:46:22","date_gmt":"2026-04-09T13:46:22","guid":{"rendered":"https:\/\/secureus.se\/?post_type=product&#038;p=163834"},"modified":"2026-04-09T16:08:59","modified_gmt":"2026-04-09T14:08:59","slug":"securex-connect-pro-kamera-och-larmpaket-villa-stor-svensk-version","status":"publish","type":"product","link":"https:\/\/secureus.se\/no\/securex-connect-pro-kamera-och-larmpaket-villa-stor-svensk-version\/","title":{"rendered":"SecureX Connect Pro Kamera- og alarmpakke Villa Stor \u2013 svensk versjon"},"content":{"rendered":"<h2>SecureX Connect Pro Kamera- og alarmpakke Villa Stor \u2013 svensk versjon<\/h2>\n<p>Alarm uten abonnement med 3 \u00e5rs garanti og full support via Swedish Stonehouse Security AB.<strong> ekstra lav pris!<\/strong><\/p>\n<p>SecureX Connect Pro er hjertet i SecureX-systemet \u2013 en kraftig alarmsentral med <strong>7-tommers ber\u00f8ringsskjerm<\/strong> som samler alle SecureX-enheter i ett system.<\/p>\n<p>Med den enkle oppstartsmenyen kan alle konfigurere alarmen p\u00e5 omtrent 30 minutter, menyen viser p\u00e5 svensk hvordan man gj\u00f8r det, <span style=\"text-decoration: underline;\"><strong>Menyen f\u00f8lger alltid spr\u00e5ket du har valgt<\/strong><\/span> \u00e5 ha som standard.<\/p>\n<p>Ved alarm vil sirener starte, og du vil motta alarmen p\u00e5 mobiltelefonen din via appen. Hvis du har valgt og konfigurert et 4G SIM-kort, vil en SMS og en talemelding bli sendt til telefonen din.<\/p>\n<p>Stemmen annonserer p\u00e5 ditt spr\u00e5k hvilken seksjon som er utl\u00f8st, og du kan ogs\u00e5 lytte til hva som skjer i eiendommen din. Hvis du f.eks. har en stille SOS-alarm, kan personen snakke med deg, og du kan snakke og kommunisere med dem via hubens innebygde mikrofon.<\/p>\n<p>SecureX-alarmen <strong>panel (med display og ren tekst), talemeldinger og Stonehouse Smart-app<\/strong> tilgjengelig p\u00e5:<\/p>\n<p><em><strong><span style=\"text-decoration: underline;\">Svensk, engelsk, tysk, finsk, fransk, nederlandsk, polsk, spansk, norsk og dansk.<\/span><\/strong><\/em><\/p>\n<hr \/>\n<ul>\n<li>7-tommers ber\u00f8ringsskjerm med lang rekkevidde\/LoRa<\/li>\n<li>Opptil <strong>200 tr\u00e5dl\u00f8se enheter<\/strong><\/li>\n<li><strong>Wi-Fi, 2G og 4G<\/strong> for tilkobling<\/li>\n<li>Innebygd sirene (opptil 120 dB) + <strong>reservebatteri 5000 mAh<\/strong><\/li>\n<li>Fjernkontroll og varsler via app<\/li>\n<li>Enkel \u00e5 utvide om n\u00f8dvendig<\/li>\n<\/ul>\n<hr \/>\n<h3>Funksjoner og fordeler<\/h3>\n<ul>\n<li><strong>7-tommers IPS-ber\u00f8ringsskjerm (1024\u00d7600)<\/strong> \u2013 tydelig og enkel \u00e5 bruke<\/li>\n<li>Innebygde protokoller: <strong>433 MHz (EV1527)<\/strong> og <strong>868 MHz<\/strong> med SecureX-kryptering<\/li>\n<li><strong>Lang rekkevidde<\/strong> \u2013 opptil ca. <strong>500 meter<\/strong> rekkevidde (siktlinje)<\/li>\n<li>Hybridst\u00f8tte: <strong>200 tr\u00e5dl\u00f8se enheter + 8 kablede soner<\/strong><\/li>\n<li>Innebygd sirene + <strong>sabotasjealarm<\/strong><\/li>\n<li><strong>Backup-batteri 5000 mAh<\/strong> \u2013 drift selv ved str\u00f8mbrudd<\/li>\n<li>Toveiskommunikasjon og flere n\u00f8dnumre<\/li>\n<li><strong>Gratis OTA-oppdateringer<\/strong> via Stonehouse Smart-appen<\/li>\n<li><strong>10 spr\u00e5k + taleinformasjon:<\/strong> Svensk, norsk, dansk, finsk, engelsk, tysk, polsk, fransk, spansk, nederlandsk<\/li>\n<li>Enkel installasjon via <strong>USB-C eller 12V<\/strong><\/li>\n<\/ul>\n<hr \/>\n<h3>App- og smarte integrasjoner<\/h3>\n<ul>\n<li>Full kontroll via <strong>Stonehouse Smart-appen<\/strong><\/li>\n<li><strong>Tuya og Smart Life<\/strong> st\u00f8ttet (via hub)<\/li>\n<li>Mulighet for \u00e5 opprette scener\/automatiseringer (f.eks. belysning ved alarm)<\/li>\n<li>St\u00f8tte for <strong>Google-assistent<\/strong><\/li>\n<\/ul>\n<hr \/>\n<h3>Sertifiseringer og kvalitet<\/h3>\n<ul>\n<li>CE<\/li>\n<li>RoHS<\/li>\n<li>\u00c5 N\u00c5<\/li>\n<li>FCC-ID (H700)<\/li>\n<li>Storbritannia (H700)<\/li>\n<li>ERP \u2013 energieffektiv design<\/li>\n<\/ul>\n<hr \/>\n<h3>Dette er inkludert i SecureX Connect Pro Villa Kit<\/h3>\n<ul>\n<li><strong>1 stk<\/strong> SecureX Connect Pro-panel \u2013 7\u201d LoRa-panel med ber\u00f8ringsskjerm<\/li>\n<li><strong>2 stk<\/strong> SecureX QuickControl fjernkontroller<\/li>\n<li><strong>4 stk<\/strong> SecureX MotionEye Pro \u2013 PIR-bevegelsesdetektor<\/li>\n<li><strong>4 stk<\/strong> SecureX DoorSense Pro \u2013 magnetisk kontakt for d\u00f8r\/vindu<\/li>\n<li><strong>3 stk<\/strong> SecureX SmokeGuard \u2013 Sammenkoblet r\u00f8ykdetektor med 10 \u00e5rs levetid<\/li>\n<li><strong>2 stk<\/strong> SecureX Vision 5MP BC9 \u00d6vervakningskamera Solcell<\/li>\n<li><strong>3 stk<\/strong> Selvklebende alarmklistremerker i aluminium i st\u00f8rrelse (A8) 52x74 mm<\/li>\n<li>Panelbrakett for montering<\/li>\n<li>Skruer og plugger for panelmontering<\/li>\n<\/ul>\n<p>&nbsp;<\/p>","protected":false},"excerpt":{"rendered":"<div class=\"flex flex-col text-sm pb-25\">\n<section class=\"text-token-text-primary w-full focus:outline-none [--shadow-height:45px] has-data-writing-block:pointer-events-none has-data-writing-block:-mt-(--shadow-height) has-data-writing-block:pt-(--shadow-height) [&amp;:has([data-writing-block])&gt;*]:pointer-events-auto scroll-mt-[calc(var(--header-height)+min(200px,max(70px,20svh)))]\" dir=\"auto\" data-turn-id=\"request-WEB:49b43856-904b-4adc-a395-8f9ed8638279-13\" data-testid=\"conversation-turn-28\" data-scroll-anchor=\"true\" data-turn=\"assistant\">\n<div class=\"text-base my-auto mx-auto pb-10 [--thread-content-margin:var(--thread-content-margin-xs,calc(var(--spacing)*4))] @w-sm\/main:[--thread-content-margin:var(--thread-content-margin-sm,calc(var(--spacing)*6))] @w-lg\/main:[--thread-content-margin:var(--thread-content-margin-lg,calc(var(--spacing)*16))] px-(--thread-content-margin)\">\n<div class=\"[--thread-content-max-width:40rem] @w-lg\/main:[--thread-content-max-width:48rem] mx-auto max-w-(--thread-content-max-width) flex-1 group\/turn-messages focus-visible:outline-hidden relative flex w-full min-w-0 flex-col agent-turn\">\n<div class=\"flex max-w-full flex-col gap-4 grow\">\n<div class=\"min-h-8 text-message relative flex w-full flex-col items-end gap-2 text-start break-words whitespace-normal outline-none keyboard-focused:focus-ring [.text-message+&amp;]:mt-1\" dir=\"auto\" tabindex=\"0\" data-message-author-role=\"assistant\" data-message-id=\"1d784d06-f863-40b2-9537-d62fccac1cf5\" data-message-model-slug=\"gpt-5-4-thinking\" data-turn-start-message=\"true\">\n<div class=\"flex w-full flex-col gap-1 empty:hidden\">\n<div class=\"markdown prose dark:prose-invert w-full wrap-break-word light markdown-new-styling\">\n<p data-start=\"69\" data-end=\"187\"><strong data-start=\"69\" data-end=\"102\">SecureX Connect Pro Villa paket stor<\/strong>\u00a0\u00e4r ett komplett och ut\u00f6kat larmpaket f\u00f6r villa med skydd mot b\u00e5de inbrott och brand.<\/p>\n<\/div>\n<\/div>\n<\/div>\n<\/div>\n<div class=\"z-0 flex min-h-[46px] justify-start\">\n<p data-start=\"734\" data-end=\"904\">Den <strong data-start=\"738\" data-end=\"762\">enkla uppstartsmenyn<\/strong> guidar dig steg f\u00f6r steg vid installationen, vilket g\u00f6r systemet smidigt att komma ig\u00e5ng med \u00e4ven f\u00f6r dig som inte installerat larm tidigare.<\/p>\n<p data-start=\"1073\" data-end=\"1209\"><strong data-start=\"1073\" data-end=\"1116\">Panel, app och r\u00f6stmeddelanden finns p\u00e5<\/strong> svenska, engelska, tyska, finska, franska, nederl\u00e4ndska, polska, spanska, norska och danska.<\/p>\n<p data-start=\"1211\" data-end=\"1276\"><strong data-start=\"1211\" data-end=\"1230\">Certifieringar:<\/strong> CE, RoHS, REACH, FCC ID (H700), UKCA och ERP.<\/p>\n<p data-start=\"1278\" data-end=\"1394\" data-is-last-node=\"\" data-is-only-node=\"\">Larmet \u00e4r <strong data-start=\"1288\" data-end=\"1307\">utan abonnemang<\/strong>, levereras med <strong data-start=\"1323\" data-end=\"1340\">3 \u00e5rs garanti<\/strong> och support.<\/p>\n<\/div>\n<div class=\"mt-3 w-full empty:hidden\">\n<div class=\"text-center\"><\/div>\n<\/div>\n<\/div>\n<\/div>\n<\/section>\n<\/div>\n<div class=\"pointer-events-none h-px w-px absolute bottom-0\" aria-hidden=\"true\" data-edge=\"true\"><\/div>\n","protected":false},"featured_media":164318,"template":"","meta":{"_acf_changed":false},"product_brand":[],"product_cat":[5060,5059],"product_tag":[],"class_list":{"0":"post-163834","1":"product","2":"type-product","3":"status-publish","4":"has-post-thumbnail","6":"product_cat-securex-kit-hub","7":"product_cat-smart-larm-securex","8":"pa_brands-securex-connect-pro","9":"pa_brands-stonehouse-smart","10":"tm-no-options","12":"first","13":"instock","14":"sale","15":"taxable","16":"shipping-taxable","17":"purchasable","18":"product-type-woosb"},"acf":[],"_links":{"self":[{"href":"https:\/\/secureus.se\/no\/wp-json\/wp\/v2\/product\/163834","targetHints":{"allow":["GET"]}}],"collection":[{"href":"https:\/\/secureus.se\/no\/wp-json\/wp\/v2\/product"}],"about":[{"href":"https:\/\/secureus.se\/no\/wp-json\/wp\/v2\/types\/product"}],"wp:featuredmedia":[{"embeddable":true,"href":"https:\/\/secureus.se\/no\/wp-json\/wp\/v2\/media\/164318"}],"wp:attachment":[{"href":"https:\/\/secureus.se\/no\/wp-json\/wp\/v2\/media?parent=163834"}],"wp:term":[{"taxonomy":"product_brand","embeddable":true,"href":"https:\/\/secureus.se\/no\/wp-json\/wp\/v2\/product_brand?post=163834"},{"taxonomy":"product_cat","embeddable":true,"href":"https:\/\/secureus.se\/no\/wp-json\/wp\/v2\/product_cat?post=163834"},{"taxonomy":"product_tag","embeddable":true,"href":"https:\/\/secureus.se\/no\/wp-json\/wp\/v2\/product_tag?post=163834"}],"curies":[{"name":"wp","href":"https:\/\/api.w.org\/{rel}","templated":true}]}}