{"id":164184,"date":"2026-04-07T17:21:40","date_gmt":"2026-04-07T15:21:40","guid":{"rendered":"https:\/\/secureus.se\/?post_type=product&#038;p=164184"},"modified":"2026-04-08T16:08:37","modified_gmt":"2026-04-08T14:08:37","slug":"fargo-hdp6600-8500-rengoringskit-komplett-kit-med-rengoringspinnar-kort-pads-och-alkoholrengoring","status":"publish","type":"product","link":"https:\/\/secureus.se\/no\/fargo-hdp6600-8500-rengoringskit-komplett-kit-med-rengoringspinnar-kort-pads-och-alkoholrengoring\/","title":{"rendered":"Fargo HDP6600 \/ 8500 Rengj\u00f8ringssett \u2013 Komplett sett med rengj\u00f8ringspinner, kort, pads og alkoholservietter"},"content":{"rendered":"<p>Fargo 88933-rengj\u00f8ringssettet inneholder fire rengj\u00f8ringspinner for skrivehodet, ti rengj\u00f8ringskort, ti rengj\u00f8ringsputer og tre alkoholrengj\u00f8ringskort. Alle disse elementene brukes sammen for \u00e5 holde Fargo HDP8500 ren, noe som bidrar til \u00e5 produsere kort av h\u00f8y kvalitet konsekvent.<\/p>\n<ul>\n<li>4x rengj\u00f8ringspinner for skrivehoder<\/li>\n<li>10x rensekort<\/li>\n<li>10x rengj\u00f8ringsputer<\/li>\n<li>3x alkoholrengj\u00f8ring<\/li>\n<li>Laget for bruk med Fargo HDP8500 og HDP6600<\/li>\n<li>Opptil ett \u00e5rs holdbarhet ved lagring under riktige forhold<\/li>\n<li>Produsentens delenummer: 88933<\/li>\n<\/ul>\n<p>\u00a0<\/p>\n<p>\n <strong><br \/>\n Produktvekt:<br \/>\n 0,30 kg<br \/>\n <\/strong>\n <\/p>","protected":false},"excerpt":{"rendered":"<p>The Fargo 88933 cleaning kit includes; four print head cleaning swabs, ten cleaning cards, ten cleaning pads, and three alcohol cleaning cards. All of these elements used together help to<\/p>","protected":false},"featured_media":164183,"template":"","meta":{"_acf_changed":false},"product_brand":[],"product_cat":[4807],"product_tag":[],"class_list":{"0":"post-164184","1":"product","2":"type-product","3":"status-publish","4":"has-post-thumbnail","6":"product_cat-rengoringskit","7":"product_shipping_class-postnord-varubrev","8":"pa_brands-fargo","9":"tm-no-options","11":"first","12":"instock","13":"taxable","14":"shipping-taxable","15":"purchasable","16":"product-type-simple"},"acf":[],"_links":{"self":[{"href":"https:\/\/secureus.se\/no\/wp-json\/wp\/v2\/product\/164184","targetHints":{"allow":["GET"]}}],"collection":[{"href":"https:\/\/secureus.se\/no\/wp-json\/wp\/v2\/product"}],"about":[{"href":"https:\/\/secureus.se\/no\/wp-json\/wp\/v2\/types\/product"}],"wp:featuredmedia":[{"embeddable":true,"href":"https:\/\/secureus.se\/no\/wp-json\/wp\/v2\/media\/164183"}],"wp:attachment":[{"href":"https:\/\/secureus.se\/no\/wp-json\/wp\/v2\/media?parent=164184"}],"wp:term":[{"taxonomy":"product_brand","embeddable":true,"href":"https:\/\/secureus.se\/no\/wp-json\/wp\/v2\/product_brand?post=164184"},{"taxonomy":"product_cat","embeddable":true,"href":"https:\/\/secureus.se\/no\/wp-json\/wp\/v2\/product_cat?post=164184"},{"taxonomy":"product_tag","embeddable":true,"href":"https:\/\/secureus.se\/no\/wp-json\/wp\/v2\/product_tag?post=164184"}],"curies":[{"name":"wp","href":"https:\/\/api.w.org\/{rel}","templated":true}]}}