{"id":164191,"date":"2026-04-07T17:21:40","date_gmt":"2026-04-07T15:21:40","guid":{"rendered":"https:\/\/secureus.se\/?post_type=product&#038;p=164191"},"modified":"2026-04-23T12:31:00","modified_gmt":"2026-04-23T10:31:00","slug":"magicard-pronto100-e9100-rengoringskit-10-kort-1-rengoringspenna","status":"publish","type":"product","link":"https:\/\/secureus.se\/no\/magicard-pronto100-e9100-rengoringskit-10-kort-1-rengoringspenna\/","title":{"rendered":"Magicard Pronto100 E9100 Rengj\u00f8ringssett \u2013 10 kort + 1 rengj\u00f8ringspenn"},"content":{"rendered":"<p>Magicard E91000 er det offisielle rengj\u00f8ringssettet for Pronto100 og det eneste anbefalte produktet for denne skriveren. Det inneholder 10 rengj\u00f8ringskort, hvorav ett skal brukes etter hvert b\u00e5ndskift. En rengj\u00f8ringspenn er ogs\u00e5 inkludert for \u00e5 fjerne st\u00f8v og rusk fra innsiden av skriveren, slik at optimal utskriftskvalitet opprettholdes.<\/p>\n<ul>\n<li>10 rengj\u00f8ringskort og \u00e9n rengj\u00f8ringspenn<\/li>\n<li>Ekte Magicard-produkt<\/li>\n<li>Kun kompatibelt sett for Pronto100<\/li>\n<\/ul>\n<p>\n <strong><br \/>\n Produktvekt:<br \/>\n 0,10 kg<br \/>\n <\/strong>\n <\/p>","protected":false},"excerpt":{"rendered":"<p>The Magicard E91000 is the official cleaning kit for the Pronto100 and the only recommended product for this printer. It includes 10 cleaning cards, with one to be used after<\/p>","protected":false},"featured_media":164190,"template":"","meta":{"_acf_changed":false},"product_brand":[],"product_cat":[4807],"product_tag":[],"class_list":{"0":"post-164191","1":"product","2":"type-product","3":"status-publish","4":"has-post-thumbnail","6":"product_cat-rengoringskit","7":"product_shipping_class-postnord-varubrev","8":"pa_brands-magicard","9":"tm-no-options","11":"first","12":"instock","13":"taxable","14":"shipping-taxable","15":"purchasable","16":"product-type-simple"},"acf":[],"_links":{"self":[{"href":"https:\/\/secureus.se\/no\/wp-json\/wp\/v2\/product\/164191","targetHints":{"allow":["GET"]}}],"collection":[{"href":"https:\/\/secureus.se\/no\/wp-json\/wp\/v2\/product"}],"about":[{"href":"https:\/\/secureus.se\/no\/wp-json\/wp\/v2\/types\/product"}],"wp:featuredmedia":[{"embeddable":true,"href":"https:\/\/secureus.se\/no\/wp-json\/wp\/v2\/media\/164190"}],"wp:attachment":[{"href":"https:\/\/secureus.se\/no\/wp-json\/wp\/v2\/media?parent=164191"}],"wp:term":[{"taxonomy":"product_brand","embeddable":true,"href":"https:\/\/secureus.se\/no\/wp-json\/wp\/v2\/product_brand?post=164191"},{"taxonomy":"product_cat","embeddable":true,"href":"https:\/\/secureus.se\/no\/wp-json\/wp\/v2\/product_cat?post=164191"},{"taxonomy":"product_tag","embeddable":true,"href":"https:\/\/secureus.se\/no\/wp-json\/wp\/v2\/product_tag?post=164191"}],"curies":[{"name":"wp","href":"https:\/\/api.w.org\/{rel}","templated":true}]}}