{"id":164269,"date":"2026-04-08T16:17:13","date_gmt":"2026-04-08T14:17:13","guid":{"rendered":"https:\/\/secureus.se\/magicard-300-duo-id-kortsskrivare-med-elatec-smartkortkodning-dubbelsidig\/"},"modified":"2026-04-23T12:28:42","modified_gmt":"2026-04-23T10:28:42","slug":"magicard-300-duo-id-kortsskrivare-med-elatec-smartkortkodning-dubbelsidig","status":"publish","type":"product","link":"https:\/\/secureus.se\/no\/magicard-300-duo-id-kortsskrivare-med-elatec-smartkortkodning-dubbelsidig\/","title":{"rendered":"Magicard 300 DUO ID-kortskriver med Elatec smartkortkoding \u2013 tosidig"},"content":{"rendered":"<h3 data-section-id=\"1eqca0g\" data-start=\"794\" data-end=\"856\">Magicard 300 DUO \u2013 ID-kortskriver med smartkortkoder (Elatec)<\/h3>\n<p data-start=\"858\" data-end=\"1152\">Magicard 300 DUO (P-MAG-3300-0023) er en brukervennlig og kostnadseffektiv ID-kortskriver med innebygd smartkortkoding via Elatec. Den er ideell for bedrifter, skoler og organisasjoner som \u00f8nsker \u00e5 produsere moderne ID-kort med RFID- eller chipfunksjonalitet for adgangskontrollsystemer og andre applikasjoner.<\/p>\n<p data-start=\"1154\" data-end=\"1341\">Denne modellen kombinerer brukervennlighet med st\u00f8tte for avanserte kortl\u00f8sninger, noe som gj\u00f8r den til et perfekt steg opp fra enklere skrivere uten \u00e5 g\u00e5 helt opp til bedriftsniv\u00e5.<\/p>\n<hr data-start=\"1343\" data-end=\"1346\" \/>\n<h3 data-section-id=\"7rvy8a\" data-start=\"1348\" data-end=\"1387\">Smartkortkoding for moderne systemer<\/h3>\n<p data-start=\"1389\" data-end=\"1465\">Med st\u00f8tte for flere smartkortteknologier kan du lage funksjonelle kort for:<\/p>\n<ul data-start=\"1467\" data-end=\"1588\">\n<li data-section-id=\"1hskxmw\" data-start=\"1467\" data-end=\"1502\">Adgangskontroll og adgangskontrollsystemer<\/li>\n<li data-section-id=\"59wxmx\" data-start=\"1503\" data-end=\"1535\">Firma-ID med tillatelser<\/li>\n<li data-section-id=\"tiy3qr\" data-start=\"1536\" data-end=\"1563\">Student- og campuskort<\/li>\n<li data-section-id=\"1wdrb5w\" data-start=\"1564\" data-end=\"1588\">Medlemskort med RFID<\/li>\n<\/ul>\n<p data-start=\"1590\" data-end=\"1615\">St\u00f8tte for teknologier som:<\/p>\n<ul data-start=\"1617\" data-end=\"1694\">\n<li data-section-id=\"o133mk\" data-start=\"1617\" data-end=\"1627\">MIFARE<\/li>\n<li data-section-id=\"1hjdjxe\" data-start=\"1628\" data-end=\"1639\">DESFire<\/li>\n<li data-section-id=\"1bfu70v\" data-start=\"1640\" data-end=\"1650\">iKlasse<\/li>\n<li data-section-id=\"y8o3k6\" data-start=\"1651\" data-end=\"1694\">Kontaktbrikke (avhengig av konfigurasjon)<\/li>\n<\/ul>\n<p data-start=\"1696\" data-end=\"1777\">Gir en fremtidssikker l\u00f8sning for organisasjoner som jobber med kontaktl\u00f8se kort.<\/p>\n<hr data-start=\"1779\" data-end=\"1782\" \/>\n<h3 data-section-id=\"vxhmmy\" data-start=\"1784\" data-end=\"1819\">Profesjonell utskriftskvalitet<\/h3>\n<p data-start=\"1821\" data-end=\"1883\">Magicard 300 leverer utskrifter med 300 x 300 dpi, og gir:<\/p>\n<ul data-start=\"1885\" data-end=\"1953\">\n<li data-section-id=\"phpm8s\" data-start=\"1885\" data-end=\"1908\">Tydelige fotografier<\/li>\n<li data-section-id=\"w9cw7n\" data-start=\"1909\" data-end=\"1929\">Skarpe logoer<\/li>\n<li data-section-id=\"1u9ihby\" data-start=\"1930\" data-end=\"1953\">God fargegjengivelse<\/li>\n<\/ul>\n<p data-start=\"1955\" data-end=\"2059\">Perfekt for daglig kortproduksjon med et profesjonelt resultat.<\/p>\n<hr data-start=\"2061\" data-end=\"2064\" \/>\n<h3 data-section-id=\"jeuuy4\" data-start=\"2066\" data-end=\"2107\">Dobbeltsidig utskrift for mer funksjonalitet<\/h3>\n<p data-start=\"2109\" data-end=\"2178\">Med automatisk dobbeltsidig utskrift kan du bruke hele kortoverflaten:<\/p>\n<ul data-start=\"2180\" data-end=\"2265\">\n<li data-section-id=\"hm56il\" data-start=\"2180\" data-end=\"2212\">Forside: foto og identitet<\/li>\n<li data-section-id=\"1fe1qeg\" data-start=\"2213\" data-end=\"2265\">Tilbake: regler, koding eller ekstra informasjon<\/li>\n<\/ul>\n<p data-start=\"2267\" data-end=\"2305\">Gir mer funksjonelle kort i praksis.<\/p>\n<hr data-start=\"2307\" data-end=\"2310\" \/>\n<h3 data-section-id=\"rnqd60\" data-start=\"2312\" data-end=\"2346\">Effektiv produksjon i hverdagen<\/h3>\n<p data-start=\"2348\" data-end=\"2387\">Magicard 300 er bygget for stabil drift:<\/p>\n<ul data-start=\"2389\" data-end=\"2498\">\n<li data-section-id=\"78jwjh\" data-start=\"2389\" data-end=\"2424\">Opptil 160 fargekort per time<\/li>\n<li data-section-id=\"1t4kpyp\" data-start=\"2425\" data-end=\"2466\">Opptil 720 svart-hvitt-kort per time<\/li>\n<li data-section-id=\"1n6agks\" data-start=\"2467\" data-end=\"2498\">Omtrent 23 sekunder per fargekort<\/li>\n<\/ul>\n<p data-start=\"2500\" data-end=\"2595\">Perfekt for bedrifter med kontinuerlig kortproduksjon.<\/p>\n<hr data-start=\"2597\" data-end=\"2600\" \/>\n<h3 data-section-id=\"6vgjf0\" data-start=\"2602\" data-end=\"2622\">Innebygd sikkerhet<\/h3>\n<ul data-start=\"2624\" data-end=\"2754\">\n<li data-section-id=\"1hgdx4n\" data-start=\"2624\" data-end=\"2674\"><strong data-start=\"2626\" data-end=\"2653\">HoloKote\u00ae vannmerke<\/strong> for visuell beskyttelse<\/li>\n<li data-section-id=\"9zrpbc\" data-start=\"2675\" data-end=\"2700\">Tilpassbart design<\/li>\n<li data-section-id=\"16g0s5p\" data-start=\"2701\" data-end=\"2754\"><strong data-start=\"2703\" data-end=\"2724\">Digital makulering<\/strong> sletter data etter utskrift<\/li>\n<\/ul>\n<p data-start=\"2756\" data-end=\"2847\">Gir b\u00e5de sikrere kort og bedre beskyttelse av personopplysninger.<\/p>\n<hr data-start=\"2849\" data-end=\"2852\" \/>\n<h3 data-section-id=\"l8c361\" data-start=\"2854\" data-end=\"2892\">Enkel installasjon og integrasjon<\/h3>\n<ul data-start=\"2894\" data-end=\"2974\">\n<li data-section-id=\"142d0jd\" data-start=\"2894\" data-end=\"2914\">USB og Ethernet<\/li>\n<li data-section-id=\"14vqazo\" data-start=\"2915\" data-end=\"2930\">Plugg og spill<\/li>\n<li data-section-id=\"1be31mw\" data-start=\"2931\" data-end=\"2974\">Enkel \u00e5 integrere i eksisterende systemer<\/li>\n<\/ul>\n<p data-start=\"2976\" data-end=\"3022\">Passer for organisasjoner uten et avansert IT-milj\u00f8.<\/p>\n<hr data-start=\"3024\" data-end=\"3027\" \/>\n<h3 data-section-id=\"16h16n3\" data-start=\"3029\" data-end=\"3068\">Stabil og kostnadseffektiv l\u00f8sning<\/h3>\n<p data-start=\"3070\" data-end=\"3118\">Magicard 300 er bygget for langvarig bruk:<\/p>\n<ul data-start=\"3120\" data-end=\"3200\">\n<li data-section-id=\"j96c48\" data-start=\"3120\" data-end=\"3143\">Robust konstruksjon<\/li>\n<li data-section-id=\"1itc5tk\" data-start=\"3144\" data-end=\"3179\">Effektiv bruk av b\u00e5nd<\/li>\n<li data-section-id=\"1j0twub\" data-start=\"3180\" data-end=\"3200\">Lave driftskostnader<\/li>\n<\/ul>\n<p data-start=\"3202\" data-end=\"3303\">Skriveren optimaliserer ogs\u00e5 utskriften for \u00e5 minimere avfall.<\/p>\n<hr data-start=\"3305\" data-end=\"3308\" \/>\n<h3 data-section-id=\"iwf276\" data-start=\"3310\" data-end=\"3334\">Garanti og sikkerhet<\/h3>\n<ul data-start=\"3336\" data-end=\"3403\">\n<li data-section-id=\"l98imx\" data-start=\"3336\" data-end=\"3353\">3 \u00e5rs garanti<\/li>\n<li data-section-id=\"qgpyvg\" data-start=\"3354\" data-end=\"3372\">Global st\u00f8tte<\/li>\n<li data-section-id=\"n39f82\" data-start=\"3373\" data-end=\"3403\">Mulighet for forlengelse<\/li>\n<\/ul>\n<p data-start=\"3405\" data-end=\"3510\">Gjelder ved bruk av originale forbruksvarer og riktig vedlikehold.<\/p>\n<hr data-start=\"3512\" data-end=\"3515\" \/>\n<h3 data-section-id=\"12w8785\" data-start=\"3517\" data-end=\"3562\">Tekniske spesifikasjoner (sammendrag)<\/h3>\n<ul data-start=\"3564\" data-end=\"3866\">\n<li data-section-id=\"sei0c3\" data-start=\"3564\" data-end=\"3598\">Modell: Magicard 300 DUO Smart<\/li>\n<li data-section-id=\"1qqrznp\" data-start=\"3599\" data-end=\"3633\">Artikkelnummer: P-MAG-3300-0023<\/li>\n<li data-section-id=\"1vn1bje\" data-start=\"3634\" data-end=\"3659\">Utskrift: Dobbeltsidig<\/li>\n<li data-section-id=\"1nsuhxh\" data-start=\"3660\" data-end=\"3689\">Oppl\u00f8sning: 300 x 300 dpi<\/li>\n<li data-section-id=\"1c6m1mp\" data-start=\"3690\" data-end=\"3728\">Hastighet: opptil 160 kort\/time<\/li>\n<li data-section-id=\"zw1en0\" data-start=\"3729\" data-end=\"3760\">Koding: Smartkort (Elatec)<\/li>\n<li data-section-id=\"6qlhy1\" data-start=\"3761\" data-end=\"3790\">Kapasitet: 100 inn \/ 70 ut<\/li>\n<li data-section-id=\"1fr1ygq\" data-start=\"3791\" data-end=\"3818\">Kortformat: CR80 \/ CR79<\/li>\n<li data-section-id=\"794tec\" data-start=\"3819\" data-end=\"3848\">Tilkobling: USB, Ethernet<\/li>\n<li data-section-id=\"qnevs9\" data-start=\"3849\" data-end=\"3866\">Vekt: ca. 5 kg<\/li>\n<\/ul>\n<hr data-start=\"3868\" data-end=\"3871\" \/>\n<h3 data-section-id=\"11hcs70\" data-start=\"3873\" data-end=\"3897\">Viktig \u00e5 vurdere<\/h3>\n<ul data-start=\"3899\" data-end=\"4000\">\n<li data-section-id=\"ddg5am\" data-start=\"3899\" data-end=\"3920\">B\u00e5nd ikke inkludert<\/li>\n<li data-section-id=\"ul3fqp\" data-start=\"3921\" data-end=\"3968\">Originale Magicard-forbruksvarer anbefales<\/li>\n<li data-section-id=\"1wxbumd\" data-start=\"3969\" data-end=\"4000\">Regelmessig rengj\u00f8ring kreves<\/li>\n<\/ul>\n<hr data-start=\"4002\" data-end=\"4005\" \/>\n<h3 data-section-id=\"ethgyn\" data-start=\"4007\" data-end=\"4022\">Perfekt for<\/h3>\n<ul data-start=\"4024\" data-end=\"4183\">\n<li data-section-id=\"1htqaue\" data-start=\"4024\" data-end=\"4057\">Bedrifter med RFID-adgangskontrollsystemer<\/li>\n<li data-section-id=\"ei9hza\" data-start=\"4058\" data-end=\"4084\">Skoler og universiteter<\/li>\n<li data-section-id=\"nm32nw\" data-start=\"4085\" data-end=\"4112\">Medlemskap og adgangskort<\/li>\n<li data-section-id=\"248698\" data-start=\"4113\" data-end=\"4153\">Organisasjoner som bruker smartkort<\/li>\n<li data-section-id=\"ox6rg2\" data-start=\"4154\" data-end=\"4183\">Daglig ID-kortproduksjon<\/li>\n<\/ul>\n<hr data-start=\"4185\" data-end=\"4188\" \/>\n<h2 data-section-id=\"1nhgcqf\" data-start=\"4190\" data-end=\"4216\"><span role=\"text\"><strong data-start=\"4193\" data-end=\"4216\">Rask posisjonering<\/strong><\/span><\/h2>\n<p data-start=\"4218\" data-end=\"4253\">Dette er den rette modellen for deg som:<\/p>\n<ul data-start=\"4254\" data-end=\"4380\">\n<li data-section-id=\"15hkcbh\" data-start=\"4254\" data-end=\"4286\">behov <strong data-start=\"4264\" data-end=\"4284\">smartkort \/ RFID<\/strong><\/li>\n<li data-section-id=\"mzm5zp\" data-start=\"4287\" data-end=\"4333\">vil ha en <strong data-start=\"4300\" data-end=\"4331\">rimelig og moderne l\u00f8sning<\/strong><\/li>\n<li data-section-id=\"njjjun\" data-start=\"4334\" data-end=\"4380\">leter etter en <strong data-start=\"4345\" data-end=\"4380\">enkel skriver for daglig bruk<\/strong><\/li>\n<\/ul>","protected":false},"excerpt":{"rendered":"<p data-start=\"331\" data-end=\"552\">Magicard 300 DUO med Elatec smartkortkoding er en fleksibel og sikker ID-kortskriver for organisasjoner som jobber med RFID- og chipkort. Perfekt for adgangskontrollsystemer, skoler og bedrifter som trenger moderne kortl\u00f8sninger.<\/p>\n<ul data-start=\"554\" data-end=\"762\">\n<li data-section-id=\"1uls68x\" data-start=\"554\" data-end=\"587\">Dobbeltsidig utskrift (dupleks)<\/li>\n<li data-section-id=\"1qzgasc\" data-start=\"588\" data-end=\"633\">Smartkortkoding via Elatec (RFID \/ chip)<\/li>\n<li data-section-id=\"vguep3\" data-start=\"634\" data-end=\"668\">300 x 300 dpi for gjennomsiktige kort<\/li>\n<li data-section-id=\"78jwjh\" data-start=\"669\" data-end=\"704\">Opptil 160 fargekort per time<\/li>\n<li data-section-id=\"sg0mgt\" data-start=\"705\" data-end=\"741\">HoloKote\u00ae sikkerhetsvannmerke<\/li>\n<li data-section-id=\"142d0jd\" data-start=\"742\" data-end=\"762\">USB og Ethernet<\/li>\n<\/ul>","protected":false},"featured_media":164263,"template":"","meta":{"_acf_changed":false},"product_brand":[],"product_cat":[3208],"product_tag":[],"class_list":{"0":"post-164269","1":"product","2":"type-product","3":"status-publish","4":"has-post-thumbnail","6":"product_cat-magicard","7":"product_shipping_class-tunga-paket","8":"pa_brands-magicard","9":"tm-no-options","11":"first","12":"instock","13":"sale","14":"taxable","15":"shipping-taxable","16":"purchasable","17":"product-type-simple"},"acf":[],"_links":{"self":[{"href":"https:\/\/secureus.se\/no\/wp-json\/wp\/v2\/product\/164269","targetHints":{"allow":["GET"]}}],"collection":[{"href":"https:\/\/secureus.se\/no\/wp-json\/wp\/v2\/product"}],"about":[{"href":"https:\/\/secureus.se\/no\/wp-json\/wp\/v2\/types\/product"}],"wp:featuredmedia":[{"embeddable":true,"href":"https:\/\/secureus.se\/no\/wp-json\/wp\/v2\/media\/164263"}],"wp:attachment":[{"href":"https:\/\/secureus.se\/no\/wp-json\/wp\/v2\/media?parent=164269"}],"wp:term":[{"taxonomy":"product_brand","embeddable":true,"href":"https:\/\/secureus.se\/no\/wp-json\/wp\/v2\/product_brand?post=164269"},{"taxonomy":"product_cat","embeddable":true,"href":"https:\/\/secureus.se\/no\/wp-json\/wp\/v2\/product_cat?post=164269"},{"taxonomy":"product_tag","embeddable":true,"href":"https:\/\/secureus.se\/no\/wp-json\/wp\/v2\/product_tag?post=164269"}],"curies":[{"name":"wp","href":"https:\/\/api.w.org\/{rel}","templated":true}]}}