{"id":164536,"date":"2026-04-16T13:54:00","date_gmt":"2026-04-16T11:54:00","guid":{"rendered":"https:\/\/secureus.se\/?post_type=product&#038;p=164536"},"modified":"2026-04-23T10:16:54","modified_gmt":"2026-04-23T08:16:54","slug":"dorrhallarmagnet-inklusive-ankare-400n-fe230","status":"publish","type":"product","link":"https:\/\/secureus.se\/no\/dorrhallarmagnet-inklusive-ankare-400n-fe230\/","title":{"rendered":"D\u00f8rholdermagnet inkludert anker 400N FE230"},"content":{"rendered":"<p data-start=\"50\" data-end=\"305\"><strong data-start=\"50\" data-end=\"59\">FE230<\/strong> er en d\u00f8rmagnet inkludert anker for overflatemontering p\u00e5 vegg eller konsoll. Enheten har en holdekraft p\u00e5 <strong data-start=\"177\" data-end=\"186\">400 N<\/strong> og er utstyrt med en d\u00f8rlukkeknapp som kan monteres p\u00e5 toppen eller p\u00e5 h\u00f8yre eller venstre side av enheten.<\/p>\n<p data-start=\"307\" data-end=\"570\">Kabelinnf\u00f8ring kan gj\u00f8res fra siden, toppen eller baksiden. D\u00f8rmagneten er konstruert med en presset spole og har en anti-remanens-pinne som h\u00e5ndterer eventuell restmagnetisme. FE230 er ogs\u00e5 utstyrt med integrerte beskyttelsesdioder for \u00e5 motvirke str\u00f8mtopper.<\/p>\n<p data-start=\"572\" data-end=\"810\">Beskyttelsesklassen til d\u00f8rmagneten er <strong data-start=\"609\" data-end=\"617\">IP54<\/strong>. Plastdekselet er laget av <strong data-start=\"647\" data-end=\"659\">Bayblend<\/strong> med <strong data-start=\"664\" data-end=\"686\">30 % PA6 glassfiber<\/strong>, noe som gj\u00f8r det betydelig sterkere enn standard ABS. Materialet gir h\u00f8y varmebestandighet, god slagfasthet og h\u00f8y stivhet.<\/p>\n<p data-start=\"812\" data-end=\"1032\">For enkel og praktisk installasjon leveres d\u00f8rholdermagneten med skruforbindelser for kabelen. Huset er forboret for rask og enkel installasjon. FE230 leveres ogs\u00e5 med en ankerplate med justerbar vinkel.<\/p>\n<h2 data-section-id=\"fnvs8i\" data-start=\"1034\" data-end=\"1047\">Kjennetegn<\/h2>\n<ul data-start=\"1048\" data-end=\"1245\">\n<li data-section-id=\"18xs1m3\" data-start=\"1048\" data-end=\"1082\">Lavt str\u00f8mforbruk, <strong data-start=\"1073\" data-end=\"1082\">1,6 W<\/strong><\/li>\n<li data-section-id=\"17qhkv4\" data-start=\"1083\" data-end=\"1107\">Holder str\u00f8mmen p\u00e5 <strong data-start=\"1098\" data-end=\"1107\">400 N<\/strong><\/li>\n<li data-section-id=\"56gdae\" data-start=\"1108\" data-end=\"1128\">Anti-rester-n\u00e5l<\/li>\n<li data-section-id=\"1f4b2jy\" data-start=\"1129\" data-end=\"1174\">Beskyttelsesdioder og beskyttelse mot revers polaritet<\/li>\n<li data-section-id=\"1vxgf0x\" data-start=\"1175\" data-end=\"1204\">Innebygd d\u00f8rlukkeknapp<\/li>\n<li data-section-id=\"1or1j1j\" data-start=\"1205\" data-end=\"1225\"><strong data-start=\"1207\" data-end=\"1225\">EN1155-godkjent<\/strong><\/li>\n<li data-section-id=\"elw8us\" data-start=\"1226\" data-end=\"1245\">Ankerplate inkludert<\/li>\n<\/ul>\n<h2 data-section-id=\"pfyasx\" data-start=\"1247\" data-end=\"1263\">Tekniske data<\/h2>\n<ul data-start=\"1264\" data-end=\"1577\">\n<li data-section-id=\"m4al6v\" data-start=\"1264\" data-end=\"1294\"><strong data-start=\"1266\" data-end=\"1287\">Spenningsforsyning:<\/strong> 24 VDC<\/li>\n<li data-section-id=\"8aukmp\" data-start=\"1295\" data-end=\"1314\"><strong data-start=\"1297\" data-end=\"1308\">Effekt:<\/strong> 1,6 W<\/li>\n<li data-section-id=\"xkucxb\" data-start=\"1315\" data-end=\"1337\"><strong data-start=\"1317\" data-end=\"1331\">Holdekraft:<\/strong> 400 N<\/li>\n<li data-section-id=\"vq1ojm\" data-start=\"1338\" data-end=\"1388\"><strong data-start=\"1340\" data-end=\"1359\">Beskyttelses klasse:<\/strong> Magnet IP54, tilkobling IP42<\/li>\n<li data-section-id=\"1so7cfg\" data-start=\"1389\" data-end=\"1436\"><strong data-start=\"1391\" data-end=\"1419\">M\u00e5l (H x B x D):<\/strong> 110 x 85 x 38 mm<\/li>\n<li data-section-id=\"1sp9xbs\" data-start=\"1437\" data-end=\"1466\"><strong data-start=\"1439\" data-end=\"1463\">Knapp for \u00e5 lukke d\u00f8ren:<\/strong> Ja<\/li>\n<li data-section-id=\"1issdkq\" data-start=\"1467\" data-end=\"1489\"><strong data-start=\"1469\" data-end=\"1486\">Beskyttelsesdioder:<\/strong> Ja<\/li>\n<li data-section-id=\"1ogf65j\" data-start=\"1490\" data-end=\"1536\"><strong data-start=\"1492\" data-end=\"1533\">Beskyttelse mot omvendt polaritet:<\/strong> Ja<\/li>\n<li data-section-id=\"1fdxiq\" data-start=\"1537\" data-end=\"1553\"><strong data-start=\"1539\" data-end=\"1550\">EN1155:<\/strong> Ja<\/li>\n<li data-section-id=\"16c2jcj\" data-start=\"1554\" data-end=\"1577\"><strong data-start=\"1556\" data-end=\"1571\">Driftssyklus:<\/strong> 100 %<\/li>\n<\/ul>","protected":false},"excerpt":{"rendered":"<p data-start=\"37\" data-end=\"423\"><strong data-start=\"37\" data-end=\"128\">FE230 er en kraftig d\u00f8rholdermagnet for overflatemontering p\u00e5 vegg eller konsoll.<\/strong> Den har en holdekraft p\u00e5 400 N, en innebygd d\u00f8rlukkeknapp og leveres med en justerbar ankerplate. Magneten er laget av slitesterkt materiale, har beskyttelse mot str\u00f8mtopper og reverspolaritet og er godkjent i henhold til EN1155. Egnet for installasjoner der driftssikkerhet og enkel installasjon er viktig.<\/p>","protected":false},"featured_media":164535,"template":"","meta":{"_acf_changed":false},"product_brand":[],"product_cat":[1560],"product_tag":[],"class_list":{"0":"post-164536","1":"product","2":"type-product","3":"status-publish","4":"has-post-thumbnail","6":"product_cat-branddorrstangning","7":"tm-no-options","9":"first","10":"instock","11":"sale","12":"taxable","13":"shipping-taxable","14":"purchasable","15":"product-type-simple"},"acf":[],"_links":{"self":[{"href":"https:\/\/secureus.se\/no\/wp-json\/wp\/v2\/product\/164536","targetHints":{"allow":["GET"]}}],"collection":[{"href":"https:\/\/secureus.se\/no\/wp-json\/wp\/v2\/product"}],"about":[{"href":"https:\/\/secureus.se\/no\/wp-json\/wp\/v2\/types\/product"}],"wp:featuredmedia":[{"embeddable":true,"href":"https:\/\/secureus.se\/no\/wp-json\/wp\/v2\/media\/164535"}],"wp:attachment":[{"href":"https:\/\/secureus.se\/no\/wp-json\/wp\/v2\/media?parent=164536"}],"wp:term":[{"taxonomy":"product_brand","embeddable":true,"href":"https:\/\/secureus.se\/no\/wp-json\/wp\/v2\/product_brand?post=164536"},{"taxonomy":"product_cat","embeddable":true,"href":"https:\/\/secureus.se\/no\/wp-json\/wp\/v2\/product_cat?post=164536"},{"taxonomy":"product_tag","embeddable":true,"href":"https:\/\/secureus.se\/no\/wp-json\/wp\/v2\/product_tag?post=164536"}],"curies":[{"name":"wp","href":"https:\/\/api.w.org\/{rel}","templated":true}]}}