{"id":164745,"date":"2026-04-22T15:08:49","date_gmt":"2026-04-22T13:08:49","guid":{"rendered":"https:\/\/secureus.se\/evolis-primacy-2-simplex-expert-id-kortskrivare-enkelsidig\/"},"modified":"2026-04-23T12:23:05","modified_gmt":"2026-04-23T10:23:05","slug":"evolis-primacy-2-simplex-expert-id-kortskrivare-enkelsidig","status":"publish","type":"product","link":"https:\/\/secureus.se\/no\/evolis-primacy-2-simplex-expert-id-kortskrivare-enkelsidig\/","title":{"rendered":"Evolis Primacy 2 Simplex Expert ID-kortskriver (enkeltsidig)"},"content":{"rendered":"<p>Evolis Primacy 2 Simplex Expert ID-kortskriver er den perfekte l\u00f8sningen for \u00e5 lage profesjonelle ID-kort og kort med ensidig utskrift. Med sitt brukervennlige design og h\u00f8ye utskriftskvalitet er denne skriveren ideell for bedrifter, skoler og organisasjoner som trenger rask og p\u00e5litelig kortutskrift. Med Evolis Primacy 2 Simplex Expert kan du enkelt lage tilpassede ID-kort, medlemskort og adgangskort p\u00e5 en effektiv m\u00e5te. Utstyrt med den nyeste utskriftsteknologien og en rekke tilkoblingsmuligheter er denne skriveren et p\u00e5litelig valg for alle dine kortutskriftsbehov.<\/p>","protected":false},"excerpt":{"rendered":"<ul>\n<li>Evolis Primacy 2 Simplex Expert ID-kortskriver (ensidig)<\/li>\n<li>Rask utskriftshastighet og h\u00f8y ytelse<\/li>\n<li>St\u00f8tter fargestoffsublimering og omskrivingsteknologi<\/li>\n<li>Kan skrive ut et ensidig fargekort p\u00e5 13 sekunder<\/li>\n<li>Inkluderer tre \u00e5rs garanti<\/li>\n<li>Ogs\u00e5 tilgjengelig i en Primacy 2 dobbeltsidig modell<\/li>\n<\/ul>","protected":false},"featured_media":164741,"template":"","meta":{"_acf_changed":false},"product_brand":[],"product_cat":[3205],"product_tag":[],"class_list":{"0":"post-164745","1":"product","2":"type-product","3":"status-publish","4":"has-post-thumbnail","6":"product_cat-evolis","7":"product_shipping_class-tunga-paket","8":"pa_brands-evolis","9":"tm-no-options","11":"first","12":"instock","13":"sale","14":"taxable","15":"shipping-taxable","16":"purchasable","17":"product-type-simple"},"acf":[],"_links":{"self":[{"href":"https:\/\/secureus.se\/no\/wp-json\/wp\/v2\/product\/164745","targetHints":{"allow":["GET"]}}],"collection":[{"href":"https:\/\/secureus.se\/no\/wp-json\/wp\/v2\/product"}],"about":[{"href":"https:\/\/secureus.se\/no\/wp-json\/wp\/v2\/types\/product"}],"wp:featuredmedia":[{"embeddable":true,"href":"https:\/\/secureus.se\/no\/wp-json\/wp\/v2\/media\/164741"}],"wp:attachment":[{"href":"https:\/\/secureus.se\/no\/wp-json\/wp\/v2\/media?parent=164745"}],"wp:term":[{"taxonomy":"product_brand","embeddable":true,"href":"https:\/\/secureus.se\/no\/wp-json\/wp\/v2\/product_brand?post=164745"},{"taxonomy":"product_cat","embeddable":true,"href":"https:\/\/secureus.se\/no\/wp-json\/wp\/v2\/product_cat?post=164745"},{"taxonomy":"product_tag","embeddable":true,"href":"https:\/\/secureus.se\/no\/wp-json\/wp\/v2\/product_tag?post=164745"}],"curies":[{"name":"wp","href":"https:\/\/api.w.org\/{rel}","templated":true}]}}