{"id":164753,"date":"2026-04-22T15:32:12","date_gmt":"2026-04-22T13:32:12","guid":{"rendered":"https:\/\/secureus.se\/evolis-s10212-kortlamineringsmodul-clm\/"},"modified":"2026-04-23T12:22:46","modified_gmt":"2026-04-23T10:22:46","slug":"evolis-s10212-kortlamineringsmodul-clm","status":"publish","type":"product","link":"https:\/\/secureus.se\/no\/evolis-s10212-kortlamineringsmodul-clm\/","title":{"rendered":"Evolis S10212 kortlamineringsmodul (CLM)"},"content":{"rendered":"<p>Evolis S10212-kortlamineringsmodulen (CLM) er en innovativ og p\u00e5litelig lamineringsmodul som er utviklet for \u00e5 forbedre sikkerheten og holdbarheten til dine trykte kort. Med enkel installasjon og et brukervennlig design er denne modulen perfekt for \u00e5 lage profesjonelle og sikre ID-kort, medlemskort eller andre trykte kort. Med Evolis S10212 CLM kan du forbedre lamineringsprosessene dine og gi kortene dine en h\u00f8ykvalitetsfinish som beskytter dem mot smuss, vann og slitasje. Gi kortene dine en ekstra dimensjon av beskyttelse og stil med Evolis S10212-kortlamineringsmodulen.<\/p>","protected":false},"excerpt":{"rendered":"<ul>\n<li>Evolis S10212 kortlamineringsmodul p\u00e5f\u00f8rer overlegg og holografiske filmer p\u00e5 kort<\/li>\n<li>Kan brukes som en frittst\u00e5ende enhet eller med Evolis Primacy- eller Primacy 2 ID-kortskrivere<\/li>\n<li>Inkluderer en dobbeltsidig lamineringsmodul<\/li>\n<li>Kobles direkte til en PC i frittst\u00e5ende modus via USB-kabel (ikke inkludert)<\/li>\n<li>Produktvekt: 8,00 kg<\/li>\n<\/ul>","protected":false},"featured_media":164752,"template":"","meta":{"_acf_changed":false},"product_brand":[],"product_cat":[3205],"product_tag":[],"class_list":{"0":"post-164753","1":"product","2":"type-product","3":"status-publish","4":"has-post-thumbnail","6":"product_cat-evolis","7":"product_shipping_class-tunga-paket","8":"pa_brands-evolis","9":"tm-no-options","11":"first","12":"outofstock","13":"sale","14":"taxable","15":"shipping-taxable","16":"purchasable","17":"product-type-simple"},"acf":[],"_links":{"self":[{"href":"https:\/\/secureus.se\/no\/wp-json\/wp\/v2\/product\/164753","targetHints":{"allow":["GET"]}}],"collection":[{"href":"https:\/\/secureus.se\/no\/wp-json\/wp\/v2\/product"}],"about":[{"href":"https:\/\/secureus.se\/no\/wp-json\/wp\/v2\/types\/product"}],"wp:featuredmedia":[{"embeddable":true,"href":"https:\/\/secureus.se\/no\/wp-json\/wp\/v2\/media\/164752"}],"wp:attachment":[{"href":"https:\/\/secureus.se\/no\/wp-json\/wp\/v2\/media?parent=164753"}],"wp:term":[{"taxonomy":"product_brand","embeddable":true,"href":"https:\/\/secureus.se\/no\/wp-json\/wp\/v2\/product_brand?post=164753"},{"taxonomy":"product_cat","embeddable":true,"href":"https:\/\/secureus.se\/no\/wp-json\/wp\/v2\/product_cat?post=164753"},{"taxonomy":"product_tag","embeddable":true,"href":"https:\/\/secureus.se\/no\/wp-json\/wp\/v2\/product_tag?post=164753"}],"curies":[{"name":"wp","href":"https:\/\/api.w.org\/{rel}","templated":true}]}}