{"id":164762,"date":"2026-04-22T15:08:22","date_gmt":"2026-04-22T13:08:22","guid":{"rendered":"https:\/\/secureus.se\/evolis-zenius-2-classic-id-kortskrivare-med-usb-enkelsidig\/"},"modified":"2026-04-23T12:22:23","modified_gmt":"2026-04-23T10:22:23","slug":"evolis-zenius-2-classic-id-kortskrivare-med-usb-enkelsidig","status":"publish","type":"product","link":"https:\/\/secureus.se\/no\/evolis-zenius-2-classic-id-kortskrivare-med-usb-enkelsidig\/","title":{"rendered":"Evolis Zenius 2 Classic ID-kortskriver med USB (enkeltsidig)"},"content":{"rendered":"<p>Oppdag Evolis Zenius 2 Classic ID-kortskriver med USB (enkeltsidig) \u2013 den perfekte l\u00f8sningen for \u00e5 lage profesjonelle ID-kort p\u00e5 en problemfri m\u00e5te. Denne avanserte skriveren kombinerer utskriftsteknologi av h\u00f8y kvalitet med brukervennlighet, noe som gj\u00f8r den ideell for bedrifter og organisasjoner som trenger \u00e5 produsere ID-kort regelmessig. Med enkel installasjon via USB og muligheten til \u00e5 skrive ut ensidige kort raskt og effektivt, er Evolis Zenius 2 Classic en p\u00e5litelig partner for alle typer ID-kortprosjekter. Gi bedriften eller organisasjonen din det profesjonelle preget den fortjener med denne innovative ID-kortskriveren fra Evolis. Bestill din Zenius 2 Classic i dag og ta ID-kortproduksjonen din til neste niv\u00e5!<\/p>","protected":false},"excerpt":{"rendered":"<ul>\n<li>Evolis Zenius 2 Classic ID-kortskriver med USB (enkeltsidig)<\/li>\n<li>Utskriftshastighet p\u00e5 700 kort\/time (mono) eller 180 kort\/time (YMCKO)<\/li>\n<li>Utskrift til standard CR80-kortst\u00f8rrelse, inkludert PVC, PET, ABS og kompositt-PVC<\/li>\n<li>Ensidig utskrift<\/li>\n<li>Mulighet for utskrift fra smarttelefon og nettbrett<\/li>\n<li>Magnetisk stripekoder<\/li>\n<li>Intern USB-port<\/li>\n<li>Produsentens delenummer: ZN2-0001-E<\/li>\n<li>Vekt: 8,00 kg<\/li>\n<\/ul>","protected":false},"featured_media":164756,"template":"","meta":{"_acf_changed":false},"product_brand":[],"product_cat":[3205],"product_tag":[],"class_list":{"0":"post-164762","1":"product","2":"type-product","3":"status-publish","4":"has-post-thumbnail","6":"product_cat-evolis","7":"product_shipping_class-tunga-paket","8":"pa_brands-evolis","9":"tm-no-options","11":"first","12":"instock","13":"sale","14":"taxable","15":"shipping-taxable","16":"purchasable","17":"product-type-simple"},"acf":[],"_links":{"self":[{"href":"https:\/\/secureus.se\/no\/wp-json\/wp\/v2\/product\/164762","targetHints":{"allow":["GET"]}}],"collection":[{"href":"https:\/\/secureus.se\/no\/wp-json\/wp\/v2\/product"}],"about":[{"href":"https:\/\/secureus.se\/no\/wp-json\/wp\/v2\/types\/product"}],"wp:featuredmedia":[{"embeddable":true,"href":"https:\/\/secureus.se\/no\/wp-json\/wp\/v2\/media\/164756"}],"wp:attachment":[{"href":"https:\/\/secureus.se\/no\/wp-json\/wp\/v2\/media?parent=164762"}],"wp:term":[{"taxonomy":"product_brand","embeddable":true,"href":"https:\/\/secureus.se\/no\/wp-json\/wp\/v2\/product_brand?post=164762"},{"taxonomy":"product_cat","embeddable":true,"href":"https:\/\/secureus.se\/no\/wp-json\/wp\/v2\/product_cat?post=164762"},{"taxonomy":"product_tag","embeddable":true,"href":"https:\/\/secureus.se\/no\/wp-json\/wp\/v2\/product_tag?post=164762"}],"curies":[{"name":"wp","href":"https:\/\/api.w.org\/{rel}","templated":true}]}}