{"id":164878,"date":"2026-04-27T11:42:38","date_gmt":"2026-04-27T09:42:38","guid":{"rendered":"https:\/\/secureus.se\/evolis-acl002-fullstandig-skrivartvattsats-2-pack\/"},"modified":"2026-04-27T11:53:54","modified_gmt":"2026-04-27T09:53:54","slug":"evolis-acl002-fullstandig-skrivartvattsats-2-pack","status":"publish","type":"product","link":"https:\/\/secureus.se\/no\/evolis-acl002-fullstandig-skrivartvattsats-2-pack\/","title":{"rendered":"Evolis ACL002 komplett rengj\u00f8ringssett for skriver (2-pakning)"},"content":{"rendered":"<p>H\u00e5ll din Evolis-kortskrivare i toppskick med Evolis ACL002 Advanced Printer Cleaning Kit! Denna f\u00f6rpackning inneh\u00e5ller 2 reng\u00f6ringskit som \u00e4r speciellt utformade f\u00f6r att reng\u00f6ra och underh\u00e5lla din skrivare p\u00e5 ett effektivt s\u00e4tt. Med hj\u00e4lp av dessa reng\u00f6ringskit kan du enkelt avl\u00e4gsna smuts, damm och andra partiklar som kan p\u00e5verka utskriftskvaliteten. H\u00e5ll din Evolis-kortskrivare i perfekt skick med detta avancerade reng\u00f6ringskit!<\/p>","protected":false},"excerpt":{"rendered":"<ul>\n<li>Inkluderer 2 T-rengj\u00f8ringskort og 2 selvklebende rengj\u00f8ringskort<\/li>\n<li>Leveres med en rengj\u00f8ringspenn og 60 lofrie v\u00e5tservietter<\/li>\n<li>Kompatibel med Evolis Primacy, Primacy 2, Zenius og Zenius 2 kortskrivere<\/li>\n<li>Produsentkode: ACL002<\/li>\n<li>Vekt: 0,05 kg<\/li>\n<\/ul>","protected":false},"featured_media":164877,"template":"","meta":{"_acf_changed":false},"product_brand":[],"product_cat":[4807],"product_tag":[],"class_list":{"0":"post-164878","1":"product","2":"type-product","3":"status-publish","4":"has-post-thumbnail","6":"product_cat-rengoringskit","7":"product_shipping_class-postnord-varubrev","8":"pa_brands-evolis","9":"tm-no-options","11":"first","12":"instock","13":"taxable","14":"shipping-taxable","15":"purchasable","16":"product-type-simple"},"acf":[],"_links":{"self":[{"href":"https:\/\/secureus.se\/no\/wp-json\/wp\/v2\/product\/164878","targetHints":{"allow":["GET"]}}],"collection":[{"href":"https:\/\/secureus.se\/no\/wp-json\/wp\/v2\/product"}],"about":[{"href":"https:\/\/secureus.se\/no\/wp-json\/wp\/v2\/types\/product"}],"wp:featuredmedia":[{"embeddable":true,"href":"https:\/\/secureus.se\/no\/wp-json\/wp\/v2\/media\/164877"}],"wp:attachment":[{"href":"https:\/\/secureus.se\/no\/wp-json\/wp\/v2\/media?parent=164878"}],"wp:term":[{"taxonomy":"product_brand","embeddable":true,"href":"https:\/\/secureus.se\/no\/wp-json\/wp\/v2\/product_brand?post=164878"},{"taxonomy":"product_cat","embeddable":true,"href":"https:\/\/secureus.se\/no\/wp-json\/wp\/v2\/product_cat?post=164878"},{"taxonomy":"product_tag","embeddable":true,"href":"https:\/\/secureus.se\/no\/wp-json\/wp\/v2\/product_tag?post=164878"}],"curies":[{"name":"wp","href":"https:\/\/api.w.org\/{rel}","templated":true}]}}