{"id":164884,"date":"2026-04-27T11:42:39","date_gmt":"2026-04-27T09:42:39","guid":{"rendered":"https:\/\/secureus.se\/evolis-acl001-rengoringskit-skrivare-forpackning-med-5\/"},"modified":"2026-04-27T11:53:53","modified_gmt":"2026-04-27T09:53:53","slug":"evolis-acl001-rengoringskit-skrivare-forpackning-med-5","status":"publish","type":"product","link":"https:\/\/secureus.se\/no\/evolis-acl001-rengoringskit-skrivare-forpackning-med-5\/","title":{"rendered":"Evolis ACL001 Rengj\u00f8ringssett for skriver (pakke med 5)"},"content":{"rendered":"<p>H\u00e5ll din Evolis-kortskrivare i toppskick med Evolis ACL001 Printer Cleaning Kit! Denna f\u00f6rpackning inneh\u00e5ller 5 reng\u00f6ringskit som \u00e4r speciellt utformade f\u00f6r att reng\u00f6ra och underh\u00e5lla din skrivare. Med regelbunden anv\u00e4ndning av dessa reng\u00f6ringskit kan du f\u00f6rl\u00e4nga livsl\u00e4ngden p\u00e5 din skrivare och s\u00e4kerst\u00e4lla att den levererar professionella och tydliga utskrifter varje g\u00e5ng. Skydda din investering och h\u00e5ll din skrivare ren och fungerande med Evolis ACL001 Printer Cleaning Kit!<\/p>","protected":false},"excerpt":{"rendered":"<ul>\n<li>Inneholder 5 selvklebende rengj\u00f8ringskort<\/li>\n<li>5 rengj\u00f8ringsputer inkludert<\/li>\n<li>Kompatibel med Evolis Primacy, Primacy 2, Zenius og Zenius 2 kortskrivere<\/li>\n<li>Produsentkode: ACL-001<\/li>\n<li>Vekt: 0,02 kg<\/li>\n<\/ul>","protected":false},"featured_media":164879,"template":"","meta":{"_acf_changed":false},"product_brand":[],"product_cat":[4807],"product_tag":[],"class_list":{"0":"post-164884","1":"product","2":"type-product","3":"status-publish","4":"has-post-thumbnail","6":"product_cat-rengoringskit","7":"product_shipping_class-postnord-varubrev","8":"pa_brands-evolis","9":"tm-no-options","11":"first","12":"instock","13":"taxable","14":"shipping-taxable","15":"purchasable","16":"product-type-simple"},"acf":[],"_links":{"self":[{"href":"https:\/\/secureus.se\/no\/wp-json\/wp\/v2\/product\/164884","targetHints":{"allow":["GET"]}}],"collection":[{"href":"https:\/\/secureus.se\/no\/wp-json\/wp\/v2\/product"}],"about":[{"href":"https:\/\/secureus.se\/no\/wp-json\/wp\/v2\/types\/product"}],"wp:featuredmedia":[{"embeddable":true,"href":"https:\/\/secureus.se\/no\/wp-json\/wp\/v2\/media\/164879"}],"wp:attachment":[{"href":"https:\/\/secureus.se\/no\/wp-json\/wp\/v2\/media?parent=164884"}],"wp:term":[{"taxonomy":"product_brand","embeddable":true,"href":"https:\/\/secureus.se\/no\/wp-json\/wp\/v2\/product_brand?post=164884"},{"taxonomy":"product_cat","embeddable":true,"href":"https:\/\/secureus.se\/no\/wp-json\/wp\/v2\/product_cat?post=164884"},{"taxonomy":"product_tag","embeddable":true,"href":"https:\/\/secureus.se\/no\/wp-json\/wp\/v2\/product_tag?post=164884"}],"curies":[{"name":"wp","href":"https:\/\/api.w.org\/{rel}","templated":true}]}}