{"id":165229,"date":"2026-05-05T14:27:22","date_gmt":"2026-05-05T12:27:22","guid":{"rendered":"https:\/\/secureus.se\/zebra-ds9908-sr-black-usb-barcode-scanner-kit\/"},"modified":"2026-05-05T17:12:30","modified_gmt":"2026-05-05T15:12:30","slug":"zebra-ds9908-sr-black-usb-barcode-scanner-kit","status":"publish","type":"product","link":"https:\/\/secureus.se\/no\/zebra-ds9908-sr-black-usb-barcode-scanner-kit\/","title":{"rendered":"Zebra DS9908-SR Black USB Barcode Scanner Kit"},"content":{"rendered":"<p>Zebra DS9908-SR Black USB strekkodeskannersett er bygget for enkel distribusjon rett ut av esken med bransjeledende skannefunksjonalitet. Denne skanneren tilbyr nesten umiddelbar strekkoderegistrering, st\u00f8tter over 90 internasjonale tastaturer og bruker et bredt synsfelt for n\u00f8yaktige lesehastigheter ved f\u00f8rste gjennomgang, perfekt for detaljhandel og gjestfrihet.<\/p>\n<ul>\n<li>Inkluderer skanner med innebygd stativ og USB-kabel<\/li>\n<li>2 meter rett, skjermet USB-kabel<\/li>\n<li>M\u00e5l: 20,3 cm x 9,4 cm x 13,2 cm<\/li>\n<li>St\u00f8tter over 90 internasjonale tastaturer<\/li>\n<li>St\u00f8ttede vertsgrensesnitt: USB, RS232, tastaturkile, TGCS (IBM) 46XX over RS485<\/li>\n<\/ul>\n<p>Produsentens delenummer: DS9908-SR4U2100AZW<\/p>\n<p>\n <strong><br \/>\n Produktvekt:<br \/>\n 0,60 kg<br \/>\n <\/strong>\n <\/p>","protected":false},"excerpt":{"rendered":"<p>The Zebra\u00a0DS9908-SR Black USB Barcode Scanner Kit is built for easy deployment out-of-the-box with industry-leading scanning functionality. Offering near-instant barcode capture, this scanner supports over 90 international keyboards and uses<\/p>","protected":false},"featured_media":165227,"template":"","meta":{"_acf_changed":false},"product_brand":[],"product_cat":[5132],"product_tag":[],"class_list":{"0":"post-165229","1":"product","2":"type-product","3":"status-publish","4":"has-post-thumbnail","6":"product_cat-lasare-passersystem","7":"tm-no-options","9":"first","10":"instock","11":"sale","12":"taxable","13":"shipping-taxable","14":"purchasable","15":"product-type-simple"},"acf":[],"_links":{"self":[{"href":"https:\/\/secureus.se\/no\/wp-json\/wp\/v2\/product\/165229","targetHints":{"allow":["GET"]}}],"collection":[{"href":"https:\/\/secureus.se\/no\/wp-json\/wp\/v2\/product"}],"about":[{"href":"https:\/\/secureus.se\/no\/wp-json\/wp\/v2\/types\/product"}],"wp:featuredmedia":[{"embeddable":true,"href":"https:\/\/secureus.se\/no\/wp-json\/wp\/v2\/media\/165227"}],"wp:attachment":[{"href":"https:\/\/secureus.se\/no\/wp-json\/wp\/v2\/media?parent=165229"}],"wp:term":[{"taxonomy":"product_brand","embeddable":true,"href":"https:\/\/secureus.se\/no\/wp-json\/wp\/v2\/product_brand?post=165229"},{"taxonomy":"product_cat","embeddable":true,"href":"https:\/\/secureus.se\/no\/wp-json\/wp\/v2\/product_cat?post=165229"},{"taxonomy":"product_tag","embeddable":true,"href":"https:\/\/secureus.se\/no\/wp-json\/wp\/v2\/product_tag?post=165229"}],"curies":[{"name":"wp","href":"https:\/\/api.w.org\/{rel}","templated":true}]}}