{"id":165247,"date":"2026-05-05T14:27:30","date_gmt":"2026-05-05T12:27:30","guid":{"rendered":"https:\/\/secureus.se\/zebra-symbol-ls2208-usb-barcode-scanner-kit\/"},"modified":"2026-05-05T17:44:35","modified_gmt":"2026-05-05T15:44:35","slug":"zebra-symbol-ls2208-usb-barcode-scanner-kit","status":"publish","type":"product","link":"https:\/\/secureus.se\/no\/zebra-symbol-ls2208-usb-barcode-scanner-kit\/","title":{"rendered":"Zebra Symbol LS2208 USB strekkodeskannersett"},"content":{"rendered":"<p>Zebra Symbol LS2208 USB-strekkodeskanneren gir rask og p\u00e5litelig strekkodeskanning for kundene dine med et bredt arbeidsomr\u00e5de p\u00e5 opptil 17 tommer. Denne h\u00f8ytytende h\u00e5ndholdte skanneren er kompakt og lett med flere grensesnitt for enkel integrering med en rekke vertssystemer. Med en falltoleranse fra 1,5 m til betong bruker Zebra Symbol-strekkodeskanneren laserskanningsteknologi med en skannehastighet p\u00e5 100 skanninger per sekund.<\/p>\n<ul>\n<li>Stativ inkludert<\/li>\n<li>Produsentens delenummer: LS2208<\/li>\n<li>M\u00e5l: 15 x 6 x 8,5 cm (H x B x D)<\/li>\n<li>St\u00f8ttede grensesnitt: USB, RS232, tastaturkile, IBM 468x\/9x<\/li>\n<li>5 \u00e5rs garanti<\/li>\n<li>OS-st\u00f8tte via USB: Windows 98, 2000, ME, XP, MacOS 8.5 og nyere, IBM 4690 OS<\/li>\n<\/ul>\n<p>\n <strong><br \/>\n Produktvekt:<br \/>\n 0,60 kg<br \/>\n <\/strong>\n <\/p>","protected":false},"excerpt":{"rendered":"<p>The Zebra Symbol LS2208 USB barcode scanner provides fast and reliable barcode scanning for your customers with a wide working range of up to 17 inches. This high-performance handheld scanner<\/p>","protected":false},"featured_media":165242,"template":"","meta":{"_acf_changed":false},"product_brand":[],"product_cat":[5132],"product_tag":[],"class_list":{"0":"post-165247","1":"product","2":"type-product","3":"status-publish","4":"has-post-thumbnail","6":"product_cat-lasare-passersystem","7":"pa_brands-zebra-2","8":"tm-no-options","10":"first","11":"outofstock","12":"sale","13":"taxable","14":"shipping-taxable","15":"purchasable","16":"product-type-simple"},"acf":[],"_links":{"self":[{"href":"https:\/\/secureus.se\/no\/wp-json\/wp\/v2\/product\/165247","targetHints":{"allow":["GET"]}}],"collection":[{"href":"https:\/\/secureus.se\/no\/wp-json\/wp\/v2\/product"}],"about":[{"href":"https:\/\/secureus.se\/no\/wp-json\/wp\/v2\/types\/product"}],"wp:featuredmedia":[{"embeddable":true,"href":"https:\/\/secureus.se\/no\/wp-json\/wp\/v2\/media\/165242"}],"wp:attachment":[{"href":"https:\/\/secureus.se\/no\/wp-json\/wp\/v2\/media?parent=165247"}],"wp:term":[{"taxonomy":"product_brand","embeddable":true,"href":"https:\/\/secureus.se\/no\/wp-json\/wp\/v2\/product_brand?post=165247"},{"taxonomy":"product_cat","embeddable":true,"href":"https:\/\/secureus.se\/no\/wp-json\/wp\/v2\/product_cat?post=165247"},{"taxonomy":"product_tag","embeddable":true,"href":"https:\/\/secureus.se\/no\/wp-json\/wp\/v2\/product_tag?post=165247"}],"curies":[{"name":"wp","href":"https:\/\/api.w.org\/{rel}","templated":true}]}}