{"id":165252,"date":"2026-05-05T14:27:30","date_gmt":"2026-05-05T12:27:30","guid":{"rendered":"https:\/\/secureus.se\/hid-omnikey-5427-ck-gen2-with-usb-card-contactless-smart-card-reader-with-keyboard-wedge\/"},"modified":"2026-05-05T17:10:39","modified_gmt":"2026-05-05T15:10:39","slug":"hid-omnikey-5427-ck-gen2-with-usb-card-contactless-smart-card-reader-with-keyboard-wedge","status":"publish","type":"product","link":"https:\/\/secureus.se\/no\/hid-omnikey-5427-ck-gen2-with-usb-card-contactless-smart-card-reader-with-keyboard-wedge\/","title":{"rendered":"HID Omnikey 5427 CK Gen2 med USB-kort Kontaktl\u00f8s smartkortleser med tastaturkile"},"content":{"rendered":"<p>HID OMNIKEY\u00ae 5427CK USB-kortleseren med dobbel frekvens er en b\u00e6rbar kontaktl\u00f8s leser med CCID-st\u00f8tte og tastaturgrensesnitt, noe som gj\u00f8r den enkel \u00e5 sette opp. Det er ikke n\u00f8dvendig \u00e5 installere drivere p\u00e5 standard operativsystemer med denne leseren, som er designet for \u00e5 st\u00f8tte lavfrekvente og h\u00f8yfrekvente kortteknologier.<\/p>\n<ul>\n<li>Tastatur Wedge-grensesnitt<\/li>\n<li>Tilgjengelig som leserkort for innebygde applikasjoner<\/li>\n<li>Fleksibel konfigurasjon av datastrukturer og utdatamoduser<\/li>\n<li>USB-tilkobling<\/li>\n<li>Produsentens delenummer: R54270101<\/li>\n<\/ul>\n<p><strong>DENNE MODELLEN ERSTATTER R51270002-1<\/strong><\/p>\n<p>\n <strong><br \/>\n Produktvekt:<br \/>\n 0,11 kg<br \/>\n <\/strong>\n <\/p>","protected":false},"excerpt":{"rendered":"<p>The HID OMNIKEY\u00ae 5427CK USB dual-frequency card reader is a portable contactless reader with CCID support and keyboard wedge interface, making it easy to set up. There is no need<\/p>","protected":false},"featured_media":165249,"template":"","meta":{"_acf_changed":false},"product_brand":[],"product_cat":[5132],"product_tag":[],"class_list":{"0":"post-165252","1":"product","2":"type-product","3":"status-publish","4":"has-post-thumbnail","6":"product_cat-lasare-passersystem","7":"tm-no-options","9":"first","10":"instock","11":"sale","12":"taxable","13":"shipping-taxable","14":"purchasable","15":"product-type-simple"},"acf":[],"_links":{"self":[{"href":"https:\/\/secureus.se\/no\/wp-json\/wp\/v2\/product\/165252","targetHints":{"allow":["GET"]}}],"collection":[{"href":"https:\/\/secureus.se\/no\/wp-json\/wp\/v2\/product"}],"about":[{"href":"https:\/\/secureus.se\/no\/wp-json\/wp\/v2\/types\/product"}],"wp:featuredmedia":[{"embeddable":true,"href":"https:\/\/secureus.se\/no\/wp-json\/wp\/v2\/media\/165249"}],"wp:attachment":[{"href":"https:\/\/secureus.se\/no\/wp-json\/wp\/v2\/media?parent=165252"}],"wp:term":[{"taxonomy":"product_brand","embeddable":true,"href":"https:\/\/secureus.se\/no\/wp-json\/wp\/v2\/product_brand?post=165252"},{"taxonomy":"product_cat","embeddable":true,"href":"https:\/\/secureus.se\/no\/wp-json\/wp\/v2\/product_cat?post=165252"},{"taxonomy":"product_tag","embeddable":true,"href":"https:\/\/secureus.se\/no\/wp-json\/wp\/v2\/product_tag?post=165252"}],"curies":[{"name":"wp","href":"https:\/\/api.w.org\/{rel}","templated":true}]}}