{"id":165256,"date":"2026-05-05T14:27:20","date_gmt":"2026-05-05T12:27:20","guid":{"rendered":"https:\/\/secureus.se\/pac-architect-a-blue-rfid-bluetooth-standard-reader\/"},"modified":"2026-05-05T17:48:27","modified_gmt":"2026-05-05T15:48:27","slug":"pac-architect-a-blue-rfid-bluetooth-standard-reader","status":"publish","type":"product","link":"https:\/\/secureus.se\/no\/pac-architect-a-blue-rfid-bluetooth-standard-reader\/","title":{"rendered":"PAC Architect A Blue RFID &amp; Bluetooth Standard Reader"},"content":{"rendered":"<p>Den h\u00f8yfrekvente PAC Architect A Blue RFID- og Bluetooth-standardleseren fungerer med b\u00e5de kort og smarttelefoner for \u00e5 sikre fullstendig bekvemmelighet. Denne leseren er spesialdesignet for \u00e5 v\u00e6re vandalsikker og ekstremt sikker, og inneholder et akselerometerbasert sabotasjedeteksjonssystem.<\/p>\n<ul>\n<li>Kompatibel med PAC Ops, PAC Ops Lite og Mobile ID-er<\/li>\n<li>80 mm leseomr\u00e5de for PAC HF ID-enheter og 20 m for mobile ID-er<\/li>\n<li>Livstidsgaranti mot elektronisk feil<\/li>\n<\/ul>\n<p>\n <strong><br \/>\n Produktvekt:<br \/>\n 0,50 kg<br \/>\n <\/strong>\n <\/p>\n<p>\n <strong>Pris fra \u20ac438,00<\/strong>\n <\/p>","protected":false},"excerpt":{"rendered":"<p>The high-frequency PAC Architect A Blue RFID and Bluetooth standard reader works with both cards and smartphones to ensure complete convenience. This reader is specially designed to be vandal-proof and<\/p>","protected":false},"featured_media":165254,"template":"","meta":{"_acf_changed":false},"product_brand":[],"product_cat":[5132],"product_tag":[],"class_list":{"0":"post-165256","1":"product","2":"type-product","3":"status-publish","4":"has-post-thumbnail","6":"product_cat-lasare-passersystem","7":"pa_brands-pac","8":"tm-no-options","10":"first","11":"outofstock","12":"sale","13":"taxable","14":"shipping-taxable","15":"purchasable","16":"product-type-simple"},"acf":[],"_links":{"self":[{"href":"https:\/\/secureus.se\/no\/wp-json\/wp\/v2\/product\/165256","targetHints":{"allow":["GET"]}}],"collection":[{"href":"https:\/\/secureus.se\/no\/wp-json\/wp\/v2\/product"}],"about":[{"href":"https:\/\/secureus.se\/no\/wp-json\/wp\/v2\/types\/product"}],"wp:featuredmedia":[{"embeddable":true,"href":"https:\/\/secureus.se\/no\/wp-json\/wp\/v2\/media\/165254"}],"wp:attachment":[{"href":"https:\/\/secureus.se\/no\/wp-json\/wp\/v2\/media?parent=165256"}],"wp:term":[{"taxonomy":"product_brand","embeddable":true,"href":"https:\/\/secureus.se\/no\/wp-json\/wp\/v2\/product_brand?post=165256"},{"taxonomy":"product_cat","embeddable":true,"href":"https:\/\/secureus.se\/no\/wp-json\/wp\/v2\/product_cat?post=165256"},{"taxonomy":"product_tag","embeddable":true,"href":"https:\/\/secureus.se\/no\/wp-json\/wp\/v2\/product_tag?post=165256"}],"curies":[{"name":"wp","href":"https:\/\/api.w.org\/{rel}","templated":true}]}}