{"id":165296,"date":"2026-05-05T14:27:28","date_gmt":"2026-05-05T12:27:28","guid":{"rendered":"https:\/\/secureus.se\/kantech-ioprox-reader-mullion-xsf-format-p225xsf\/"},"modified":"2026-05-05T17:45:08","modified_gmt":"2026-05-05T15:45:08","slug":"kantech-ioprox-reader-mullion-xsf-format-p225xsf","status":"publish","type":"product","link":"https:\/\/secureus.se\/no\/kantech-ioprox-reader-mullion-xsf-format-p225xsf\/","title":{"rendered":"Kantech ioProx Reader Mullion XSF Format P225XSF"},"content":{"rendered":"<p>F\u00e5 den beste digitale signalbehandlingen med Kantech ioProx Reader Mullion XSF Format P225XSF. Den gir deg rask og p\u00e5litelig kortlesing. Den er kompatibel med Wiegand-n\u00e6rhetskort.<\/p>\n<ul>\n<li>Vanntett.<\/li>\n<li>Kantech XSF-kort kan kodes med over 4 milliarder unike koder.<\/li>\n<li>Opptil 73 cm i leseomr\u00e5de.<\/li>\n<\/ul>\n<p>\n <strong><br \/>\n Produktvekt:<br \/>\n 0,20 kg<br \/>\n <\/strong>\n <\/p>","protected":false},"excerpt":{"rendered":"<p>F\u00e5 den beste digitale signalbehandlingen med Kantech ioProx Reader Mullion XSF Format P225XSF. Den gir deg rask og p\u00e5litelig kortlesing. Den er kompatibel med Wiegand-n\u00e6rhetskort.<\/p>","protected":false},"featured_media":165287,"template":"","meta":{"_acf_changed":false},"product_brand":[],"product_cat":[5132],"product_tag":[],"class_list":{"0":"post-165296","1":"product","2":"type-product","3":"status-publish","4":"has-post-thumbnail","6":"product_cat-lasare-passersystem","7":"pa_brands-kantech","8":"tm-no-options","10":"first","11":"outofstock","12":"sale","13":"taxable","14":"shipping-taxable","15":"purchasable","16":"product-type-simple"},"acf":[],"_links":{"self":[{"href":"https:\/\/secureus.se\/no\/wp-json\/wp\/v2\/product\/165296","targetHints":{"allow":["GET"]}}],"collection":[{"href":"https:\/\/secureus.se\/no\/wp-json\/wp\/v2\/product"}],"about":[{"href":"https:\/\/secureus.se\/no\/wp-json\/wp\/v2\/types\/product"}],"wp:featuredmedia":[{"embeddable":true,"href":"https:\/\/secureus.se\/no\/wp-json\/wp\/v2\/media\/165287"}],"wp:attachment":[{"href":"https:\/\/secureus.se\/no\/wp-json\/wp\/v2\/media?parent=165296"}],"wp:term":[{"taxonomy":"product_brand","embeddable":true,"href":"https:\/\/secureus.se\/no\/wp-json\/wp\/v2\/product_brand?post=165296"},{"taxonomy":"product_cat","embeddable":true,"href":"https:\/\/secureus.se\/no\/wp-json\/wp\/v2\/product_cat?post=165296"},{"taxonomy":"product_tag","embeddable":true,"href":"https:\/\/secureus.se\/no\/wp-json\/wp\/v2\/product_tag?post=165296"}],"curies":[{"name":"wp","href":"https:\/\/api.w.org\/{rel}","templated":true}]}}