{"id":165316,"date":"2026-05-05T14:27:28","date_gmt":"2026-05-05T12:27:28","guid":{"rendered":"https:\/\/secureus.se\/honeywell-voyager-1202g-cordless-laser-usb-scanner-kit\/"},"modified":"2026-05-05T17:10:54","modified_gmt":"2026-05-05T15:10:54","slug":"honeywell-voyager-1202g-cordless-laser-usb-scanner-kit","status":"publish","type":"product","link":"https:\/\/secureus.se\/no\/honeywell-voyager-1202g-cordless-laser-usb-scanner-kit\/","title":{"rendered":"Honeywell Voyager 1202G Cordless Laser USB Scanner Kit"},"content":{"rendered":"<p>Honeywell Voyager 1202G USB-skanneren med \u00e9n linje bruker friheten til tr\u00e5dl\u00f8s Bluetooth 2.1-teknologi for \u00e5 tilby full fleksibilitet for h\u00f8y ytelse, h\u00e5ndfri og h\u00e5ndholdt skanning. 1202G kan \u2018aggressivt\u2019 skanne s\u00e5 \u00e5 si alle line\u00e6re strekkoder fra h\u00f8y tetthet ned til 3,5 mil, og det utskiftbare batteriet kan raskt og enkelt byttes ut for fortsatt bruk.<\/p>\n<ul>\n<li>Stativ inkludert<\/li>\n<li>Ubegrenset bevegelse opptil 10 meter fra basen<\/li>\n<li>M\u00e5l: 18,5 cm x 9,6 cm x 6,6 cm (H x B x D)<\/li>\n<li>St\u00f8ttede grensesnitt: USB, RS232, tastaturkile, IBM 46xx (RS485)<\/li>\n<li>Skannehastighet: opptil 45 000 skanninger per lading<\/li>\n<\/ul>\n<p>\n <strong><br \/>\n Produktvekt:<br \/>\n 1,00 kg<br \/>\n <\/strong>\n <\/p>","protected":false},"excerpt":{"rendered":"<p>The Honeywell Voyager 1202G USB single-line scanner incorporates the freedom of Bluetooth 2.1 wireless technology to offer complete flexibility for high-performance, hands-free and handheld scanning. The 1202G can \u2018aggressively\u2019 scan<\/p>","protected":false},"featured_media":165315,"template":"","meta":{"_acf_changed":false},"product_brand":[],"product_cat":[5132],"product_tag":[],"class_list":{"0":"post-165316","1":"product","2":"type-product","3":"status-publish","4":"has-post-thumbnail","6":"product_cat-lasare-passersystem","7":"tm-no-options","9":"first","10":"outofstock","11":"sale","12":"taxable","13":"shipping-taxable","14":"purchasable","15":"product-type-simple"},"acf":[],"_links":{"self":[{"href":"https:\/\/secureus.se\/no\/wp-json\/wp\/v2\/product\/165316","targetHints":{"allow":["GET"]}}],"collection":[{"href":"https:\/\/secureus.se\/no\/wp-json\/wp\/v2\/product"}],"about":[{"href":"https:\/\/secureus.se\/no\/wp-json\/wp\/v2\/types\/product"}],"wp:featuredmedia":[{"embeddable":true,"href":"https:\/\/secureus.se\/no\/wp-json\/wp\/v2\/media\/165315"}],"wp:attachment":[{"href":"https:\/\/secureus.se\/no\/wp-json\/wp\/v2\/media?parent=165316"}],"wp:term":[{"taxonomy":"product_brand","embeddable":true,"href":"https:\/\/secureus.se\/no\/wp-json\/wp\/v2\/product_brand?post=165316"},{"taxonomy":"product_cat","embeddable":true,"href":"https:\/\/secureus.se\/no\/wp-json\/wp\/v2\/product_cat?post=165316"},{"taxonomy":"product_tag","embeddable":true,"href":"https:\/\/secureus.se\/no\/wp-json\/wp\/v2\/product_tag?post=165316"}],"curies":[{"name":"wp","href":"https:\/\/api.w.org\/{rel}","templated":true}]}}