{"id":165323,"date":"2026-05-05T14:27:19","date_gmt":"2026-05-05T12:27:19","guid":{"rendered":"https:\/\/secureus.se\/hid-signo-40-reader-pigtail-connection\/"},"modified":"2026-05-05T17:11:48","modified_gmt":"2026-05-05T15:11:48","slug":"hid-signo-40-reader-pigtail-connection","status":"publish","type":"product","link":"https:\/\/secureus.se\/no\/hid-signo-40-reader-pigtail-connection\/","title":{"rendered":"HID\u00ae Signo\u2122 40 Reader &#8211; Pigtail Connection"},"content":{"rendered":"<p>HID Signo 40-leseren er utviklet for profesjonell adgangskontroll administrert via HID Mobile Access\u00ae. Denne kontaktl\u00f8se leseren er enkel \u00e5 installere over en veggbryterboks, og muliggj\u00f8r enkel migrering av adgangskontroll p\u00e5 tvers av frekvensene 2,4 GHz, 13,56 MHz og 125 kHz:<\/p>\n<ul>\n<li>iCLASS Seos\u00ae<\/li>\n<li>iCLASS, iCLASS SE\u00ae, CEPAS<\/li>\n<li>MIFARE\u2122 Classic, MIFARE\u2122 DESFire\u2122<\/li>\n<li>HID Prox\u00ae, Indala Prox\u00ae, AWID Prox\u00ae, EM Prox\u00ae<\/li>\n<\/ul>\n<p>Pigtail-tilkobling<\/p>\n<p>Produsentens delenummer: 40NKS-00-000000<\/p>\n<p>\n <strong><br \/>\n Produktvekt:<br \/>\n 0,50 kg<br \/>\n <\/strong>\n <\/p>\n<p>\n <strong>Pris fra \u20ac246,00<\/strong>\n <\/p>","protected":false},"excerpt":{"rendered":"<p>The HID Signo 40 Reader is designed for professional access control managed via HID Mobile Access\u00ae. Easy to install over a wall switch box, this contactless reader enables easy access<\/p>","protected":false},"featured_media":165317,"template":"","meta":{"_acf_changed":false},"product_brand":[],"product_cat":[5132],"product_tag":[],"class_list":{"0":"post-165323","1":"product","2":"type-product","3":"status-publish","4":"has-post-thumbnail","6":"product_cat-lasare-passersystem","7":"tm-no-options","9":"first","10":"instock","11":"sale","12":"taxable","13":"shipping-taxable","14":"purchasable","15":"product-type-simple"},"acf":[],"_links":{"self":[{"href":"https:\/\/secureus.se\/no\/wp-json\/wp\/v2\/product\/165323","targetHints":{"allow":["GET"]}}],"collection":[{"href":"https:\/\/secureus.se\/no\/wp-json\/wp\/v2\/product"}],"about":[{"href":"https:\/\/secureus.se\/no\/wp-json\/wp\/v2\/types\/product"}],"wp:featuredmedia":[{"embeddable":true,"href":"https:\/\/secureus.se\/no\/wp-json\/wp\/v2\/media\/165317"}],"wp:attachment":[{"href":"https:\/\/secureus.se\/no\/wp-json\/wp\/v2\/media?parent=165323"}],"wp:term":[{"taxonomy":"product_brand","embeddable":true,"href":"https:\/\/secureus.se\/no\/wp-json\/wp\/v2\/product_brand?post=165323"},{"taxonomy":"product_cat","embeddable":true,"href":"https:\/\/secureus.se\/no\/wp-json\/wp\/v2\/product_cat?post=165323"},{"taxonomy":"product_tag","embeddable":true,"href":"https:\/\/secureus.se\/no\/wp-json\/wp\/v2\/product_tag?post=165323"}],"curies":[{"name":"wp","href":"https:\/\/api.w.org\/{rel}","templated":true}]}}