{"id":165338,"date":"2026-05-05T14:27:27","date_gmt":"2026-05-05T12:27:27","guid":{"rendered":"https:\/\/secureus.se\/hid-5365egt00-miniprox-proximity-card-reader\/"},"modified":"2026-05-05T17:10:57","modified_gmt":"2026-05-05T15:10:57","slug":"hid-5365egt00-miniprox-proximity-card-reader","status":"publish","type":"product","link":"https:\/\/secureus.se\/no\/hid-5365egt00-miniprox-proximity-card-reader\/","title":{"rendered":"HID 5365EGT00 MiniProx Proximity Card Reader"},"content":{"rendered":"<p>HID 5365EGT00 Miniprox n\u00e6rhetskortleserens innkapslede elektronikk og slanke, attraktive design gj\u00f8r den ideell for innend\u00f8rs eller utend\u00f8rs bruk og montering.<\/p>\n<ul>\n<li>125 kHx sprosse.<\/li>\n<li>Tilgjengelig med enten pigtail eller koblingslist (koblingslist kun for versjon for eksplosjonsfarlige omr\u00e5der).<\/li>\n<li>Tilgjengelig med Wiegand- eller Clock-and-Data-grensesnitt.<\/li>\n<\/ul>\n<p>\n <strong><br \/>\n Produktvekt:<br \/>\n 0,22 kg<br \/>\n <\/strong>\n <\/p>","protected":false},"excerpt":{"rendered":"<p>The HID 5365EGT00 Miniprox Proximity Card Reader\u2019s potted electronics and slim, attractive design make it ideal for indoor or outdoor use and mounting. 125kHx Mullion. Available with either pigtail or<\/p>","protected":false},"featured_media":165337,"template":"","meta":{"_acf_changed":false},"product_brand":[],"product_cat":[5132],"product_tag":[],"class_list":{"0":"post-165338","1":"product","2":"type-product","3":"status-publish","4":"has-post-thumbnail","6":"product_cat-lasare-passersystem","7":"tm-no-options","9":"first","10":"outofstock","11":"sale","12":"taxable","13":"shipping-taxable","14":"purchasable","15":"product-type-simple"},"acf":[],"_links":{"self":[{"href":"https:\/\/secureus.se\/no\/wp-json\/wp\/v2\/product\/165338","targetHints":{"allow":["GET"]}}],"collection":[{"href":"https:\/\/secureus.se\/no\/wp-json\/wp\/v2\/product"}],"about":[{"href":"https:\/\/secureus.se\/no\/wp-json\/wp\/v2\/types\/product"}],"wp:featuredmedia":[{"embeddable":true,"href":"https:\/\/secureus.se\/no\/wp-json\/wp\/v2\/media\/165337"}],"wp:attachment":[{"href":"https:\/\/secureus.se\/no\/wp-json\/wp\/v2\/media?parent=165338"}],"wp:term":[{"taxonomy":"product_brand","embeddable":true,"href":"https:\/\/secureus.se\/no\/wp-json\/wp\/v2\/product_brand?post=165338"},{"taxonomy":"product_cat","embeddable":true,"href":"https:\/\/secureus.se\/no\/wp-json\/wp\/v2\/product_cat?post=165338"},{"taxonomy":"product_tag","embeddable":true,"href":"https:\/\/secureus.se\/no\/wp-json\/wp\/v2\/product_tag?post=165338"}],"curies":[{"name":"wp","href":"https:\/\/api.w.org\/{rel}","templated":true}]}}