{"id":165353,"date":"2026-05-05T14:27:27","date_gmt":"2026-05-05T12:27:27","guid":{"rendered":"https:\/\/secureus.se\/zebra-ls1203-sr-scanner-usb-kit\/"},"modified":"2026-05-05T17:45:52","modified_gmt":"2026-05-05T15:45:52","slug":"zebra-ls1203-sr-scanner-usb-kit","status":"publish","type":"product","link":"https:\/\/secureus.se\/no\/zebra-ls1203-sr-scanner-usb-kit\/","title":{"rendered":"Zebra LS1203 SR-skanner USB-sett"},"content":{"rendered":"<p>Zebra LS1203 SR-skanneren leverer funksjonalitet, p\u00e5litelighet og reduserer dataregistreringsfeil betydelig for \u00e5 forbedre produktiviteten p\u00e5 arbeidsplassen. Denne toveis h\u00e5ndholdte skanneren er designet for sm\u00e5 bedrifter, leser alle 1D-strekkoder, og plug-and-play-designet gir umiddelbar oppsett. Denne SR-laserskanneren har et arbeidsomr\u00e5de fra kontakt til 25 cm og har en falltoleranse fra 1,5 m til betong.<\/p>\n<ul>\n<li>Inkluderer USB-kabel og stativ<\/li>\n<li>Kablet multigrensesnitt<\/li>\n<li>M\u00e5l: 18,5 cm x 6,4 cm x 6,4 cm (H x B x D)<\/li>\n<li>St\u00f8ttede grensesnitt: USB, RS232, tastaturkile<\/li>\n<li>Skannehastighet: 100 skanninger per sekund<\/li>\n<\/ul>\n<p>\n <strong><br \/>\n Produktvekt:<br \/>\n 1,00 kg<br \/>\n <\/strong>\n <\/p>","protected":false},"excerpt":{"rendered":"<p>The Zebra LS1203 SR scanner delivers functionality, reliability and significantly reduces data entry errors to improve productivity in the workplace. Designed for small businesses, this bi-directional handheld scanner reads all<\/p>","protected":false},"featured_media":165350,"template":"","meta":{"_acf_changed":false},"product_brand":[],"product_cat":[5132],"product_tag":[],"class_list":{"0":"post-165353","1":"product","2":"type-product","3":"status-publish","4":"has-post-thumbnail","6":"product_cat-lasare-passersystem","7":"pa_brands-zebra-2","8":"tm-no-options","10":"first","11":"outofstock","12":"sale","13":"taxable","14":"shipping-taxable","15":"purchasable","16":"product-type-simple"},"acf":[],"_links":{"self":[{"href":"https:\/\/secureus.se\/no\/wp-json\/wp\/v2\/product\/165353","targetHints":{"allow":["GET"]}}],"collection":[{"href":"https:\/\/secureus.se\/no\/wp-json\/wp\/v2\/product"}],"about":[{"href":"https:\/\/secureus.se\/no\/wp-json\/wp\/v2\/types\/product"}],"wp:featuredmedia":[{"embeddable":true,"href":"https:\/\/secureus.se\/no\/wp-json\/wp\/v2\/media\/165350"}],"wp:attachment":[{"href":"https:\/\/secureus.se\/no\/wp-json\/wp\/v2\/media?parent=165353"}],"wp:term":[{"taxonomy":"product_brand","embeddable":true,"href":"https:\/\/secureus.se\/no\/wp-json\/wp\/v2\/product_brand?post=165353"},{"taxonomy":"product_cat","embeddable":true,"href":"https:\/\/secureus.se\/no\/wp-json\/wp\/v2\/product_cat?post=165353"},{"taxonomy":"product_tag","embeddable":true,"href":"https:\/\/secureus.se\/no\/wp-json\/wp\/v2\/product_tag?post=165353"}],"curies":[{"name":"wp","href":"https:\/\/api.w.org\/{rel}","templated":true}]}}