{"id":165360,"date":"2026-05-05T14:27:18","date_gmt":"2026-05-05T12:27:18","guid":{"rendered":"https:\/\/secureus.se\/pac-black-20119-oneprox-gs3-hf-panel-mount-reader\/"},"modified":"2026-05-05T17:23:22","modified_gmt":"2026-05-05T15:23:22","slug":"pac-black-20119-oneprox-gs3-hf-panel-mount-reader","status":"publish","type":"product","link":"https:\/\/secureus.se\/no\/pac-black-20119-oneprox-gs3-hf-panel-mount-reader\/","title":{"rendered":"PAC Black 20119 OneProx GS3 HF Panel Mount Reader"},"content":{"rendered":"<p>Den svarte PAC OneProx GS3 h\u00f8yfrekvente panelmonteringsleseren er designet for \u00e5 passe OEM-d\u00f8rpaneler, noe som gj\u00f8r den til et enkelt ettermonteringsalternativ for integrering med porttelefoner og andre systemer. Leseren er ogs\u00e5 designet for \u00e5 fungere i de mest krevende driftsmilj\u00f8ene, og har en IP65-klassifisering, noe som gj\u00f8r den v\u00e6rbestandig innend\u00f8rs og utend\u00f8rs. Denne leseren er h\u00f8yfrekvensversjonen av OneProx GS3 lavfrekvent panelmonteringsleser.<\/p>\n<ul>\n<li>Kompatibel med PAC Ops, PAC Ops Lite og mange Wiegand-varianter<\/li>\n<li>20 mm leseomr\u00e5de<\/li>\n<li>Livstidsgaranti mot elektronisk feil<\/li>\n<\/ul>\n<p>\n <strong><br \/>\n Produktvekt:<br \/>\n 0,50 kg<br \/>\n <\/strong>\n <\/p>\n<p>\n <strong>Pris fra \u20ac277,20<\/strong>\n <\/p>","protected":false},"excerpt":{"rendered":"<p>The PAC black OneProx GS3 high-frequency panel mount reader.is designed to fit OEM door entry panels which makes it an easy retrofit reader option for integration with intercoms and other<\/p>","protected":false},"featured_media":165359,"template":"","meta":{"_acf_changed":false},"product_brand":[],"product_cat":[5132],"product_tag":[],"class_list":{"0":"post-165360","1":"product","2":"type-product","3":"status-publish","4":"has-post-thumbnail","6":"product_cat-lasare-passersystem","7":"tm-no-options","9":"first","10":"outofstock","11":"sale","12":"taxable","13":"shipping-taxable","14":"purchasable","15":"product-type-simple"},"acf":[],"_links":{"self":[{"href":"https:\/\/secureus.se\/no\/wp-json\/wp\/v2\/product\/165360","targetHints":{"allow":["GET"]}}],"collection":[{"href":"https:\/\/secureus.se\/no\/wp-json\/wp\/v2\/product"}],"about":[{"href":"https:\/\/secureus.se\/no\/wp-json\/wp\/v2\/types\/product"}],"wp:featuredmedia":[{"embeddable":true,"href":"https:\/\/secureus.se\/no\/wp-json\/wp\/v2\/media\/165359"}],"wp:attachment":[{"href":"https:\/\/secureus.se\/no\/wp-json\/wp\/v2\/media?parent=165360"}],"wp:term":[{"taxonomy":"product_brand","embeddable":true,"href":"https:\/\/secureus.se\/no\/wp-json\/wp\/v2\/product_brand?post=165360"},{"taxonomy":"product_cat","embeddable":true,"href":"https:\/\/secureus.se\/no\/wp-json\/wp\/v2\/product_cat?post=165360"},{"taxonomy":"product_tag","embeddable":true,"href":"https:\/\/secureus.se\/no\/wp-json\/wp\/v2\/product_tag?post=165360"}],"curies":[{"name":"wp","href":"https:\/\/api.w.org\/{rel}","templated":true}]}}