{"id":165366,"date":"2026-05-05T14:27:24","date_gmt":"2026-05-05T12:27:24","guid":{"rendered":"https:\/\/secureus.se\/hid-signo-express-20-reader\/"},"modified":"2026-05-05T17:47:13","modified_gmt":"2026-05-05T15:47:13","slug":"hid-signo-express-20-reader","status":"publish","type":"product","link":"https:\/\/secureus.se\/no\/hid-signo-express-20-reader\/","title":{"rendered":"HID\u00ae Signo\u2122 Express 20 Reader"},"content":{"rendered":"<p>Vi introduserer HID\u00ae Signo\u2122 Express 20-leseren: din str\u00f8mlinjeformede l\u00f8sning for sikker fysisk adgangskontroll. Den er designet med fleksibilitet og overkommelighet i tankene, og tilbyr viktige funksjoner skreddersydd for dine behov.<\/p>\n<p>Kom i gang p\u00e5 f\u00e5 minutter med forh\u00e5ndskonfigurerte alternativer rett ut av esken. Dra nytte av bemerkelsesverdig Seos\u00ae-ytelse, som sikrer den beste brukeropplevelsen enten du bruker fysiske kort eller mobilp\u00e5logging.<\/p>\n<p>With support for industry-leading Seos\u00ae credential technology, enjoy robust encryption and unrivaled privacy protection. Seamlessly integrate mobile access via Bluetooth LE and NFC technologies, meeting the demands of today&#8217;s mobile-first world.<\/p>\n<p>Standardiserte Wiegand-utganger og terminaltilkoblinger forenkler installasjonen, mens Bluetooth LE-funksjonalitet muliggj\u00f8r enkle oppgraderinger og administrasjon. Kompatibel med HID Reader Manager for praktisk konfigurasjon og fastvareoppdateringer i felten.<\/p>\n<p>Produsentens delenummer: 20XTKK-X0-000000<\/p>\n<p>\n <strong><br \/>\n Produktvekt:<br \/>\n 0,50 kg<br \/>\n <\/strong>\n <\/p>\n<p>\n <strong>Pris fra \u20ac114,00<\/strong>\n <\/p>","protected":false},"excerpt":{"rendered":"<p>Vi introduserer HID\u00ae Signo\u2122 Express 20-leseren: din str\u00f8mlinjeformede l\u00f8sning for sikker fysisk adgangskontroll. Den er designet med fleksibilitet og overkommelighet i tankene, og tilbyr viktige funksjoner skreddersydd for dine behov.<\/p>","protected":false},"featured_media":165365,"template":"","meta":{"_acf_changed":false},"product_brand":[],"product_cat":[5132],"product_tag":[],"class_list":{"0":"post-165366","1":"product","2":"type-product","3":"status-publish","4":"has-post-thumbnail","6":"product_cat-lasare-passersystem","7":"pa_brands-hid","8":"tm-no-options","10":"first","11":"instock","12":"sale","13":"taxable","14":"shipping-taxable","15":"purchasable","16":"product-type-simple"},"acf":[],"_links":{"self":[{"href":"https:\/\/secureus.se\/no\/wp-json\/wp\/v2\/product\/165366","targetHints":{"allow":["GET"]}}],"collection":[{"href":"https:\/\/secureus.se\/no\/wp-json\/wp\/v2\/product"}],"about":[{"href":"https:\/\/secureus.se\/no\/wp-json\/wp\/v2\/types\/product"}],"wp:featuredmedia":[{"embeddable":true,"href":"https:\/\/secureus.se\/no\/wp-json\/wp\/v2\/media\/165365"}],"wp:attachment":[{"href":"https:\/\/secureus.se\/no\/wp-json\/wp\/v2\/media?parent=165366"}],"wp:term":[{"taxonomy":"product_brand","embeddable":true,"href":"https:\/\/secureus.se\/no\/wp-json\/wp\/v2\/product_brand?post=165366"},{"taxonomy":"product_cat","embeddable":true,"href":"https:\/\/secureus.se\/no\/wp-json\/wp\/v2\/product_cat?post=165366"},{"taxonomy":"product_tag","embeddable":true,"href":"https:\/\/secureus.se\/no\/wp-json\/wp\/v2\/product_tag?post=165366"}],"curies":[{"name":"wp","href":"https:\/\/api.w.org\/{rel}","templated":true}]}}