{"id":165403,"date":"2026-05-05T14:27:25","date_gmt":"2026-05-05T12:27:25","guid":{"rendered":"https:\/\/secureus.se\/stid-arc-one-mullion-mifare-desfire-reader\/"},"modified":"2026-05-05T17:11:27","modified_gmt":"2026-05-05T15:11:27","slug":"stid-arc-one-mullion-mifare-desfire-reader","status":"publish","type":"product","link":"https:\/\/secureus.se\/no\/stid-arc-one-mullion-mifare-desfire-reader\/","title":{"rendered":"STid Arc One Mullion MIFARE\u00ae &amp; DESFire\u00ae Reader"},"content":{"rendered":"<p>Arc One Mullion-leseren er spesielt designet for \u00e5 passe inn i sm\u00e5 rom som d\u00f8rkarmer eller smale monteringsomr\u00e5der, og er enkel \u00e5 integrere i ethvert installasjonsmilj\u00f8. Leseren er v\u00e6rbestandig med vanntett elektronikk og er ideell for b\u00e5de innend\u00f8rs og utend\u00f8rs milj\u00f8er. Arc One Mullion-leseren opererer p\u00e5 13,56 MHz-frekvensen og er en av de sikreste og mest kompakte leserne p\u00e5 markedet.<\/p>\n<ul>\n<li>Verdens mest prisbel\u00f8nte adgangskontrollleser<\/li>\n<li>Designet for sm\u00e5 rom<\/li>\n<li>Leseomr\u00e5de p\u00e5 opptil 6 cm<\/li>\n<\/ul>\n<p>Produsentens delenummer: ARC1-R31-B\/PH5-3i\/1<\/p>\n<p>\n <strong><br \/>\n Produktvekt:<br \/>\n 1,00 kg<br \/>\n <\/strong>\n <\/p>\n<p>\n <strong>Pris fra \u20ac138,00<\/strong>\n <\/p>","protected":false},"excerpt":{"rendered":"<p>Specifically designed to fit into small spaces such as door frames or narrow mounting, the Arc One Mullion reader is easy to incorporate into any installation environment. The reader is<\/p>","protected":false},"featured_media":165399,"template":"","meta":{"_acf_changed":false},"product_brand":[],"product_cat":[5132],"product_tag":[],"class_list":{"0":"post-165403","1":"product","2":"type-product","3":"status-publish","4":"has-post-thumbnail","6":"product_cat-lasare-passersystem","7":"tm-no-options","9":"first","10":"instock","11":"sale","12":"taxable","13":"shipping-taxable","14":"purchasable","15":"product-type-simple"},"acf":[],"_links":{"self":[{"href":"https:\/\/secureus.se\/no\/wp-json\/wp\/v2\/product\/165403","targetHints":{"allow":["GET"]}}],"collection":[{"href":"https:\/\/secureus.se\/no\/wp-json\/wp\/v2\/product"}],"about":[{"href":"https:\/\/secureus.se\/no\/wp-json\/wp\/v2\/types\/product"}],"wp:featuredmedia":[{"embeddable":true,"href":"https:\/\/secureus.se\/no\/wp-json\/wp\/v2\/media\/165399"}],"wp:attachment":[{"href":"https:\/\/secureus.se\/no\/wp-json\/wp\/v2\/media?parent=165403"}],"wp:term":[{"taxonomy":"product_brand","embeddable":true,"href":"https:\/\/secureus.se\/no\/wp-json\/wp\/v2\/product_brand?post=165403"},{"taxonomy":"product_cat","embeddable":true,"href":"https:\/\/secureus.se\/no\/wp-json\/wp\/v2\/product_cat?post=165403"},{"taxonomy":"product_tag","embeddable":true,"href":"https:\/\/secureus.se\/no\/wp-json\/wp\/v2\/product_tag?post=165403"}],"curies":[{"name":"wp","href":"https:\/\/api.w.org\/{rel}","templated":true}]}}