{"id":165413,"date":"2026-05-05T14:27:25","date_gmt":"2026-05-05T12:27:25","guid":{"rendered":"https:\/\/secureus.se\/pac-20110-oneprox-gs3-lf-mullion-reader\/"},"modified":"2026-05-05T17:46:27","modified_gmt":"2026-05-05T15:46:27","slug":"pac-20110-oneprox-gs3-lf-mullion-reader","status":"publish","type":"product","link":"https:\/\/secureus.se\/no\/pac-20110-oneprox-gs3-lf-mullion-reader\/","title":{"rendered":"PAC 20110 OneProx GS3 LF Mullion Reader"},"content":{"rendered":"<p>PAC Oneprox GS3 lavfrekvent postleser er designet for \u00e5 fungere i de mest krevende driftsmilj\u00f8ene og kan installeres p\u00e5 de fleste d\u00f8rkarmer. Leseren har en IP65-klassifisering og er v\u00e6rbestandig b\u00e5de innend\u00f8rs og utend\u00f8rs.<\/p>\n<ul>\n<li>Kompatibel med PAC-, KeyPAC- og tredjepartslegitimasjon (via Wiegand)<\/li>\n<li>85 mm leseomr\u00e5de<\/li>\n<li>Livstidsgaranti mot elektronisk feil<\/li>\n<\/ul>\n<p>\n <strong><br \/>\n Produktvekt:<br \/>\n 0,20 kg<br \/>\n <\/strong>\n <\/p>\n<p>\n <strong>Pris fra \u20ac233,40<\/strong>\n <\/p>","protected":false},"excerpt":{"rendered":"<p>The PAC Oneprox GS3 low-frequency mullion reader is designed to work in the most demanding of operating environments and can be installed onto most door frames. The reader comes with<\/p>","protected":false},"featured_media":165411,"template":"","meta":{"_acf_changed":false},"product_brand":[],"product_cat":[5132],"product_tag":[],"class_list":{"0":"post-165413","1":"product","2":"type-product","3":"status-publish","4":"has-post-thumbnail","6":"product_cat-lasare-passersystem","7":"pa_brands-pac","8":"tm-no-options","10":"first","11":"outofstock","12":"sale","13":"taxable","14":"shipping-taxable","15":"purchasable","16":"product-type-simple"},"acf":[],"_links":{"self":[{"href":"https:\/\/secureus.se\/no\/wp-json\/wp\/v2\/product\/165413","targetHints":{"allow":["GET"]}}],"collection":[{"href":"https:\/\/secureus.se\/no\/wp-json\/wp\/v2\/product"}],"about":[{"href":"https:\/\/secureus.se\/no\/wp-json\/wp\/v2\/types\/product"}],"wp:featuredmedia":[{"embeddable":true,"href":"https:\/\/secureus.se\/no\/wp-json\/wp\/v2\/media\/165411"}],"wp:attachment":[{"href":"https:\/\/secureus.se\/no\/wp-json\/wp\/v2\/media?parent=165413"}],"wp:term":[{"taxonomy":"product_brand","embeddable":true,"href":"https:\/\/secureus.se\/no\/wp-json\/wp\/v2\/product_brand?post=165413"},{"taxonomy":"product_cat","embeddable":true,"href":"https:\/\/secureus.se\/no\/wp-json\/wp\/v2\/product_cat?post=165413"},{"taxonomy":"product_tag","embeddable":true,"href":"https:\/\/secureus.se\/no\/wp-json\/wp\/v2\/product_tag?post=165413"}],"curies":[{"name":"wp","href":"https:\/\/api.w.org\/{rel}","templated":true}]}}