{"id":165466,"date":"2026-05-05T14:27:21","date_gmt":"2026-05-05T12:27:21","guid":{"rendered":"https:\/\/secureus.se\/hid-signo-20-keypad-white-reader-terminal-connection\/"},"modified":"2026-05-05T17:20:42","modified_gmt":"2026-05-05T15:20:42","slug":"hid-signo-20-keypad-white-reader-terminal-connection","status":"publish","type":"product","link":"https:\/\/secureus.se\/no\/hid-signo-20-keypad-white-reader-terminal-connection\/","title":{"rendered":"HID\u00ae Signo\u2122 20 Keypad White Reader &#8211; Terminal Connection"},"content":{"rendered":"<p>HID Signo 20-tastaturleseren i hvit gir enkel administrasjon av flerlags sikkerhet takket v\u00e6re den doble kontaktl\u00f8se leseren og tastaturfunksjonaliteten. Denne leseren, som kan monteres p\u00e5 flat overflate eller p\u00e5 sprosse, leser enkelt 2,4 GHz, 13,56 MHz og 125 kHz brikker, kort og mobilapplikasjoner:<\/p>\n<ul>\n<li>iCLASS Seos\u00ae<\/li>\n<li>iCLASS, iCLASS SE\u00ae, CEPAS<\/li>\n<li>MIFARE\u2122 Classic, MIFARE\u2122 DESFire\u2122<\/li>\n<li>HID Prox\u00ae, Indala Prox\u00ae, AWID Prox\u00ae, EM Prox\u00ae<\/li>\n<li>Ogs\u00e5 tilgjengelig i svart<\/li>\n<\/ul>\n<p>Terminaltilkobling<\/p>\n<p>Produsentens delenummer: 20KTWS-00-00000<\/p>\n<p>\n <strong><br \/>\n Produktvekt:<br \/>\n 1,00 kg<br \/>\n <\/strong>\n <\/p>\n<p>\n <strong>Pris fra \u20ac343,20<\/strong>\n <\/p>","protected":false},"excerpt":{"rendered":"<p>The HID Signo 20 Keypad White Reader provides easy to manage multi-layered security thanks to the dual contactless reader and keypad functionality. Flat surface or mullion-mounted, this reader easily reads<\/p>","protected":false},"featured_media":165463,"template":"","meta":{"_acf_changed":false},"product_brand":[],"product_cat":[5132],"product_tag":[],"class_list":{"0":"post-165466","1":"product","2":"type-product","3":"status-publish","4":"has-post-thumbnail","6":"product_cat-lasare-passersystem","7":"tm-no-options","9":"first","10":"outofstock","11":"sale","12":"taxable","13":"shipping-taxable","14":"purchasable","15":"product-type-simple"},"acf":[],"_links":{"self":[{"href":"https:\/\/secureus.se\/no\/wp-json\/wp\/v2\/product\/165466","targetHints":{"allow":["GET"]}}],"collection":[{"href":"https:\/\/secureus.se\/no\/wp-json\/wp\/v2\/product"}],"about":[{"href":"https:\/\/secureus.se\/no\/wp-json\/wp\/v2\/types\/product"}],"wp:featuredmedia":[{"embeddable":true,"href":"https:\/\/secureus.se\/no\/wp-json\/wp\/v2\/media\/165463"}],"wp:attachment":[{"href":"https:\/\/secureus.se\/no\/wp-json\/wp\/v2\/media?parent=165466"}],"wp:term":[{"taxonomy":"product_brand","embeddable":true,"href":"https:\/\/secureus.se\/no\/wp-json\/wp\/v2\/product_brand?post=165466"},{"taxonomy":"product_cat","embeddable":true,"href":"https:\/\/secureus.se\/no\/wp-json\/wp\/v2\/product_cat?post=165466"},{"taxonomy":"product_tag","embeddable":true,"href":"https:\/\/secureus.se\/no\/wp-json\/wp\/v2\/product_tag?post=165466"}],"curies":[{"name":"wp","href":"https:\/\/api.w.org\/{rel}","templated":true}]}}