{"id":165495,"date":"2026-05-05T14:27:16","date_gmt":"2026-05-05T12:27:16","guid":{"rendered":"https:\/\/secureus.se\/hid-amico-vl70lf-biometric-facial-recognition-reader-7\/"},"modified":"2026-05-05T17:50:27","modified_gmt":"2026-05-05T15:50:27","slug":"hid-amico-vl70lf-biometric-facial-recognition-reader-7","status":"publish","type":"product","link":"https:\/\/secureus.se\/no\/hid-amico-vl70lf-biometric-facial-recognition-reader-7\/","title":{"rendered":"HID\u00ae Amico\u2122 VL70LF Biometric Facial Recognition Reader \u2013 7\u201d"},"content":{"rendered":"<p>7-tommers HID Amico omdefinerer adgangskontroll med banebrytende ansiktsgjenkjenning drevet av AI. Den er designet for hastighet, n\u00f8yaktighet og brukervennlighet, og er perfekt for mellomstore organisasjoner som trenger sikker, kontaktl\u00f8s adgang p\u00e5 kontorer og i omr\u00e5der med mye trafikk. Denne leseren st\u00f8tter et bredt spekter av teknologier p\u00e5 tvers av 13,56 MHz, 125 kHz og 2,4 GHz:\u00a0<\/p>\n<ul>\n<li>Seos\u00ae iCLASS\u00ae\u00a0<\/li>\n<li>iCLASS SE\u2122,\u00a0<\/li>\n<li>MIFARE ISO 14443A \/ 14443B CSN\u00a0<\/li>\n<li>DESFIRE EV1\/2\/3\u00a0<\/li>\n<li>HID PROX\u00ae\u00a0<\/li>\n<li>Bluetooth LE\u00a0<\/li>\n<\/ul>\n<p>Produsentens delenummer: VL70LF\u00a0<\/p>\n<p>\n <strong><br \/>\n Produktvekt:<br \/>\n 0,50 kg<br \/>\n <\/strong>\n <\/p>","protected":false},"excerpt":{"rendered":"<p>The\u00a07\u201d\u00a0HID Amico redefines access control with\u00a0cutting-edge\u00a0facial recognition powered by AI. Designed for speed, accuracy, and ease of use,\u00a0it\u2019s\u00a0perfect for mid-sized organizations needing secure, contactless entry in offices and high-traffic areas.\u00a0This<\/p>","protected":false},"featured_media":165486,"template":"","meta":{"_acf_changed":false},"product_brand":[],"product_cat":[5132],"product_tag":[],"class_list":{"0":"post-165495","1":"product","2":"type-product","3":"status-publish","4":"has-post-thumbnail","6":"product_cat-lasare-passersystem","7":"pa_brands-hid","8":"tm-no-options","10":"first","11":"instock","12":"sale","13":"taxable","14":"shipping-taxable","15":"purchasable","16":"product-type-simple"},"acf":[],"_links":{"self":[{"href":"https:\/\/secureus.se\/no\/wp-json\/wp\/v2\/product\/165495","targetHints":{"allow":["GET"]}}],"collection":[{"href":"https:\/\/secureus.se\/no\/wp-json\/wp\/v2\/product"}],"about":[{"href":"https:\/\/secureus.se\/no\/wp-json\/wp\/v2\/types\/product"}],"wp:featuredmedia":[{"embeddable":true,"href":"https:\/\/secureus.se\/no\/wp-json\/wp\/v2\/media\/165486"}],"wp:attachment":[{"href":"https:\/\/secureus.se\/no\/wp-json\/wp\/v2\/media?parent=165495"}],"wp:term":[{"taxonomy":"product_brand","embeddable":true,"href":"https:\/\/secureus.se\/no\/wp-json\/wp\/v2\/product_brand?post=165495"},{"taxonomy":"product_cat","embeddable":true,"href":"https:\/\/secureus.se\/no\/wp-json\/wp\/v2\/product_cat?post=165495"},{"taxonomy":"product_tag","embeddable":true,"href":"https:\/\/secureus.se\/no\/wp-json\/wp\/v2\/product_tag?post=165495"}],"curies":[{"name":"wp","href":"https:\/\/api.w.org\/{rel}","templated":true}]}}