{"id":165500,"date":"2026-05-05T14:27:16","date_gmt":"2026-05-05T12:27:16","guid":{"rendered":"https:\/\/secureus.se\/elatec-techtracer-lite-kit\/"},"modified":"2026-05-05T17:19:52","modified_gmt":"2026-05-05T15:19:52","slug":"elatec-techtracer-lite-kit","status":"publish","type":"product","link":"https:\/\/secureus.se\/no\/elatec-techtracer-lite-kit\/","title":{"rendered":"Elatec TechTracer Lite Kit"},"content":{"rendered":"<p>Elatec TechTracer muliggj\u00f8r identifisering p\u00e5 stedet av de vanligste lavfrekvente og h\u00f8yfrekvente RFID-teknologiene. Ved ganske enkelt \u00e5 presentere kundens RFID-kort for leseren, viser denne TechTracer detaljer om RFID-teknologien som brukes p\u00e5 PC-en. Den er pakket inn i et robust etui og gir selgerne et kraftig verkt\u00f8y som er enkelt \u00e5 b\u00e6re.<\/p>\n<ul>\n<li>Opererer p\u00e5 fire frekvenser: 125 kHz, 134,2 kHz, 13,56 MHz, 2,4 GHz<\/li>\n<li>Leser samtidig mer enn seksti transponderteknologier (f.eks. HID Prox, HID iCLASS, MIFARE Classic, MIFARE DESFire, osv.)<\/li>\n<li>Plug and play (ingen ekstra programvare, driver eller installasjon n\u00f8dvendig)<\/li>\n<\/ul>\n<p>\u00a0<\/p>\n<p>\n <strong><br \/>\n Produktvekt:<br \/>\n 2.00 kg<br \/>\n <\/strong>\n <\/p>","protected":false},"excerpt":{"rendered":"<p>The Elatec TechTracer enables on-site identification\u00a0of the most common low frequency and high-frequency RFID technologies. Simply by presenting the customers RFID card to the reader, this TechTracer displays details of<\/p>","protected":false},"featured_media":165498,"template":"","meta":{"_acf_changed":false},"product_brand":[],"product_cat":[5132],"product_tag":[],"class_list":{"0":"post-165500","1":"product","2":"type-product","3":"status-publish","4":"has-post-thumbnail","6":"product_cat-lasare-passersystem","7":"tm-no-options","9":"first","10":"outofstock","11":"sale","12":"taxable","13":"shipping-taxable","14":"purchasable","15":"product-type-simple"},"acf":[],"_links":{"self":[{"href":"https:\/\/secureus.se\/no\/wp-json\/wp\/v2\/product\/165500","targetHints":{"allow":["GET"]}}],"collection":[{"href":"https:\/\/secureus.se\/no\/wp-json\/wp\/v2\/product"}],"about":[{"href":"https:\/\/secureus.se\/no\/wp-json\/wp\/v2\/types\/product"}],"wp:featuredmedia":[{"embeddable":true,"href":"https:\/\/secureus.se\/no\/wp-json\/wp\/v2\/media\/165498"}],"wp:attachment":[{"href":"https:\/\/secureus.se\/no\/wp-json\/wp\/v2\/media?parent=165500"}],"wp:term":[{"taxonomy":"product_brand","embeddable":true,"href":"https:\/\/secureus.se\/no\/wp-json\/wp\/v2\/product_brand?post=165500"},{"taxonomy":"product_cat","embeddable":true,"href":"https:\/\/secureus.se\/no\/wp-json\/wp\/v2\/product_cat?post=165500"},{"taxonomy":"product_tag","embeddable":true,"href":"https:\/\/secureus.se\/no\/wp-json\/wp\/v2\/product_tag?post=165500"}],"curies":[{"name":"wp","href":"https:\/\/api.w.org\/{rel}","templated":true}]}}