{"id":41442,"date":"2022-08-24T14:54:40","date_gmt":"2022-08-24T12:54:40","guid":{"rendered":"https:\/\/secureus.se\/produkt\/pclink-5wp-usb\/"},"modified":"2026-01-06T20:50:34","modified_gmt":"2026-01-06T19:50:34","slug":"dsc-programming-interface-usb-pclink","status":"publish","type":"product","link":"https:\/\/secureus.se\/no\/dsc-programming-interface-usb-pclink\/","title":{"rendered":"DSC programmeringsgrensesnitt USB PCLINK-5WP USB"},"content":{"rendered":"<p><strong>DSC programmeringsgrensesnitt USB PCLINK-5WP<\/strong> er en kraftig og brukervennlig USB-kabel som gj\u00f8r det enkelt \u00e5 koble DSC alarmsystemer til en datamaskin for programmering og overv\u00e5king.<\/p>\n<p>Denne kabelen er kompatibel med alle DSC kontrollpaneler og alarmsendere, inkludert BGSM-120, noe som gj\u00f8r den til en allsidig l\u00f8sning for b\u00e5de nye installasjoner og eksisterende systemer.<\/p>\n<p>Med DSC Programming Interface USB kan brukere effektivt administrere og tilpasse sikkerhetssystemene sine via en datamaskin, noe som \u00f8ker bekvemmeligheten og effektiviteten til programmering og fjernoverv\u00e5king.<\/p>\n<p>Kabelen muliggj\u00f8r ogs\u00e5 enkel integrasjon med alarmverifisering og systemoverv\u00e5kingsprogramvare.<\/p>\n<p>PowerSeries Neo tilbyr overlegen fleksibilitet med muligheten til \u00e5 overv\u00e5ke opptil 128 soner tr\u00e5dl\u00f8st og maskinvaremessig, og muligheten til \u00e5 bruke opptil 8 partisjoner tilpasset ulike sikkerhetsl\u00f8sninger.<\/p>\n<p>Med DSC Programming Interface USB f\u00e5r du ikke bare en praktisk l\u00f8sning for programmering, men ogs\u00e5 en viktig komponent i et kraftig og fleksibelt sikkerhetssystem.<\/p>","protected":false},"excerpt":{"rendered":"<p>DSC programmeringsgrensesnitt USB PCLINK-5WP er en USB-kabel for tilkobling til en PC og er kompatibel med alle DSC-sentralenheter og alarmsendere.<\/p>","protected":false},"featured_media":141729,"template":"","meta":{"_acf_changed":false},"product_brand":[],"product_cat":[3332,1322],"product_tag":[3311,3031],"class_list":{"0":"post-41442","1":"product","2":"type-product","3":"status-publish","4":"has-post-thumbnail","6":"product_cat-tillbehor","7":"product_cat-dsc-larm-neo-power-hybridlarm","8":"product_tag-dsc-neo-svensk-manual","9":"product_tag-neo-ovriga-tillbehor","10":"product_shipping_class-postnord-varubrev","11":"pa_brands-4dsc","12":"pa_dsc-neo-hybridlarm-ovriga-tillbehor","13":"tm-has-options","15":"first","16":"outofstock","17":"sale","18":"featured","19":"taxable","20":"shipping-taxable","21":"purchasable","22":"product-type-simple"},"acf":[],"_links":{"self":[{"href":"https:\/\/secureus.se\/no\/wp-json\/wp\/v2\/product\/41442","targetHints":{"allow":["GET"]}}],"collection":[{"href":"https:\/\/secureus.se\/no\/wp-json\/wp\/v2\/product"}],"about":[{"href":"https:\/\/secureus.se\/no\/wp-json\/wp\/v2\/types\/product"}],"wp:featuredmedia":[{"embeddable":true,"href":"https:\/\/secureus.se\/no\/wp-json\/wp\/v2\/media\/141729"}],"wp:attachment":[{"href":"https:\/\/secureus.se\/no\/wp-json\/wp\/v2\/media?parent=41442"}],"wp:term":[{"taxonomy":"product_brand","embeddable":true,"href":"https:\/\/secureus.se\/no\/wp-json\/wp\/v2\/product_brand?post=41442"},{"taxonomy":"product_cat","embeddable":true,"href":"https:\/\/secureus.se\/no\/wp-json\/wp\/v2\/product_cat?post=41442"},{"taxonomy":"product_tag","embeddable":true,"href":"https:\/\/secureus.se\/no\/wp-json\/wp\/v2\/product_tag?post=41442"}],"curies":[{"name":"wp","href":"https:\/\/api.w.org\/{rel}","templated":true}]}}