{"id":41464,"date":"2022-07-14T16:25:59","date_gmt":"2022-07-14T14:25:59","guid":{"rendered":"https:\/\/secureus.se\/produkt\/tagg-nyckelbricka-merkurius-em4200\/"},"modified":"2026-01-06T20:50:11","modified_gmt":"2026-01-06T19:50:11","slug":"tagg-nyckelbricka-merkurius-em4200","status":"publish","type":"product","link":"https:\/\/secureus.se\/no\/tagg-nyckelbricka-merkurius-em4200\/","title":{"rendered":"Tag\/n\u00f8kkelbrikke Merkurius EM4200"},"content":{"rendered":"<p>&quot;Merkurius&quot; RFID-brikken er en fleksibel og liten brikke med m\u00e5lene 31x40x4,4 mm. Den er laget av hardt ABS-materiale med en fin overflate som er perfekt for b\u00e5de gravering og fargelogoer.<\/p>\n<p>Vi tilstreber raske leveranser og er lappene p\u00e5 lager kan vi levere dem innen 1-3 dager. Hvis taggene m\u00e5 tilpasses unikt til bestillingen din, vil leveringstiden v\u00e6re ca. 2 uker. Vi \u00f8nsker \u00e5 sikre at hver tag oppfyller dine spesifikke behov og krav, og det er derfor vi tar oss tid til \u00e5 lage en tilpasset l\u00f8sning for deg.<\/p>\n<p>Kontakt oss i dag for \u00e5 diskutere dine prosjektideer og f\u00e5 en RFID-brikkel\u00f8sning som passer dine behov. Med &quot;Merkurius&quot; RFID-taggen tar du sikkerheten og identifiseringen til neste niv\u00e5. Bestill n\u00e5 og opplev fordelene med v\u00e5rt p\u00e5litelige produkt designet for \u00e5 m\u00f8te dine spesifikke behov.<\/p>\n<p>&quot;Merkurius&quot; RFID-brikken kan enten forsynes med en hvit &quot;ring&quot; p\u00e5 den ene siden for for eksempel logo eller nummer, eller den kan v\u00e6re helt i samme farge, men ogs\u00e5 her med mulighet for \u00e5 trykke logo og nummer .<\/p>\n<p>Vi tilstreber raske leveranser og er lappene p\u00e5 lager kan vi levere dem innen 1-3 dager. Hvis taggene m\u00e5 tilpasses unikt til bestillingen din, vil leveringstiden v\u00e6re ca. 2 uker. Vi \u00f8nsker \u00e5 sikre at hver tag oppfyller dine spesifikke behov og krav, og det er derfor vi tar oss tid til \u00e5 lage en tilpasset l\u00f8sning for deg.<\/p>\n<p>Kontakt oss i dag for \u00e5 diskutere dine prosjektideer og f\u00e5 en RFID-brikkel\u00f8sning som passer dine behov. Med &quot;Merkurius&quot; RFID-taggen tar du sikkerheten og identifiseringen til neste niv\u00e5. Bestill n\u00e5 og opplev fordelene med v\u00e5rt p\u00e5litelige produkt designet for \u00e5 m\u00f8te dine spesifikke behov.<\/p>\n<p>RFID-brikker kan brukes til:<br \/>\nPasssystem<br \/>\nBes\u00f8kssystem<br \/>\nBestilling av klesvask<br \/>\nAlarm og sikkerhet<\/p>\n<p>Fordeler med &quot;Merkurius&quot; RFID-brikker:<br \/>\nHelt valgfritt design og gratis korrektur til du er forn\u00f8yd<br \/>\nMulighet for \u00e5 gravere standardnummer eller inkludere logo<br \/>\nLiten fleksibel brikke som er p\u00e5litelig og har eksistert lenge.<br \/>\nStort utvalg av brikkevarianter for \u00e5 passe ulike behov og alltid p\u00e5 lager.<\/p>","protected":false},"excerpt":{"rendered":"<p>&quot;Merkurius&quot; RFID-brikken er en fleksibel og liten brikke med m\u00e5lene 31x40x4,4 mm. Den er laget av hardt ABS-materiale med en fin overflate som er perfekt for b\u00e5de gravering og<\/p>","protected":false},"featured_media":141864,"template":"","meta":{"_acf_changed":false},"product_brand":[],"product_cat":[1324,2354],"product_tag":[2958],"class_list":{"0":"post-41464","1":"product","2":"type-product","3":"status-publish","4":"has-post-thumbnail","6":"product_cat-outlet","7":"product_cat-rfid-taggar","8":"product_tag-stonehouse-produkt","9":"product_shipping_class-postnord-varubrev","10":"pa_brands-stonehouse-security","11":"pa_chip-teknik-em4200","12":"pa_farg-bla","13":"tm-no-options","15":"first","16":"outofstock","17":"sale","18":"featured","19":"taxable","20":"shipping-taxable","21":"purchasable","22":"product-type-simple"},"acf":[],"_links":{"self":[{"href":"https:\/\/secureus.se\/no\/wp-json\/wp\/v2\/product\/41464","targetHints":{"allow":["GET"]}}],"collection":[{"href":"https:\/\/secureus.se\/no\/wp-json\/wp\/v2\/product"}],"about":[{"href":"https:\/\/secureus.se\/no\/wp-json\/wp\/v2\/types\/product"}],"wp:featuredmedia":[{"embeddable":true,"href":"https:\/\/secureus.se\/no\/wp-json\/wp\/v2\/media\/141864"}],"wp:attachment":[{"href":"https:\/\/secureus.se\/no\/wp-json\/wp\/v2\/media?parent=41464"}],"wp:term":[{"taxonomy":"product_brand","embeddable":true,"href":"https:\/\/secureus.se\/no\/wp-json\/wp\/v2\/product_brand?post=41464"},{"taxonomy":"product_cat","embeddable":true,"href":"https:\/\/secureus.se\/no\/wp-json\/wp\/v2\/product_cat?post=41464"},{"taxonomy":"product_tag","embeddable":true,"href":"https:\/\/secureus.se\/no\/wp-json\/wp\/v2\/product_tag?post=41464"}],"curies":[{"name":"wp","href":"https:\/\/api.w.org\/{rel}","templated":true}]}}