{"id":41489,"date":"2022-07-12T11:34:21","date_gmt":"2022-07-12T09:34:21","guid":{"rendered":"https:\/\/secureus.se\/produkt\/epoxy-em4200-mifare4k-std-nr\/"},"modified":"2025-12-31T21:38:12","modified_gmt":"2025-12-31T20:38:12","slug":"rfid-tagg-epoxy-em4200-mifare4k-std-nr","status":"publish","type":"product","link":"https:\/\/secureus.se\/no\/rfid-tagg-epoxy-em4200-mifare4k-std-nr\/","title":{"rendered":"Merk Epoxy+ EM4200\/Mifare4k med valgfrie tall"},"content":{"rendered":"<h1>Merk Epoxy+ EM4200\/Mifare4k med valgfrie tall<\/h1>\n<h3><strong>Unik og elegant design<\/strong><\/h3>\n<p>V\u00e5r skreddersydde &quot;Epoxy&quot; RFID-brikke er skreddersydd eksklusivt for deg som kunde og har en produksjonstid p\u00e5 cirka 3 uker. Grunnmaterialet til brikken er PVC, som vi forsyner med et lag med epoksylim, som gir den en slitesterk og p\u00e5litelig konstruksjon. Med den imponerende fotolignende utskriftsteknologien kan du sammenligne trykket med et kredittkort\/medlemskort, og det ravaktige utseendet takket v\u00e6re det harde epoksylimet vil RFID-taggen din v\u00e6re unik og elegant.<\/p>\n<p><span style=\"text-decoration: underline\"><strong>Tilfredsstill dine behov for sikkerhet og identifisering<\/strong><\/span><\/p>\n<p>Denne tilpassede &quot;Epoxy&quot; RFID-taggen er perfekt for \u00e5 m\u00f8te dine behov for sikkerhet og identifisering. Enten det gjelder tilgangssystemer, bes\u00f8ksh\u00e5ndtering, vaskeribestilling, alarmer eller andre applikasjoner, er v\u00e5r tag en p\u00e5litelig l\u00f8sning.<\/p>\n<p><span style=\"text-decoration: underline\"><strong>H\u00f8ykvalitets produksjon for kvalitet og funksjonalitet<\/strong><\/span><\/p>\n<p>Vi forst\u00e5r viktigheten av \u00e5 levere h\u00f8ykvalitetsprodukter som oppfyller dine forventninger. Derfor streber vi etter \u00e5 produsere etiketten med omhu og presisjon for \u00e5 sikre dens kvalitet og funksjonalitet.<\/p>\n<p><span style=\"text-decoration: underline\"><strong>Produksjonstid: Ca 3 uker<\/strong><\/span><\/p>\n<p>V\u00e6r oppmerksom p\u00e5 at p\u00e5 grunn av den unike produksjonsprosessen for hver kunde, kan ikke v\u00e5r &quot;Epoxy&quot; RFID-tag sendes raskt. Vi \u00f8nsker \u00e5 tilby deg det best mulige produktet og derfor tar det ca. 3 uker \u00e5 produsere din egendefinerte tag.<\/p>\n<p><span style=\"text-decoration: underline\"><strong>Inkludert i prisen: Tilpasning og gravering<\/strong><\/span><\/p>\n<p>Du sender oss bilde, logo eller tekst s\u00e5 foretar vi en digital retting til du er forn\u00f8yd, deretter graverer vi inn dine systemnumre for tilgangssystemer, alarmer eller serienummer etter dine \u00f8nsker - Alt inkludert i prisen.<\/p>\n<h3>Som alltid fra oss, original chip fra<a href=\"https:\/\/www.nxp.com\/\" rel=\"noopener\"> NXP<\/a> og <a href=\"https:\/\/www.emmicroelectronic.com\/\" rel=\"noopener\">EM mikroelektronikk.<\/a><\/h3>\n<p><strong>Passer for alt og alle!<\/strong><\/p>\n<ul>\n<li>Passsystem<\/li>\n<li>Bes\u00f8kssystem<\/li>\n<li>Bestilling av klesvask<\/li>\n<li>Alarm og sikkerhetssystem<\/li>\n<\/ul>\n<p>&nbsp;<\/p>\n<p><strong>Kontakt oss for en skreddersydd l\u00f8sning<\/strong><\/p>\n<p>Kontakt oss i dag for \u00e5 diskutere dine prosjektideer og f\u00e5 en tilpasset RFID-tagl\u00f8sning som passer dine spesifikke behov. Vi ser frem til \u00e5 lage en unik og elegant RFID-brikke for deg.<\/p>\n<p><strong>RFID-brikker for ulike bruksomr\u00e5der<\/strong><\/p>\n<p><strong>Passsystem<\/strong> - V\u00e5r &quot;Epoxy&quot; RFID-tag er perfekt for bruk i tilgangskontrollsystemer for \u00e5 sikre jevn og sikker tilgangskontroll.<\/p>\n<p><strong>Bes\u00f8kssystem<\/strong> \u2013 Med v\u00e5r RFID-tag kan du effektivt administrere bes\u00f8kende og s\u00f8rge for en smidig registreringsprosess.<\/p>\n<p><strong>Bestilling av klesvask<\/strong> - Bruk v\u00e5r RFID-brikke for enkel og praktisk bestilling av vaskerom.<\/p>\n<p><strong>Alarm og sikkerhet<\/strong> - Forbedre sikkerheten til hjemmet eller bedriften din med v\u00e5r p\u00e5litelige RFID-brikke som kan integreres med alarm- og sikkerhetssystemer.<\/p>\n<p><strong>Fordeler med &quot;Epoxy&quot; RFID-brikker<\/strong><\/p>\n<p><strong>Helt valgfritt design og gratis korrektur til du er forn\u00f8yd<\/strong> \u2013 Vi tilbyr deg muligheten til \u00e5 lage et unikt design for din RFID-brikke og gir deg muligheten til \u00e5 gjennomg\u00e5 og godkjenne beviset f\u00f8r produksjon.<\/p>\n<p><strong>Mulighet for \u00e5 gravere standardnummer eller inkludere logo<\/strong> \u2013 Vi kan gravere standardnummer eller inkludere logoen din p\u00e5 RFID-taggen for \u00e5 gi den et personlig og profesjonelt utseende.<\/p>\n<p><strong>Stort utvalg av brikkevarianter for ulike behov og alltid p\u00e5 lager<\/strong> \u2013 Vi tilbyr et bredt utvalg av brikkevarianter for \u00e5 m\u00f8te ulike sikkerhets- og identifiseringsbehov. I tillegg har vi alltid RFID-brikkene v\u00e5re p\u00e5 lager for rask levering.<\/p>\n<p>Vi er dedikerte til \u00e5 gi deg h\u00f8ykvalitets og p\u00e5litelige RFID-brikker som oppfyller dine behov. V\u00e5rt team av eksperter er tilgjengelig for \u00e5 gi deg best mulig service og st\u00f8tte. Kontakt oss i dag for \u00e5 begynne \u00e5 lage din egendefinerte &quot;Epoxy&quot; RFID-tag og opplev fordelene med sikkerhet og identifikasjon p\u00e5 et nytt niv\u00e5.<\/p>","protected":false},"excerpt":{"rendered":"<p>Med denne taggen kan du velge hvilket utseende du liker, f.eks logo eller hvorfor ikke et bilde p\u00e5 den ene siden og et nummer eller logo p\u00e5 den andre siden.<\/p>\n<p>Kontakt oss og vi produserer gratis digitale bilder av ditt valgte utseende.<\/p>\n<p>V\u00e5rt mest luksuri\u00f8se merke som er veldig popul\u00e6rt.<\/p>\n<p>Den er produsert unikt for deg og har derfor et minimumsbestillingsantall p\u00e5 500 enheter.<\/p>","protected":false},"featured_media":110564,"template":"","meta":{"_acf_changed":false},"product_brand":[],"product_cat":[2354],"product_tag":[2642,2074,2958,2991],"class_list":{"0":"post-41489","1":"product","2":"type-product","3":"status-publish","4":"has-post-thumbnail","6":"product_cat-rfid-taggar","7":"product_tag-500-moq-design-pvc","8":"product_tag-ej-lagerfraga","9":"product_tag-stonehouse-produkt","10":"product_tag-std-nr-taggar","11":"product_shipping_class-postnord-varubrev","12":"pa_brands-stonehouse-security","13":"pa_chip-teknik-kombi-em4200mifare4k","14":"pa_epoxy-med-eller-utan-ring-tagg-epoxy","15":"tm-has-options","17":"first","18":"instock","19":"sale","20":"featured","21":"taxable","22":"shipping-taxable","23":"purchasable","24":"product-type-simple"},"acf":[],"_links":{"self":[{"href":"https:\/\/secureus.se\/no\/wp-json\/wp\/v2\/product\/41489","targetHints":{"allow":["GET"]}}],"collection":[{"href":"https:\/\/secureus.se\/no\/wp-json\/wp\/v2\/product"}],"about":[{"href":"https:\/\/secureus.se\/no\/wp-json\/wp\/v2\/types\/product"}],"wp:featuredmedia":[{"embeddable":true,"href":"https:\/\/secureus.se\/no\/wp-json\/wp\/v2\/media\/110564"}],"wp:attachment":[{"href":"https:\/\/secureus.se\/no\/wp-json\/wp\/v2\/media?parent=41489"}],"wp:term":[{"taxonomy":"product_brand","embeddable":true,"href":"https:\/\/secureus.se\/no\/wp-json\/wp\/v2\/product_brand?post=41489"},{"taxonomy":"product_cat","embeddable":true,"href":"https:\/\/secureus.se\/no\/wp-json\/wp\/v2\/product_cat?post=41489"},{"taxonomy":"product_tag","embeddable":true,"href":"https:\/\/secureus.se\/no\/wp-json\/wp\/v2\/product_tag?post=41489"}],"curies":[{"name":"wp","href":"https:\/\/api.w.org\/{rel}","templated":true}]}}