{"id":41491,"date":"2022-07-12T11:34:13","date_gmt":"2022-07-12T09:34:13","guid":{"rendered":"https:\/\/secureus.se\/produkt\/epoxy-em4200-mifare1k-std-nr\/"},"modified":"2026-02-05T10:54:46","modified_gmt":"2026-02-05T09:54:46","slug":"rfid-tagg-epoxy-em4200-mifare1k-std-nr","status":"publish","type":"product","link":"https:\/\/secureus.se\/no\/rfid-tagg-epoxy-em4200-mifare1k-std-nr\/","title":{"rendered":"Merk Epoxy+ EM4200\/Mifare1k med valgfrie tall"},"content":{"rendered":"<h1>Merk Epoxy+ EM4200\/Mifare1k med valgfrie tall<\/h1>\n<h3><strong>Unik og elegant design<\/strong><\/h3>\n<p>V\u00e5r skreddersydde &quot;Epoxy&quot; RFID-brikke er skreddersydd eksklusivt for deg som kunde og har en produksjonstid p\u00e5 cirka 3 uker. Grunnmaterialet til brikken er PVC, som vi forsyner med et lag med epoksylim, som gir den en slitesterk og p\u00e5litelig konstruksjon. Med den imponerende fotolignende utskriftsteknologien kan du sammenligne trykket med et kredittkort\/medlemskort, og det ravaktige utseendet takket v\u00e6re det harde epoksylimet vil RFID-taggen din v\u00e6re unik og elegant.<\/p>\n<p><span style=\"text-decoration: underline\"><strong>Tilfredsstill dine behov for sikkerhet og identifisering<\/strong><\/span><\/p>\n<p>Denne tilpassede &quot;Epoxy&quot; RFID-taggen er perfekt for \u00e5 m\u00f8te dine behov for sikkerhet og identifisering. Enten det gjelder tilgangssystemer, bes\u00f8ksh\u00e5ndtering, vaskeribestilling, alarmer eller andre applikasjoner, er v\u00e5r tag en p\u00e5litelig l\u00f8sning.<\/p>\n<p><span style=\"text-decoration: underline\"><strong>H\u00f8ykvalitets produksjon for kvalitet og funksjonalitet<\/strong><\/span><\/p>\n<p>Vi forst\u00e5r viktigheten av \u00e5 levere h\u00f8ykvalitetsprodukter som oppfyller dine forventninger. Derfor streber vi etter \u00e5 produsere etiketten med omhu og presisjon for \u00e5 sikre dens kvalitet og funksjonalitet.<\/p>\n<p><span style=\"text-decoration: underline\"><strong>Produksjonstid: Ca 3 uker<\/strong><\/span><\/p>\n<p>V\u00e6r oppmerksom p\u00e5 at p\u00e5 grunn av den unike produksjonsprosessen for hver kunde, kan ikke v\u00e5r &quot;Epoxy&quot; RFID-tag sendes raskt. Vi \u00f8nsker \u00e5 tilby deg det best mulige produktet og derfor tar det ca. 3 uker \u00e5 produsere din egendefinerte tag.<\/p>\n<p><span style=\"text-decoration: underline\"><strong>Inkludert i prisen: Tilpasning og gravering<\/strong><\/span><\/p>\n<p>Du sender oss bilde, logo eller tekst s\u00e5 foretar vi en digital retting til du er forn\u00f8yd, deretter graverer vi inn dine systemnumre for tilgangssystemer, alarmer eller serienummer etter dine \u00f8nsker - Alt inkludert i prisen.<\/p>\n<h3>Som alltid fra oss, original chip fra<a href=\"https:\/\/www.nxp.com\/\" rel=\"noopener\"> NXP<\/a> og <a href=\"https:\/\/www.emmicroelectronic.com\/\" rel=\"noopener\">EM mikroelektronikk.<\/a><\/h3>\n<p><strong>Passer for alt og alle!<\/strong><\/p>\n<ul>\n<li>Passsystem<\/li>\n<li>Bes\u00f8kssystem<\/li>\n<li>Bestilling av klesvask<\/li>\n<li>Alarm og sikkerhetssystem<\/li>\n<\/ul>","protected":false},"excerpt":{"rendered":"<p>Med denne taggen kan du velge hvilket utseende du liker, f.eks logo eller hvorfor ikke et bilde p\u00e5 den ene siden og et nummer eller logo p\u00e5 den andre siden.<\/p>\n<p>Kontakt oss og vi produserer gratis digitale bilder av ditt valgte utseende.<\/p>\n<p>V\u00e5rt mest luksuri\u00f8se merke som er veldig popul\u00e6rt.<\/p>\n<p>Den er produsert unikt for deg og har derfor et minimumsbestillingsantall p\u00e5 500 enheter.<\/p>","protected":false},"featured_media":110564,"template":"","meta":{"_acf_changed":false},"product_brand":[],"product_cat":[2354],"product_tag":[2642,2074,2958,2991],"class_list":{"0":"post-41491","1":"product","2":"type-product","3":"status-publish","4":"has-post-thumbnail","6":"product_cat-rfid-taggar","7":"product_tag-500-moq-design-pvc","8":"product_tag-ej-lagerfraga","9":"product_tag-stonehouse-produkt","10":"product_tag-std-nr-taggar","11":"product_shipping_class-postnord-varubrev","12":"pa_brands-stonehouse-security","13":"pa_chip-teknik-kombi-em4200mifare1k","14":"pa_epoxy-med-eller-utan-ring-tagg-epoxy","15":"pa_farg-svart","16":"tm-has-options","18":"first","19":"instock","20":"sale","21":"featured","22":"taxable","23":"shipping-taxable","24":"purchasable","25":"product-type-simple"},"acf":[],"_links":{"self":[{"href":"https:\/\/secureus.se\/no\/wp-json\/wp\/v2\/product\/41491","targetHints":{"allow":["GET"]}}],"collection":[{"href":"https:\/\/secureus.se\/no\/wp-json\/wp\/v2\/product"}],"about":[{"href":"https:\/\/secureus.se\/no\/wp-json\/wp\/v2\/types\/product"}],"wp:featuredmedia":[{"embeddable":true,"href":"https:\/\/secureus.se\/no\/wp-json\/wp\/v2\/media\/110564"}],"wp:attachment":[{"href":"https:\/\/secureus.se\/no\/wp-json\/wp\/v2\/media?parent=41491"}],"wp:term":[{"taxonomy":"product_brand","embeddable":true,"href":"https:\/\/secureus.se\/no\/wp-json\/wp\/v2\/product_brand?post=41491"},{"taxonomy":"product_cat","embeddable":true,"href":"https:\/\/secureus.se\/no\/wp-json\/wp\/v2\/product_cat?post=41491"},{"taxonomy":"product_tag","embeddable":true,"href":"https:\/\/secureus.se\/no\/wp-json\/wp\/v2\/product_tag?post=41491"}],"curies":[{"name":"wp","href":"https:\/\/api.w.org\/{rel}","templated":true}]}}