{"id":41515,"date":"2022-07-12T11:20:44","date_gmt":"2022-07-12T09:20:44","guid":{"rendered":"https:\/\/secureus.se\/produkt\/tagg-kombi-glasfiber-hd-em4200-mifare1k-std-nr\/"},"modified":"2026-03-09T14:43:58","modified_gmt":"2026-03-09T13:43:58","slug":"rfid-tagg-kombi-glasfiber-hd-std-nr","status":"publish","type":"product","link":"https:\/\/secureus.se\/no\/rfid-tagg-kombi-glasfiber-hd-std-nr\/","title":{"rendered":"Tag Combi EM4200 + Mifare1k\u00ae Svart \u2013 Alarm Access System \u2013 Glassfiber HD Vandalsikker"},"content":{"rendered":"<h1>Tag Combi EM4200\/Mifare1k Glassfiber HD<\/h1>\n<h3>Tag for Alarm\/Passersystem og booking.<\/h3>\n<p><strong>Her har vi lagt til standardnummer for f\u00f8lgende systemer for:<\/strong><\/p>\n<p><span style=\"text-decoration: underline\"><strong>For EM4200: ASSA (S), RCO Security (R), Axema VAKA (V), Bewator\/Vanderbilt (B)<\/strong><\/span><\/p>\n<p><span style=\"text-decoration: underline\"><strong>Mifare: MFR=RCO, MFV=Axema VAKA, MFD=Desimallesing for andre systemer innenfor det svenske markedet.<\/strong><\/span><\/p>\n<div>\n<p><span style=\"text-decoration: underline\"><strong><span style=\"font-size: 16px\">Denne innovative n\u00f8kkelbrikken er spesialdesignet for \u00e5 m\u00f8te dine behov for sikkerhet og identifisering. Med sin robuste konstruksjon og imponerende funksjonalitet gir RFUD-taggen &quot;Glasfiber HD&quot; en p\u00e5litelig og effektiv l\u00f8sning for ulike bruksomr\u00e5der.<\/span><\/strong><\/span><\/p>\n<\/div>\n<p>Vi tilbyr flere varianter av brikker Glasfiber HD for \u00e5 m\u00f8te dine spesifikke krav.<\/p>\n<p>Det er flere produkter du kan velge mellom EM4200, Mifare1k, kombinasjonen av Mifare1k og EM4200, Mifare4k, og kombinasjonen av Mifare4k og EM4200.<\/p>\n<p>Hver variant har sine egne unike egenskaper og funksjoner, noe som gir deg fleksibilitet og allsidighet.<\/p>\n<p>For \u00e5 tilpasse n\u00f8kkelbrikken ytterligere, tilbyr vi muligheten til \u00e5 gravere tall som serienumre eller tall fra tilgangssystemene dine<\/p>\n<p>(RCO, Vanderbilt, Bewator, Axema Aptus ASSA etc.).<\/p>\n<p>Dette letter identifiseringen og administrasjonen av taggene dine, sparer tid og \u00f8ker effektiviteten i arbeidsflyten.<\/p>\n<p>Glassfiber HD er ogs\u00e5 tilgjengelig med ferdige tall inngravert i v\u00e5r butikk, du kan ogs\u00e5 bestille 500 og oppover med egne tall.<\/p>\n<h3>Som alltid fra oss, original chip fra<a href=\"https:\/\/www.nxp.com\/\" rel=\"noopener\"> NXP<\/a> og <a href=\"https:\/\/www.emmicroelectronic.com\/\" rel=\"noopener\">EM mikroelektronikk.<\/a><\/h3>\n<p><strong>Passer for alt og alle!<\/strong><\/p>\n<ul>\n<li>Passsystem<\/li>\n<li>Bes\u00f8kssystem<\/li>\n<li>Bestilling av klesvask<\/li>\n<li>Alarm og sikkerhetssystem<\/li>\n<\/ul>\n<p>&nbsp;<\/p>","protected":false},"excerpt":{"rendered":"<p>RFID-tag &quot;Glasfiber HD&quot; - Vandalsikker og vanntett - den perfekte l\u00f8sningen for sikkerhets- og identifiseringssystemer. Combi EM4200\/Mifare1k-brikke med tilgangssystem-klare tall inngravert p\u00e5 taggen. Dette produktet har sertifisert brikke fra NXP\u00ae som er et globalt teknologiselskap med hovedkontor i Holland. NXP\u00ae spesialiserer seg p\u00e5 RFID og NFC og tilbyr en rekke produkter innen sikkerhet, tilkobling og innebygde l\u00f8sninger<\/p>","protected":false},"featured_media":133942,"template":"","meta":{"_acf_changed":false},"product_brand":[],"product_cat":[1349,4786],"product_tag":[2436,2074,4146,2958],"class_list":{"0":"post-41515","1":"product","2":"type-product","3":"status-publish","4":"has-post-thumbnail","6":"product_cat-rfid-tag-glasfiber","7":"product_cat-mifare1kem4200-tagg","8":"product_tag-250-moq-hd","9":"product_tag-ej-lagerfraga","10":"product_tag-nxp","11":"product_tag-stonehouse-produkt","12":"product_shipping_class-postnord-varubrev","13":"pa_brands-stonehouse-security","14":"pa_chip-teknik-kombi-em4200mifare1k","15":"pa_farg-svart","16":"pa_tagg-glasfiber-tagg-glasfiber-hd","17":"tm-no-options","19":"first","20":"instock","21":"sale","22":"featured","23":"taxable","24":"shipping-taxable","25":"purchasable","26":"product-type-simple"},"acf":[],"_links":{"self":[{"href":"https:\/\/secureus.se\/no\/wp-json\/wp\/v2\/product\/41515","targetHints":{"allow":["GET"]}}],"collection":[{"href":"https:\/\/secureus.se\/no\/wp-json\/wp\/v2\/product"}],"about":[{"href":"https:\/\/secureus.se\/no\/wp-json\/wp\/v2\/types\/product"}],"wp:featuredmedia":[{"embeddable":true,"href":"https:\/\/secureus.se\/no\/wp-json\/wp\/v2\/media\/133942"}],"wp:attachment":[{"href":"https:\/\/secureus.se\/no\/wp-json\/wp\/v2\/media?parent=41515"}],"wp:term":[{"taxonomy":"product_brand","embeddable":true,"href":"https:\/\/secureus.se\/no\/wp-json\/wp\/v2\/product_brand?post=41515"},{"taxonomy":"product_cat","embeddable":true,"href":"https:\/\/secureus.se\/no\/wp-json\/wp\/v2\/product_cat?post=41515"},{"taxonomy":"product_tag","embeddable":true,"href":"https:\/\/secureus.se\/no\/wp-json\/wp\/v2\/product_tag?post=41515"}],"curies":[{"name":"wp","href":"https:\/\/api.w.org\/{rel}","templated":true}]}}