{"id":41553,"date":"2022-07-12T11:16:20","date_gmt":"2022-07-12T09:16:20","guid":{"rendered":"https:\/\/secureus.se\/produkt\/tagg-kombi-abs-pro-em4200-mifare4k-std-nr-6\/"},"modified":"2026-03-27T14:44:22","modified_gmt":"2026-03-27T13:44:22","slug":"kombitagg-4k-std-vit-pro","status":"publish","type":"product","link":"https:\/\/secureus.se\/no\/kombitagg-4k-std-vit-pro\/","title":{"rendered":"Kombinasjonsbrikke EM4200 + Mifare4k\u00ae \u2013 Alarm Access Control System Hvit \u2013 Pro"},"content":{"rendered":"<h1>Kombinasjonstag ABS Pro EM4200\/Mifare4k<\/h1>\n<h3><strong>Alarm Passkontroll - Bestilling - Bes\u00f8k<\/strong><\/h3>\n<p><strong>Her har vi gravert standardnummer p\u00e5 kombinasjonsmerket for:<\/strong><\/p>\n<p><strong><span style=\"text-decoration: underline\">For EM4200:<\/span><\/strong><\/p>\n<p><strong><span style=\"text-decoration: underline\">RCO Security (R), , Axema VAKA (V), Bewator\/Vanderbilt (B), ASSA ARX (S)<\/span><\/strong><\/p>\n<p><strong><span style=\"text-decoration: underline\">For Mifare:<\/span><\/strong><\/p>\n<p><strong><span style=\"text-decoration: underline\">RCO (MFR), Axema VAKA (MFV), ASSA, Aptus, Bewator,<\/span><\/strong><\/p>\n<p><strong><span style=\"text-decoration: underline\">Axema, Axema VAKA, Vanderbilt og andre (MFD)<\/span><\/strong><\/p>\n<p>Denne taggen fungerer i alle systemer som bruker EM- og Mifare-teknologi, inkludert RCO, Bewator\/Vanderbilt, Aptus, ASSA ARX og andre typer systemer,<\/p>\n<p>f.eks bes\u00f8kssystem eller p\u00e5logging til datamaskiner\/skrivere.<\/p>\n<p>V\u00e5r &quot;ABS Pro&quot; er laget for \u00e5 m\u00f8te de mest krevende behovene innen sikkerhet og identifikasjon.<\/p>\n<p>Med sin robuste konstruksjon i ABS-materiale og tynn profil p\u00e5 kun 2,9 mm gir den en perfekt balanse mellom holdbarhet og eleganse.<\/p>\n<p>Den rene finishen gj\u00f8r den ideell for gravering med standardnummer eller inkludert logoen din, enten gjennom gravert eller farget finish.<\/p>\n<p>Enten du trenger et p\u00e5litelig produkt for tilgangssystemer, bes\u00f8kssystemer, booking, alarmer, billadere, lagerstyring eller andre applikasjoner,<\/p>\n<p>da er v\u00e5r &quot;ABS Pro&quot; det perfekte valget.<\/p>\n<p>Den finnes i mange varianter og vi kan ogs\u00e5 produsere den med eget valg av brikke.<\/p>\n<p>Standard i dag for tilgangstagger er: EM4200, Mifare1k, kombinasjonen av Mifare1k og EM4200, Mifare4k, kombinasjonen av Mifare4k og EM4200, samt DESFire,<\/p>\n<p>du kan skreddersy l\u00f8sningen for \u00e5 passe dine spesifikke behov.<\/p>\n<p>Vi forst\u00e5r viktigheten av \u00e5 levere RFID-brikker av h\u00f8y kvalitet som oppfyller dagens krav og forventninger.<\/p>\n<p>Det er derfor vi streber etter \u00e5 tilby den beste teknologien og kompatibiliteten for \u00e5 forbedre sikkerheten og effektiviteten til systemene dine.<\/p>\n<h3><strong>Tilpasset unike prosjekter - Kombi tag<\/strong><\/h3>\n<p>Fordelene med v\u00e5re RFID-brikker inkluderer kompatibilitet med forskjellige systemer\/teknologier samt muligheten til \u00e5 skreddersy taggene for \u00e5 passe unike prosjekter.<\/p>\n<p>Vi kan programmere og integrere forskjellige brikker for \u00e5 m\u00f8te spesifikke applikasjonskrav og lage tilpassede l\u00f8sninger.<\/p>\n<p>Kontakt oss i dag for \u00e5 diskutere dine prosjektideer og f\u00e5 en tilpasset RFID-tagl\u00f8sning for dine behov.<\/p>\n<h5><strong>Rask levering og alltid p\u00e5 lager<\/strong><\/h5>\n<p>&quot;ABS Pro&quot; RFID n\u00f8kkelbrikke er alltid p\u00e5 lager med over 80 000 enheter i 6 farger (r\u00f8d, bl\u00e5, hvit, svart, gr\u00f8nn, gul) og med forskjellige brikker.<\/p>\n<p>Ved hjelp av v\u00e5re lasermaskiner og programvare kan du velge logo &amp; unikt nummer for gravering med levering innen 1-3 dager.<\/p>\n<h3>Som alltid! Kombinasjonsbrikke med Original chip fra<a href=\"https:\/\/www.nxp.com\/\" rel=\"noopener\"> NXP<\/a> og <a href=\"https:\/\/www.emmicroelectronic.com\/\" rel=\"noopener\">EM mikroelektronikk.<\/a><\/h3>\n<p><strong>Passer for alt og alle!<\/strong><\/p>\n<ul>\n<li>Passsystem<\/li>\n<li>Bes\u00f8kssystem<\/li>\n<li>Reservasjon<\/li>\n<li>Alarm og sikkerhetssystem<\/li>\n<\/ul>\n<p><strong>Fordeler med &quot;ABS Pro&quot;<\/strong><\/p>\n<ul>\n<li>Robust konstruksjon i ABS-materiale<\/li>\n<li>Tynn profil p\u00e5 kun 2,9 mm<\/li>\n<li>Mulighet for \u00e5 gravere standardnummer eller inkludere logo<\/li>\n<li>Stort utvalg av brikkevarianter for \u00e5 passe ulike behov og alltid p\u00e5 lager.<\/li>\n<\/ul>","protected":false},"excerpt":{"rendered":"<p>V\u00e5r mest popul\u00e6re RFID-tag &quot;ABS Pro&quot; \u2013 den perfekte l\u00f8sningen for sikkerhets- og identifiseringssystemer. Her med dobbel brikke i combo tag: EM4200+Mifare4k brikke. Med inngraverte tall for tilgangssystem. Taggen er kun 2,9 mm tykk, laget av hardt ABS-materiale med en elegant overflate som passer overalt. Dette produktet har sertifisert brikke fra NXP\u00ae, et globalt teknologiselskap med hovedkontor i Holland. NXP\u00ae spesialiserer seg p\u00e5 RFID og NFC og tilbyr en rekke produkter innen sikkerhet, tilkobling og innebygde l\u00f8sninger<\/p>","protected":false},"featured_media":163680,"template":"","meta":{"_acf_changed":false},"product_brand":[],"product_cat":[1340,4787,2354],"product_tag":[2074,4146,2405,2958,2991,2966],"class_list":{"0":"post-41553","1":"product","2":"type-product","3":"status-publish","4":"has-post-thumbnail","6":"product_cat-rfid-tagg-abs-pro","7":"product_cat-mifare4kem4200-tagg","8":"product_cat-rfid-taggar","9":"product_tag-ej-lagerfraga","10":"product_tag-nxp","11":"product_tag-rel-rfid","12":"product_tag-stonehouse-produkt","13":"product_tag-std-nr-taggar","14":"product_tag-utvalda-taggar-kombitaggar-med-dubbla-chip","15":"product_shipping_class-postnord-varubrev","16":"pa_brands-stonehouse-security","17":"pa_chip-teknik-kombi-em4200mifare4k","18":"pa_farg-vit","19":"tm-has-options","21":"first","22":"instock","23":"sale","24":"featured","25":"taxable","26":"shipping-taxable","27":"purchasable","28":"product-type-simple"},"acf":[],"_links":{"self":[{"href":"https:\/\/secureus.se\/no\/wp-json\/wp\/v2\/product\/41553","targetHints":{"allow":["GET"]}}],"collection":[{"href":"https:\/\/secureus.se\/no\/wp-json\/wp\/v2\/product"}],"about":[{"href":"https:\/\/secureus.se\/no\/wp-json\/wp\/v2\/types\/product"}],"wp:featuredmedia":[{"embeddable":true,"href":"https:\/\/secureus.se\/no\/wp-json\/wp\/v2\/media\/163680"}],"wp:attachment":[{"href":"https:\/\/secureus.se\/no\/wp-json\/wp\/v2\/media?parent=41553"}],"wp:term":[{"taxonomy":"product_brand","embeddable":true,"href":"https:\/\/secureus.se\/no\/wp-json\/wp\/v2\/product_brand?post=41553"},{"taxonomy":"product_cat","embeddable":true,"href":"https:\/\/secureus.se\/no\/wp-json\/wp\/v2\/product_cat?post=41553"},{"taxonomy":"product_tag","embeddable":true,"href":"https:\/\/secureus.se\/no\/wp-json\/wp\/v2\/product_tag?post=41553"}],"curies":[{"name":"wp","href":"https:\/\/api.w.org\/{rel}","templated":true}]}}