{"id":41574,"date":"2022-07-12T10:33:21","date_gmt":"2022-07-12T08:33:21","guid":{"rendered":"https:\/\/secureus.se\/produkt\/kombi-abs-hd-em4200-mifare1k-std-nr\/"},"modified":"2026-03-09T14:45:25","modified_gmt":"2026-03-09T13:45:25","slug":"rfid-tagg-kombi-glasfiber-hd-std-nr-2","status":"publish","type":"product","link":"https:\/\/secureus.se\/no\/rfid-tagg-kombi-glasfiber-hd-std-nr-2\/","title":{"rendered":"Tag Combi EM4200 + Mifare4k\u00ae \u2013 Alarm Access System Svart  \u2013 Glassfiber HD Vandalsikker"},"content":{"rendered":"<h1>Tag Combi EM4200\/Mifare4k Glassfiber HD<\/h1>\n<h3>Tag for Alarm\/Passersystem og booking.<\/h3>\n<p><span style=\"text-decoration: underline\"><strong>Her med standardnummer inngravert p\u00e5 brikken for stort sett alle sikkerhetssystemer.<\/strong><\/span><\/p>\n<div>\n<p><span style=\"text-decoration: underline\"><strong>RCO (MFR), Axema VAKA (MFV)<\/strong><\/span><\/p>\n<p><span style=\"text-decoration: underline\"><strong>(MFD) ASSA, Aptus, Bewator, Axema, Axema VAKA, Vanderbilt<\/strong><\/span><\/p>\n<p><span style=\"text-decoration: underline\"><strong>A = Aptus, R=RCO, AX=Axema, S=ASSA<\/strong><\/span><\/p>\n<p><span style=\"text-decoration: underline\"><strong>V=Axema VAKA og B= Bewator\/Vanderbilt.<\/strong><\/span><\/p>\n<\/div>\n<p>V\u00e5r &quot;Tagg Fiberglass HD&quot; er ikke bare teknisk avansert, den er ogs\u00e5 ekstremt slitesterk og p\u00e5litelig.<\/p>\n<p>Laget av ekstra forsterket glassfiber\/epoksymateriale og kun 1,6 mm tynt, t\u00e5ler den t\u00f8ffe milj\u00f8er og p\u00e5kjenninger uten at det g\u00e5r p\u00e5 bekostning av ytelsen.<\/p>\n<p>I tillegg er taggen vanntett, noe som gir beskyttelse mot fuktighet og fuktighet og gj\u00f8r den egnet for b\u00e5de innend\u00f8rs og utend\u00f8rs bruk.<\/p>\n<p>Denne innovative n\u00f8kkelbrikken er spesialdesignet for \u00e5 m\u00f8te dine behov for sikkerhet og identifisering.<\/p>\n<p>Med sin robuste konstruksjon og imponerende funksjonalitet gir RFID-taggen &quot;Glasfiber HD&quot; en p\u00e5litelig og effektiv l\u00f8sning for ulike bruksomr\u00e5der.<\/p>\n<p>Vi tilbyr flere varianter av &quot;Fiberglass HD&quot; for \u00e5 m\u00f8te dine spesifikke krav.<\/p>\n<p>Det er flere produkter du kan velge mellom EM4200, Mifare1k, kombinasjonen av Mifare1k og EM4200, Mifare4k, og kombinasjonen av Mifare4k og EM4200.<\/p>\n<p>Hver variant har sine egne unike egenskaper og funksjoner, noe som gir deg fleksibilitet og allsidighet.<\/p>\n<p>For \u00e5 tilpasse n\u00f8kkelbrikken ytterligere, tilbyr vi muligheten til \u00e5 gravere tall som serienumre,<\/p>\n<p>eller numre fra tilgangssystemene dine (RCO, Vanderbilt, Bewator, Axema Aptus ASSA, etc.).<\/p>\n<p>Dette letter identifiseringen og administrasjonen av taggene dine, sparer tid og \u00f8ker effektiviteten i arbeidsflyten.<\/p>\n<h3>Som alltid fra oss, original chip fra<a href=\"https:\/\/www.nxp.com\/\" rel=\"noopener\"> NXP<\/a> og <a href=\"https:\/\/www.emmicroelectronic.com\/\" rel=\"noopener\">EM mikroelektronikk.<\/a><\/h3>\n<p><strong>Passer for alt og alle!<\/strong><\/p>\n<ul>\n<li>Passsystem<\/li>\n<li>Bes\u00f8kssystem<\/li>\n<li>Bestilling av klesvask<\/li>\n<li>Alarm og sikkerhetssystem<\/li>\n<\/ul>\n<p>&nbsp;<\/p>","protected":false},"excerpt":{"rendered":"<p>Tagg Glasfiber HD \u2013 Vandalsikker og vanntett \u2013 den perfekte l\u00f8sningen for sikkerhets- og identifiseringssystemer.<br \/>\nCombi EM4200\/Mifare4k-brikke med tilgangssystem-klare tall inngravert p\u00e5 taggen. Dette produktet har sertifisert brikke fra NXP\u00ae som er et globalt teknologiselskap med hovedkontor i Holland. NXP\u00ae spesialiserer seg p\u00e5 RFID og NFC og tilbyr en rekke produkter innen sikkerhet, tilkobling og innebygde l\u00f8sninger<\/p>","protected":false},"featured_media":133942,"template":"","meta":{"_acf_changed":false},"product_brand":[],"product_cat":[1349,4787],"product_tag":[2436,2074,4146,2958],"class_list":{"0":"post-41574","1":"product","2":"type-product","3":"status-publish","4":"has-post-thumbnail","6":"product_cat-rfid-tag-glasfiber","7":"product_cat-mifare4kem4200-tagg","8":"product_tag-250-moq-hd","9":"product_tag-ej-lagerfraga","10":"product_tag-nxp","11":"product_tag-stonehouse-produkt","12":"product_shipping_class-postnord-varubrev","13":"pa_brands-stonehouse-security","14":"pa_chip-teknik-kombi-em4200mifare1k","15":"pa_farg-svart","16":"pa_tagg-glasfiber-tagg-glasfiber-hd","17":"tm-has-options","19":"first","20":"instock","21":"sale","22":"featured","23":"taxable","24":"shipping-taxable","25":"purchasable","26":"product-type-simple"},"acf":[],"_links":{"self":[{"href":"https:\/\/secureus.se\/no\/wp-json\/wp\/v2\/product\/41574","targetHints":{"allow":["GET"]}}],"collection":[{"href":"https:\/\/secureus.se\/no\/wp-json\/wp\/v2\/product"}],"about":[{"href":"https:\/\/secureus.se\/no\/wp-json\/wp\/v2\/types\/product"}],"wp:featuredmedia":[{"embeddable":true,"href":"https:\/\/secureus.se\/no\/wp-json\/wp\/v2\/media\/133942"}],"wp:attachment":[{"href":"https:\/\/secureus.se\/no\/wp-json\/wp\/v2\/media?parent=41574"}],"wp:term":[{"taxonomy":"product_brand","embeddable":true,"href":"https:\/\/secureus.se\/no\/wp-json\/wp\/v2\/product_brand?post=41574"},{"taxonomy":"product_cat","embeddable":true,"href":"https:\/\/secureus.se\/no\/wp-json\/wp\/v2\/product_cat?post=41574"},{"taxonomy":"product_tag","embeddable":true,"href":"https:\/\/secureus.se\/no\/wp-json\/wp\/v2\/product_tag?post=41574"}],"curies":[{"name":"wp","href":"https:\/\/api.w.org\/{rel}","templated":true}]}}