{"id":52121,"date":"2022-06-29T12:53:15","date_gmt":"2022-06-29T10:53:15","guid":{"rendered":"https:\/\/secureus.se\/produkt\/relaplint-12vdc-4-rela-sk\/"},"modified":"2026-04-08T16:35:28","modified_gmt":"2026-04-08T14:35:28","slug":"relaplint-12vdc-4-rela-sk","status":"publish","type":"product","link":"https:\/\/secureus.se\/no\/relaplint-12vdc-4-rela-sk\/","title":{"rendered":"Rel\u00e9klemme 12Vdc 4 Rel\u00e9 Sk"},"content":{"rendered":"<p>Rel\u00e9terminal med 2 eller 4 releer. LED parallelt med spole. Beskyttelsesdiode. 2 stk eller 1 frittst\u00e5ende bryterkontakt p\u00e5 hvert rel\u00e9. Egen tilkoblingsterminal for skjerm.<\/p>","protected":false},"excerpt":{"rendered":"<p>Rel\u00e9terminal med 2 eller 4 releer. LED parallelt med spole. Beskyttelsesdiode. 2 stk eller 1 frittst\u00e5ende bryterkontakt p\u00e5 hvert rel\u00e9. Egen tilkoblingsterminal for skjerm.<\/p>","protected":false},"featured_media":142584,"template":"","meta":{"_acf_changed":false},"product_brand":[],"product_cat":[1547],"product_tag":[],"class_list":{"0":"post-52121","1":"product","2":"type-product","3":"status-publish","4":"has-post-thumbnail","6":"product_cat-plint-larm-telebox","7":"product_shipping_class-postnord-varubrev","8":"pa_brands-alarmtech","9":"tm-no-options","11":"first","12":"instock","13":"sale","14":"taxable","15":"shipping-taxable","16":"purchasable","17":"product-type-simple"},"acf":[],"_links":{"self":[{"href":"https:\/\/secureus.se\/no\/wp-json\/wp\/v2\/product\/52121","targetHints":{"allow":["GET"]}}],"collection":[{"href":"https:\/\/secureus.se\/no\/wp-json\/wp\/v2\/product"}],"about":[{"href":"https:\/\/secureus.se\/no\/wp-json\/wp\/v2\/types\/product"}],"wp:featuredmedia":[{"embeddable":true,"href":"https:\/\/secureus.se\/no\/wp-json\/wp\/v2\/media\/142584"}],"wp:attachment":[{"href":"https:\/\/secureus.se\/no\/wp-json\/wp\/v2\/media?parent=52121"}],"wp:term":[{"taxonomy":"product_brand","embeddable":true,"href":"https:\/\/secureus.se\/no\/wp-json\/wp\/v2\/product_brand?post=52121"},{"taxonomy":"product_cat","embeddable":true,"href":"https:\/\/secureus.se\/no\/wp-json\/wp\/v2\/product_cat?post=52121"},{"taxonomy":"product_tag","embeddable":true,"href":"https:\/\/secureus.se\/no\/wp-json\/wp\/v2\/product_tag?post=52121"}],"curies":[{"name":"wp","href":"https:\/\/api.w.org\/{rel}","templated":true}]}}