{"id":52125,"date":"2022-06-29T12:50:27","date_gmt":"2022-06-29T10:50:27","guid":{"rendered":"https:\/\/secureus.se\/produkt\/relaplint-24vdc-4-rela-sk\/"},"modified":"2026-04-08T16:36:29","modified_gmt":"2026-04-08T14:36:29","slug":"relaplint-24vdc-4-rela-sk","status":"publish","type":"product","link":"https:\/\/secureus.se\/no\/relaplint-24vdc-4-rela-sk\/","title":{"rendered":"Rel\u00e9klemme 24Vdc 4 Rel\u00e9 Sk"},"content":{"rendered":"<p>Rel\u00e9terminal med 2 eller 4 releer. LED parallelt med spole. Beskyttelsesdiode. 2 stk eller 1 frittst\u00e5ende bryterkontakt p\u00e5 hvert rel\u00e9. Egen tilkoblingsterminal for skjerm.<\/p>","protected":false},"excerpt":{"rendered":"<p>Rel\u00e9terminal med 2 eller 4 releer. LED parallelt med spole. Beskyttelsesdiode. 2 stk eller 1 frittst\u00e5ende bryterkontakt p\u00e5 hvert rel\u00e9. Egen tilkoblingsterminal for skjerm.<\/p>","protected":false},"featured_media":142630,"template":"","meta":{"_acf_changed":false},"product_brand":[],"product_cat":[4152,1548],"product_tag":[2230],"class_list":{"0":"post-52125","1":"product","2":"type-product","3":"status-publish","4":"has-post-thumbnail","6":"product_cat-rela-24-volt","7":"product_cat-relaer-elektronik","8":"product_tag-rela-24v","9":"product_shipping_class-postnord-varubrev","10":"tm-no-options","12":"first","13":"instock","14":"sale","15":"taxable","16":"shipping-taxable","17":"purchasable","18":"product-type-simple"},"acf":[],"_links":{"self":[{"href":"https:\/\/secureus.se\/no\/wp-json\/wp\/v2\/product\/52125","targetHints":{"allow":["GET"]}}],"collection":[{"href":"https:\/\/secureus.se\/no\/wp-json\/wp\/v2\/product"}],"about":[{"href":"https:\/\/secureus.se\/no\/wp-json\/wp\/v2\/types\/product"}],"wp:featuredmedia":[{"embeddable":true,"href":"https:\/\/secureus.se\/no\/wp-json\/wp\/v2\/media\/142630"}],"wp:attachment":[{"href":"https:\/\/secureus.se\/no\/wp-json\/wp\/v2\/media?parent=52125"}],"wp:term":[{"taxonomy":"product_brand","embeddable":true,"href":"https:\/\/secureus.se\/no\/wp-json\/wp\/v2\/product_brand?post=52125"},{"taxonomy":"product_cat","embeddable":true,"href":"https:\/\/secureus.se\/no\/wp-json\/wp\/v2\/product_cat?post=52125"},{"taxonomy":"product_tag","embeddable":true,"href":"https:\/\/secureus.se\/no\/wp-json\/wp\/v2\/product_tag?post=52125"}],"curies":[{"name":"wp","href":"https:\/\/api.w.org\/{rel}","templated":true}]}}