{"id":52150,"date":"2022-06-29T13:09:47","date_gmt":"2022-06-29T11:09:47","guid":{"rendered":"https:\/\/secureus.se\/produkt\/larmset-k-dosa-16pol-sl-sl\/"},"modified":"2026-03-26T11:39:57","modified_gmt":"2026-03-26T10:39:57","slug":"larmset-k-dosa-16pol-sl-sl","status":"publish","type":"product","link":"https:\/\/secureus.se\/no\/larmset-k-dosa-16pol-sl-sl\/","title":{"rendered":"Alarmsett K-Dosa 16Pol Sl\/Sl"},"content":{"rendered":"<p>Tilkoblingsklemme for montering innfelt i koblingsboks (utvendig m\u00e5l 82mm) med c\/c 67mm hullavstand. Rekkeklemme med sporklemmer (LSA) for 0,4-0,7mm (areal 0,14-0,4mm2) flerkjernet ledning 16 stk for inng\u00e5ende kabel og 16 stk for utg\u00e5ende kabel. Leveres med firkantet deksel 92\u00d792 mm hvit UL94-V0 plast.<\/p>","protected":false},"excerpt":{"rendered":"<p>Tilkoblingsklemme for montering innfelt i koblingsboks (utvendig m\u00e5l 82mm) med c\/c 67mm hullavstand. Rekkeklemme med sporklemmer (LSA) for 0,4-0,7mm (areal 0,14-0,4mm2) flerkjernet ledning 16 stk for innkommende kabel og 16 stk.<\/p>","protected":false},"featured_media":142280,"template":"","meta":{"_acf_changed":false},"product_brand":[],"product_cat":[1545],"product_tag":[2216,2222],"class_list":{"0":"post-52150","1":"product","2":"type-product","3":"status-publish","4":"has-post-thumbnail","6":"product_cat-kopplingsdosa-larmdosa","7":"product_tag-dosa-16-polig","8":"product_tag-dosa-for-kopplingsdosa-k-dosa","9":"product_shipping_class-postnord-varubrev","10":"pa_brands-alarmtech","11":"pa_farg-ovrigt","12":"tm-no-options","14":"first","15":"outofstock","16":"sale","17":"taxable","18":"shipping-taxable","19":"purchasable","20":"product-type-simple"},"acf":[],"_links":{"self":[{"href":"https:\/\/secureus.se\/no\/wp-json\/wp\/v2\/product\/52150","targetHints":{"allow":["GET"]}}],"collection":[{"href":"https:\/\/secureus.se\/no\/wp-json\/wp\/v2\/product"}],"about":[{"href":"https:\/\/secureus.se\/no\/wp-json\/wp\/v2\/types\/product"}],"wp:featuredmedia":[{"embeddable":true,"href":"https:\/\/secureus.se\/no\/wp-json\/wp\/v2\/media\/142280"}],"wp:attachment":[{"href":"https:\/\/secureus.se\/no\/wp-json\/wp\/v2\/media?parent=52150"}],"wp:term":[{"taxonomy":"product_brand","embeddable":true,"href":"https:\/\/secureus.se\/no\/wp-json\/wp\/v2\/product_brand?post=52150"},{"taxonomy":"product_cat","embeddable":true,"href":"https:\/\/secureus.se\/no\/wp-json\/wp\/v2\/product_cat?post=52150"},{"taxonomy":"product_tag","embeddable":true,"href":"https:\/\/secureus.se\/no\/wp-json\/wp\/v2\/product_tag?post=52150"}],"curies":[{"name":"wp","href":"https:\/\/api.w.org\/{rel}","templated":true}]}}