{"id":52184,"date":"2022-06-29T12:59:25","date_gmt":"2022-06-29T10:59:25","guid":{"rendered":"https:\/\/secureus.se\/produkt\/aterstallningsbox-sab\/"},"modified":"2026-03-26T11:40:57","modified_gmt":"2026-03-26T10:40:57","slug":"aterstallningsbox-sab","status":"publish","type":"product","link":"https:\/\/secureus.se\/no\/aterstallningsbox-sab\/","title":{"rendered":"Tilbakestill boks l\u00f8r"},"content":{"rendered":"<p>Brukes med fordel for \u00e5 tilbakestille ulike typer 12V-detektorer (f.eks. rel\u00e9-glassbryterdetektorer) eller svakstr\u00f8msledninger som du \u00f8nsker \u00e5 koble fra p\u00e5 en kontrollert m\u00e5te. Komplett produkt i en liten boks i UL94-V0 plast (flammesikker, halogenfri) som kan suppleres med stablebare veggavstandsstykker 6mm (2581.06, Enr 5015236) eller 13mm (2581.13, Enr 5015238) eller vegg2.011 Enr 5015560). Finnes ogs\u00e5 i innfelt utf\u00f8relse (6139.03, Enr 5015501).<\/p>","protected":false},"excerpt":{"rendered":"<p>Brukes med fordel for \u00e5 tilbakestille ulike typer 12V-detektorer (f.eks. rel\u00e9-glassbryterdetektorer) eller svakstr\u00f8msledninger som du \u00f8nsker \u00e5 koble fra p\u00e5 en kontrollert m\u00e5te. Komplett produkt i en liten boks i UL94-V0 plast (flammesikker, halogenfri) som<\/p>","protected":false},"featured_media":142379,"template":"","meta":{"_acf_changed":false},"product_brand":[],"product_cat":[1545],"product_tag":[2218],"class_list":{"0":"post-52184","1":"product","2":"type-product","3":"status-publish","4":"has-post-thumbnail","6":"product_cat-kopplingsdosa-larmdosa","7":"product_tag-dosa-glaskross","8":"product_shipping_class-postnord-varubrev","9":"pa_brands-alarmtech","10":"pa_farg-vit","11":"tm-no-options","13":"first","14":"outofstock","15":"sale","16":"taxable","17":"shipping-taxable","18":"purchasable","19":"product-type-simple"},"acf":[],"_links":{"self":[{"href":"https:\/\/secureus.se\/no\/wp-json\/wp\/v2\/product\/52184","targetHints":{"allow":["GET"]}}],"collection":[{"href":"https:\/\/secureus.se\/no\/wp-json\/wp\/v2\/product"}],"about":[{"href":"https:\/\/secureus.se\/no\/wp-json\/wp\/v2\/types\/product"}],"wp:featuredmedia":[{"embeddable":true,"href":"https:\/\/secureus.se\/no\/wp-json\/wp\/v2\/media\/142379"}],"wp:attachment":[{"href":"https:\/\/secureus.se\/no\/wp-json\/wp\/v2\/media?parent=52184"}],"wp:term":[{"taxonomy":"product_brand","embeddable":true,"href":"https:\/\/secureus.se\/no\/wp-json\/wp\/v2\/product_brand?post=52184"},{"taxonomy":"product_cat","embeddable":true,"href":"https:\/\/secureus.se\/no\/wp-json\/wp\/v2\/product_cat?post=52184"},{"taxonomy":"product_tag","embeddable":true,"href":"https:\/\/secureus.se\/no\/wp-json\/wp\/v2\/product_tag?post=52184"}],"curies":[{"name":"wp","href":"https:\/\/api.w.org\/{rel}","templated":true}]}}