{"id":52195,"date":"2022-06-29T12:56:21","date_gmt":"2022-06-29T10:56:21","guid":{"rendered":"https:\/\/secureus.se\/produkt\/sakringsbox-10-30v-dc-ac-skruv\/"},"modified":"2026-03-26T11:41:17","modified_gmt":"2026-03-26T10:41:17","slug":"sakringsbox-10-30v-dc-ac-skruv","status":"publish","type":"product","link":"https:\/\/secureus.se\/no\/sakringsbox-10-30v-dc-ac-skruv\/","title":{"rendered":"Sikringsskap 10-30V Dc\/Ac Skrue"},"content":{"rendered":"<p>For spredning av str\u00f8mforsyning 10A til 5 seksjoner. 2-polet sikring med maks 2A. Rel\u00e9 i serie med LED for indikering av full sikring, gjelder b\u00e5de + og -. Total alarm om stenging eller brudd. Lokket har en signatur\u00e5pning (signaturterminal er inkludert i produktet). Boksen kan suppleres med stablebare veggavstandsstykker 6mm eller 13mm lange 2581.06 (5015236), 2581.13 (5015238) og ogs\u00e5 veggskiltplate\/merkeplate 3132.01 (5015560).<\/p>","protected":false},"excerpt":{"rendered":"<p>For spredning av str\u00f8mforsyning 10A til 5 seksjoner. 2-polet sikring med maks 2A. Rel\u00e9 i serie med LED for indikering av full sikring, gjelder b\u00e5de + og -. Total alarm av<\/p>","protected":false},"featured_media":142955,"template":"","meta":{"_acf_changed":false},"product_brand":[],"product_cat":[1545],"product_tag":[2223],"class_list":{"0":"post-52195","1":"product","2":"type-product","3":"status-publish","4":"has-post-thumbnail","6":"product_cat-kopplingsdosa-larmdosa","7":"product_tag-dosa-med-rela-sokring","8":"product_shipping_class-postnord-varubrev","9":"pa_brands-alarmtech","10":"pa_farg-ovrigt","11":"tm-no-options","13":"first","14":"outofstock","15":"sale","16":"taxable","17":"shipping-taxable","18":"purchasable","19":"product-type-simple"},"acf":[],"_links":{"self":[{"href":"https:\/\/secureus.se\/no\/wp-json\/wp\/v2\/product\/52195","targetHints":{"allow":["GET"]}}],"collection":[{"href":"https:\/\/secureus.se\/no\/wp-json\/wp\/v2\/product"}],"about":[{"href":"https:\/\/secureus.se\/no\/wp-json\/wp\/v2\/types\/product"}],"wp:featuredmedia":[{"embeddable":true,"href":"https:\/\/secureus.se\/no\/wp-json\/wp\/v2\/media\/142955"}],"wp:attachment":[{"href":"https:\/\/secureus.se\/no\/wp-json\/wp\/v2\/media?parent=52195"}],"wp:term":[{"taxonomy":"product_brand","embeddable":true,"href":"https:\/\/secureus.se\/no\/wp-json\/wp\/v2\/product_brand?post=52195"},{"taxonomy":"product_cat","embeddable":true,"href":"https:\/\/secureus.se\/no\/wp-json\/wp\/v2\/product_cat?post=52195"},{"taxonomy":"product_tag","embeddable":true,"href":"https:\/\/secureus.se\/no\/wp-json\/wp\/v2\/product_tag?post=52195"}],"curies":[{"name":"wp","href":"https:\/\/api.w.org\/{rel}","templated":true}]}}