{"id":52198,"date":"2022-06-29T12:55:34","date_gmt":"2022-06-29T10:55:34","guid":{"rendered":"https:\/\/secureus.se\/produkt\/box-19-2x-lnl-2-modul\/"},"modified":"2026-04-23T10:46:02","modified_gmt":"2026-04-23T08:46:02","slug":"box-19-2x-lnl-2-modul","status":"publish","type":"product","link":"https:\/\/secureus.se\/no\/box-19-2x-lnl-2-modul\/","title":{"rendered":"Eske 19&quot; 2X Lnl + 2 modul"},"content":{"rendered":"<p>Muliggj\u00f8r praktisk installasjon av rekkeklemmer og Lenel-kort horisontalt, med plass til opptil 2 store Lenel-kort. Terminalavstandsstykkene er plassert for \u00e5 passe til Lenel-kortene og f\u00f8lger med produktet. St\u00f8rrelse p\u00e5 metallboksen 44x485x220mm (HxBxD), hvitt pulverlakkert lokk. Kabeluttak bak. Leveres med klemmeavstandsstykker og kabelbeskyttelse. Eventuelt komplett med veggsignaturplate 3132.01 (5015560) eller andre terminalavstandsstykker, f.eks. 2591.12 eller 2591.15 (Enr. 5015374, 5015376)<\/p>","protected":false},"excerpt":{"rendered":"<p>Muliggj\u00f8r praktisk installasjon av rekkeklemmer og Lenel-kort horisontalt, med plass til opptil 2 store Lenel-kort. Terminalavstandsstykkene er plassert for \u00e5 passe til Lenel-kortene og f\u00f8lger med produktet. St\u00f8rrelse<\/p>","protected":false},"featured_media":142578,"template":"","meta":{"_acf_changed":false},"product_brand":[],"product_cat":[1547],"product_tag":[2213],"class_list":{"0":"post-52198","1":"product","2":"type-product","3":"status-publish","4":"has-post-thumbnail","6":"product_cat-plint-larm-telebox","7":"product_tag-box-19-med-tillbehor","8":"product_shipping_class-postnord-varubrev","9":"pa_brands-alarmtech","10":"tm-no-options","12":"first","13":"instock","14":"sale","15":"taxable","16":"shipping-taxable","17":"purchasable","18":"product-type-simple"},"acf":[],"_links":{"self":[{"href":"https:\/\/secureus.se\/no\/wp-json\/wp\/v2\/product\/52198","targetHints":{"allow":["GET"]}}],"collection":[{"href":"https:\/\/secureus.se\/no\/wp-json\/wp\/v2\/product"}],"about":[{"href":"https:\/\/secureus.se\/no\/wp-json\/wp\/v2\/types\/product"}],"wp:featuredmedia":[{"embeddable":true,"href":"https:\/\/secureus.se\/no\/wp-json\/wp\/v2\/media\/142578"}],"wp:attachment":[{"href":"https:\/\/secureus.se\/no\/wp-json\/wp\/v2\/media?parent=52198"}],"wp:term":[{"taxonomy":"product_brand","embeddable":true,"href":"https:\/\/secureus.se\/no\/wp-json\/wp\/v2\/product_brand?post=52198"},{"taxonomy":"product_cat","embeddable":true,"href":"https:\/\/secureus.se\/no\/wp-json\/wp\/v2\/product_cat?post=52198"},{"taxonomy":"product_tag","embeddable":true,"href":"https:\/\/secureus.se\/no\/wp-json\/wp\/v2\/product_tag?post=52198"}],"curies":[{"name":"wp","href":"https:\/\/api.w.org\/{rel}","templated":true}]}}