{"id":52202,"date":"2022-06-29T12:54:32","date_gmt":"2022-06-29T10:54:32","guid":{"rendered":"https:\/\/secureus.se\/produkt\/kopplingsbox-plat-10-plin\/"},"modified":"2026-03-26T11:43:59","modified_gmt":"2026-03-26T10:43:59","slug":"kopplingsbox-plat-10-plin","status":"publish","type":"product","link":"https:\/\/secureus.se\/no\/kopplingsbox-plat-10-plin\/","title":{"rendered":"Koblingsboks Plate 10 Plin"},"content":{"rendered":"<p>Robust boks i galvanisert plate med lakkert hvitt lokk og forstansede kabeluttak dekket med plastplugger. M\u00e5l 128x488x38mm. Passer til alle modulterminaler i Fatum-programmet og er forberedt for 10 moduler. Boksen er ogs\u00e5 tilgjengelig i samme st\u00f8rrelse men med signatur\u00e5pning, se 3210.03 (5015267). Kompletteres med signaturplate for veggartikkelnummer 3132.01 (5015560), ekstra plugg 0905.18 (5015540) og veggavstandsstykker 2590.04 (5015360)<\/p>","protected":false},"excerpt":{"rendered":"<p>Robust boks i galvanisert plate med lakkert hvitt lokk og forstansede kabeluttak dekket med plastplugger. M\u00e5l 128x488x38mm. Passer til alle modulterminaler i Fatum-programmet og er forberedt for 10 moduler. Boksen er ogs\u00e5 tilgjengelig<\/p>","protected":false},"featured_media":142980,"template":"","meta":{"_acf_changed":false},"product_brand":[],"product_cat":[1547],"product_tag":[2210],"class_list":{"0":"post-52202","1":"product","2":"type-product","3":"status-publish","4":"has-post-thumbnail","6":"product_cat-plint-larm-telebox","7":"product_tag-box-plat","8":"product_shipping_class-postnord-varubrev","9":"pa_brands-alarmtech","10":"tm-no-options","12":"first","13":"instock","14":"sale","15":"taxable","16":"shipping-taxable","17":"purchasable","18":"product-type-simple"},"acf":[],"_links":{"self":[{"href":"https:\/\/secureus.se\/no\/wp-json\/wp\/v2\/product\/52202","targetHints":{"allow":["GET"]}}],"collection":[{"href":"https:\/\/secureus.se\/no\/wp-json\/wp\/v2\/product"}],"about":[{"href":"https:\/\/secureus.se\/no\/wp-json\/wp\/v2\/types\/product"}],"wp:featuredmedia":[{"embeddable":true,"href":"https:\/\/secureus.se\/no\/wp-json\/wp\/v2\/media\/142980"}],"wp:attachment":[{"href":"https:\/\/secureus.se\/no\/wp-json\/wp\/v2\/media?parent=52202"}],"wp:term":[{"taxonomy":"product_brand","embeddable":true,"href":"https:\/\/secureus.se\/no\/wp-json\/wp\/v2\/product_brand?post=52202"},{"taxonomy":"product_cat","embeddable":true,"href":"https:\/\/secureus.se\/no\/wp-json\/wp\/v2\/product_cat?post=52202"},{"taxonomy":"product_tag","embeddable":true,"href":"https:\/\/secureus.se\/no\/wp-json\/wp\/v2\/product_tag?post=52202"}],"curies":[{"name":"wp","href":"https:\/\/api.w.org\/{rel}","templated":true}]}}