{"id":52210,"date":"2022-06-29T12:51:16","date_gmt":"2022-06-29T10:51:16","guid":{"rendered":"https:\/\/secureus.se\/produkt\/sakringsplint-10-30v-dc-ac\/"},"modified":"2026-04-08T16:34:26","modified_gmt":"2026-04-08T14:34:26","slug":"sakringsplint-10-30v-dc-ac","status":"publish","type":"product","link":"https:\/\/secureus.se\/no\/sakringsplint-10-30v-dc-ac\/","title":{"rendered":"Sikringsklemme 10-30V Dc\/Ac"},"content":{"rendered":"<p>For fordeling av str\u00f8mforsyning p\u00e5 10A til 5 seksjoner. 2-polet sikring med maks 2A. Rel\u00e9 i serie med LED for indikering av full sikring, gjelder b\u00e5de + og -. Total alarm om stenging eller brudd. Egen terminal for tilkobling til skjerm. Komplett med signeringssplitt 3131.01 (Enr 5015386). Sokkelen har en st\u00f8rrelse p\u00e5 116x80x16mm og passer i plastboks 4103.02, 4103.03 eller i de litt st\u00f8rre metallboksene. Finnes ogs\u00e5 som ferdig produkt i plastboks, se varenr 4103.7103 (Enr. 5015329).<\/p>","protected":false},"excerpt":{"rendered":"<p>For fordeling av str\u00f8mforsyning p\u00e5 10A til 5 seksjoner. 2-polet sikring med maks 2A. Rel\u00e9 i serie med LED for indikering av full sikring, gjelder b\u00e5de + og -. Total alarm<\/p>","protected":false},"featured_media":142619,"template":"","meta":{"_acf_changed":false},"product_brand":[],"product_cat":[4153,1548],"product_tag":[2427,2232],"class_list":{"0":"post-52210","1":"product","2":"type-product","3":"status-publish","4":"has-post-thumbnail","6":"product_cat-sakringsmodul","7":"product_cat-relaer-elektronik","8":"product_tag-rel-relaelektonik","9":"product_tag-rela-sakringsmodul","10":"product_shipping_class-postnord-varubrev","11":"pa_brands-alarmtech","12":"pa_farg-ovrigt","13":"tm-no-options","15":"first","16":"instock","17":"sale","18":"taxable","19":"shipping-taxable","20":"purchasable","21":"product-type-simple"},"acf":[],"_links":{"self":[{"href":"https:\/\/secureus.se\/no\/wp-json\/wp\/v2\/product\/52210","targetHints":{"allow":["GET"]}}],"collection":[{"href":"https:\/\/secureus.se\/no\/wp-json\/wp\/v2\/product"}],"about":[{"href":"https:\/\/secureus.se\/no\/wp-json\/wp\/v2\/types\/product"}],"wp:featuredmedia":[{"embeddable":true,"href":"https:\/\/secureus.se\/no\/wp-json\/wp\/v2\/media\/142619"}],"wp:attachment":[{"href":"https:\/\/secureus.se\/no\/wp-json\/wp\/v2\/media?parent=52210"}],"wp:term":[{"taxonomy":"product_brand","embeddable":true,"href":"https:\/\/secureus.se\/no\/wp-json\/wp\/v2\/product_brand?post=52210"},{"taxonomy":"product_cat","embeddable":true,"href":"https:\/\/secureus.se\/no\/wp-json\/wp\/v2\/product_cat?post=52210"},{"taxonomy":"product_tag","embeddable":true,"href":"https:\/\/secureus.se\/no\/wp-json\/wp\/v2\/product_tag?post=52210"}],"curies":[{"name":"wp","href":"https:\/\/api.w.org\/{rel}","templated":true}]}}