{"id":52211,"date":"2022-06-29T12:50:58","date_gmt":"2022-06-29T10:50:58","guid":{"rendered":"https:\/\/secureus.se\/produkt\/karmoverforing-14mm-rostfri\/"},"modified":"2026-04-23T11:07:36","modified_gmt":"2026-04-23T09:07:36","slug":"karmoverforing-14mm-rostfri","status":"publish","type":"product","link":"https:\/\/secureus.se\/no\/karmoverforing-14mm-rostfri\/","title":{"rendered":"Rammeoverf\u00f8ring 14Mm Rustfri"},"content":{"rendered":"<p>Rammeoverf\u00f8ring med rustfri slange med kabelbeskyttelse i begge ender for \u00e5 beskytte kabelen ved overgang fra d\u00f8r til karm. 40 cm lang, ytre diameter 14 mm, innvendig diameter 10,5 mm. Maks kabeldiameter 8,8 mm. Veggfestene m\u00e5ler 36x36x17,7mm med spor som l\u00e5ser slangen for sikker montering. Veggfeste i s\u00f8lv og rustfri st\u00e5lslange. Veggfeste f\u00e5s ogs\u00e5 l\u00f8st, DL H14 (s\u00f8lv). Andre farger (hvit og brun) kan spesialbestilles.<\/p>","protected":false},"excerpt":{"rendered":"<p>Rammeoverf\u00f8ring med rustfri slange med kabelbeskyttelse i begge ender for \u00e5 beskytte kabelen ved overgang fra d\u00f8r til karm. 40 cm lang, ytre diameter 14 mm, innvendig diameter 10,5 mm. Maks kabeldiameter<\/p>","protected":false},"featured_media":142139,"template":"","meta":{"_acf_changed":false},"product_brand":[],"product_cat":[1546],"product_tag":[],"class_list":{"0":"post-52211","1":"product","2":"type-product","3":"status-publish","4":"has-post-thumbnail","6":"product_cat-kabeloverforing","7":"product_shipping_class-postnord-varubrev","8":"tm-no-options","10":"first","11":"instock","12":"sale","13":"taxable","14":"shipping-taxable","15":"purchasable","16":"product-type-simple"},"acf":[],"_links":{"self":[{"href":"https:\/\/secureus.se\/no\/wp-json\/wp\/v2\/product\/52211","targetHints":{"allow":["GET"]}}],"collection":[{"href":"https:\/\/secureus.se\/no\/wp-json\/wp\/v2\/product"}],"about":[{"href":"https:\/\/secureus.se\/no\/wp-json\/wp\/v2\/types\/product"}],"wp:featuredmedia":[{"embeddable":true,"href":"https:\/\/secureus.se\/no\/wp-json\/wp\/v2\/media\/142139"}],"wp:attachment":[{"href":"https:\/\/secureus.se\/no\/wp-json\/wp\/v2\/media?parent=52211"}],"wp:term":[{"taxonomy":"product_brand","embeddable":true,"href":"https:\/\/secureus.se\/no\/wp-json\/wp\/v2\/product_brand?post=52211"},{"taxonomy":"product_cat","embeddable":true,"href":"https:\/\/secureus.se\/no\/wp-json\/wp\/v2\/product_cat?post=52211"},{"taxonomy":"product_tag","embeddable":true,"href":"https:\/\/secureus.se\/no\/wp-json\/wp\/v2\/product_tag?post=52211"}],"curies":[{"name":"wp","href":"https:\/\/api.w.org\/{rel}","templated":true}]}}