{"id":52212,"date":"2022-06-29T12:50:38","date_gmt":"2022-06-29T10:50:38","guid":{"rendered":"https:\/\/secureus.se\/produkt\/kopplingsplint-20-p-25-sk-sk\/"},"modified":"2026-03-26T11:46:43","modified_gmt":"2026-03-26T10:46:43","slug":"kopplingsplint-20-p-25-sk-sk","status":"publish","type":"product","link":"https:\/\/secureus.se\/no\/kopplingsplint-20-p-25-sk-sk\/","title":{"rendered":"Tilkoblingsklemme 20-P 2,5 Sk\/Sk"},"content":{"rendered":"<p>Terminalen passer til Fatums modulbokser i UL94-V0 plast med eller uten signatur\u00e5pning i r\u00f8dt eller hvitt og som oppfyller IP55. Tilgjengelig for \u00e9n modul 4101.0x eller tre moduler 4103.0x, med eller uten signatur\u00e5pning. Alternativt en av Fatums blikkbokser fra 1-20 terminaler, se varenr 3201.02-3210.02 (5015241-5015251). Boksene kan kompletteres med veggskiltplate 3132.01 (5015560).<\/p>","protected":false},"excerpt":{"rendered":"<p>Terminalen passer til Fatums modulbokser i UL94-V0 plast med eller uten signatur\u00e5pning i r\u00f8dt eller hvitt og som oppfyller IP55. Tilgjengelig for \u00e9n modul 4101.0x eller tre moduler 4103.0x, med eller<\/p>","protected":false},"featured_media":142428,"template":"","meta":{"_acf_changed":false},"product_brand":[],"product_cat":[1547],"product_tag":[],"class_list":{"0":"post-52212","1":"product","2":"type-product","3":"status-publish","4":"has-post-thumbnail","6":"product_cat-plint-larm-telebox","7":"product_shipping_class-postnord-varubrev","8":"pa_brands-alarmtech","9":"pa_farg-ovrigt","10":"tm-no-options","12":"first","13":"instock","14":"sale","15":"taxable","16":"shipping-taxable","17":"purchasable","18":"product-type-simple"},"acf":[],"_links":{"self":[{"href":"https:\/\/secureus.se\/no\/wp-json\/wp\/v2\/product\/52212","targetHints":{"allow":["GET"]}}],"collection":[{"href":"https:\/\/secureus.se\/no\/wp-json\/wp\/v2\/product"}],"about":[{"href":"https:\/\/secureus.se\/no\/wp-json\/wp\/v2\/types\/product"}],"wp:featuredmedia":[{"embeddable":true,"href":"https:\/\/secureus.se\/no\/wp-json\/wp\/v2\/media\/142428"}],"wp:attachment":[{"href":"https:\/\/secureus.se\/no\/wp-json\/wp\/v2\/media?parent=52212"}],"wp:term":[{"taxonomy":"product_brand","embeddable":true,"href":"https:\/\/secureus.se\/no\/wp-json\/wp\/v2\/product_brand?post=52212"},{"taxonomy":"product_cat","embeddable":true,"href":"https:\/\/secureus.se\/no\/wp-json\/wp\/v2\/product_cat?post=52212"},{"taxonomy":"product_tag","embeddable":true,"href":"https:\/\/secureus.se\/no\/wp-json\/wp\/v2\/product_tag?post=52212"}],"curies":[{"name":"wp","href":"https:\/\/api.w.org\/{rel}","templated":true}]}}