{"id":52213,"date":"2022-06-29T12:50:17","date_gmt":"2022-06-29T10:50:17","guid":{"rendered":"https:\/\/secureus.se\/produkt\/kopplingsbox-plat-5-plint\/"},"modified":"2026-03-26T11:47:05","modified_gmt":"2026-03-26T10:47:05","slug":"kopplingsbox-plat-5-plint","status":"publish","type":"product","link":"https:\/\/secureus.se\/no\/kopplingsbox-plat-5-plint\/","title":{"rendered":"Koblingsboks Plate 5 Terminal"},"content":{"rendered":"<p>Robust boks i galvanisert plate med lakkert hvitt lokk og forstansede kabeluttak dekket med plastplugger. M\u00e5l 128x247x38mm. Passer alle Fatum-programmets modulterminaler og er forberedt for 5 moduler. Boksen er ogs\u00e5 tilgjengelig i samme st\u00f8rrelse men med signatur\u00e5pning, se 3205.03 (5015263). Kompletteres med signaturplate for veggartikkelnummer 3132.01 (5015560), ekstra plugg 0905.18 (5015540) og veggavstandsstykker 2590.04 (5015360)<\/p>","protected":false},"excerpt":{"rendered":"<p>Robust boks i galvanisert plate med lakkert hvitt lokk og forstansede kabeluttak dekket med plastplugger. M\u00e5l 128x247x38mm. Passer alle Fatum-programmets modulterminaler og er forberedt for 5 moduler. Boksen er der<\/p>","protected":false},"featured_media":142501,"template":"","meta":{"_acf_changed":false},"product_brand":[],"product_cat":[1547],"product_tag":[2210],"class_list":{"0":"post-52213","1":"product","2":"type-product","3":"status-publish","4":"has-post-thumbnail","6":"product_cat-plint-larm-telebox","7":"product_tag-box-plat","8":"product_shipping_class-tunga-paket","9":"pa_brands-alarmtech","10":"tm-no-options","12":"first","13":"instock","14":"sale","15":"taxable","16":"shipping-taxable","17":"purchasable","18":"product-type-simple"},"acf":[],"_links":{"self":[{"href":"https:\/\/secureus.se\/no\/wp-json\/wp\/v2\/product\/52213","targetHints":{"allow":["GET"]}}],"collection":[{"href":"https:\/\/secureus.se\/no\/wp-json\/wp\/v2\/product"}],"about":[{"href":"https:\/\/secureus.se\/no\/wp-json\/wp\/v2\/types\/product"}],"wp:featuredmedia":[{"embeddable":true,"href":"https:\/\/secureus.se\/no\/wp-json\/wp\/v2\/media\/142501"}],"wp:attachment":[{"href":"https:\/\/secureus.se\/no\/wp-json\/wp\/v2\/media?parent=52213"}],"wp:term":[{"taxonomy":"product_brand","embeddable":true,"href":"https:\/\/secureus.se\/no\/wp-json\/wp\/v2\/product_brand?post=52213"},{"taxonomy":"product_cat","embeddable":true,"href":"https:\/\/secureus.se\/no\/wp-json\/wp\/v2\/product_cat?post=52213"},{"taxonomy":"product_tag","embeddable":true,"href":"https:\/\/secureus.se\/no\/wp-json\/wp\/v2\/product_tag?post=52213"}],"curies":[{"name":"wp","href":"https:\/\/api.w.org\/{rel}","templated":true}]}}