{"id":52241,"date":"2022-06-29T12:45:44","date_gmt":"2022-06-29T10:45:44","guid":{"rendered":"https:\/\/secureus.se\/produkt\/relakort-rel-2-12-24v-2-pol\/"},"modified":"2026-03-26T11:50:04","modified_gmt":"2026-03-26T10:50:04","slug":"relakort-rel-2-12-24v-2-pol","status":"publish","type":"product","link":"https:\/\/secureus.se\/no\/relakort-rel-2-12-24v-2-pol\/","title":{"rendered":"Rel\u00e9kort Rel-2 12\/24V 2-Pol"},"content":{"rendered":"<p>\u2022 Ekstremt lavt str\u00f8mforbruk<br \/>\n\u2022 Stort spenningsomr\u00e5de<br \/>\n\u2022 LED indikerer trukket rel\u00e9<br \/>\n\u2022 Kan styres med positiv eller negativ spenning<br \/>\n\u2022 To fritt utskiftbare kontakter<br \/>\n\u2022 Lite format<\/p>\n<p>Data:<br \/>\nNormal spenning 12-24VDC (grensespenning 10-35VDC)<br \/>\nForbruk. 10mA (12V)<br \/>\nKontaktdata. 2 x 1A ( 2A)<br \/>\nTemperaturomr\u00e5de: -25 til +65 C<\/p>\n<p>Rel\u00e9kort REL-2 brukes overalt hvor du vil, f.eks. bytte polaritet, \u00f8ke et str\u00f8muttak, bytte NC\/NO p\u00e5 en utgang osv. Ekstremt lavt str\u00f8mforbruk. Stort spenningsomr\u00e5de. LED indikerer trukket rel\u00e9. Kan styres med positiv og negativ spenning. To fritt utskiftbare kontakter. Lite format. Drivspenning: 11-28VDC. Forbruk: 10ma (12VDC). Kontaktdata: 2 x 1A (30VDC). Temperaturomr\u00e5de: -40 til +70 C.<\/p>","protected":false},"excerpt":{"rendered":"<p>Installat\u00f8rens beste venn.<\/p>\n<p>Brukes overalt hvor du vil, f.eks. bytte polaritet, \u00f8ke et str\u00f8muttak, bytte NC\/NO p\u00e5 en utgang osv.<\/p>","protected":false},"featured_media":142658,"template":"","meta":{"_acf_changed":false},"product_brand":[],"product_cat":[4151,1548],"product_tag":[2234],"class_list":{"0":"post-52241","1":"product","2":"type-product","3":"status-publish","4":"has-post-thumbnail","6":"product_cat-rela-12-volt","7":"product_cat-relaer-elektronik","8":"product_tag-rela-12-24v","9":"product_shipping_class-postnord-varubrev","10":"tm-no-options","12":"first","13":"instock","14":"sale","15":"taxable","16":"shipping-taxable","17":"purchasable","18":"product-type-simple"},"acf":[],"_links":{"self":[{"href":"https:\/\/secureus.se\/no\/wp-json\/wp\/v2\/product\/52241","targetHints":{"allow":["GET"]}}],"collection":[{"href":"https:\/\/secureus.se\/no\/wp-json\/wp\/v2\/product"}],"about":[{"href":"https:\/\/secureus.se\/no\/wp-json\/wp\/v2\/types\/product"}],"wp:featuredmedia":[{"embeddable":true,"href":"https:\/\/secureus.se\/no\/wp-json\/wp\/v2\/media\/142658"}],"wp:attachment":[{"href":"https:\/\/secureus.se\/no\/wp-json\/wp\/v2\/media?parent=52241"}],"wp:term":[{"taxonomy":"product_brand","embeddable":true,"href":"https:\/\/secureus.se\/no\/wp-json\/wp\/v2\/product_brand?post=52241"},{"taxonomy":"product_cat","embeddable":true,"href":"https:\/\/secureus.se\/no\/wp-json\/wp\/v2\/product_cat?post=52241"},{"taxonomy":"product_tag","embeddable":true,"href":"https:\/\/secureus.se\/no\/wp-json\/wp\/v2\/product_tag?post=52241"}],"curies":[{"name":"wp","href":"https:\/\/api.w.org\/{rel}","templated":true}]}}