{"id":52271,"date":"2022-06-28T13:18:23","date_gmt":"2022-06-28T11:18:23","guid":{"rendered":"https:\/\/secureus.se\/produkt\/dekal-pa-andra-sidan-dorren\/"},"modified":"2026-03-26T11:47:36","modified_gmt":"2026-03-26T10:47:36","slug":"dekal-pa-andra-sidan-dorren","status":"publish","type":"product","link":"https:\/\/secureus.se\/no\/dekal-pa-andra-sidan-dorren\/","title":{"rendered":"Klistremerke &quot;P\u00e5 den andre siden av d\u00f8ren&quot;"},"content":{"rendered":"<p>Dekal 200\u00d720 mm &quot;P\u00e5 den andre siden av d\u00f8ren&quot; 12 per ark.<\/p>","protected":false},"excerpt":{"rendered":"<p>Dekal 200\u00d720 mm &quot;P\u00e5 den andre siden av d\u00f8ren&quot; 12 per ark.<\/p>","protected":false},"featured_media":142781,"template":"","meta":{"_acf_changed":false},"product_brand":[],"product_cat":[1559],"product_tag":[],"class_list":{"0":"post-52271","1":"product","2":"type-product","3":"status-publish","4":"has-post-thumbnail","6":"product_cat-anvisningsskyltar-brandskydd","7":"product_shipping_class-postnord-varubrev","8":"tm-no-options","10":"first","11":"outofstock","12":"sale","13":"taxable","14":"shipping-taxable","15":"purchasable","16":"product-type-simple"},"acf":[],"_links":{"self":[{"href":"https:\/\/secureus.se\/no\/wp-json\/wp\/v2\/product\/52271","targetHints":{"allow":["GET"]}}],"collection":[{"href":"https:\/\/secureus.se\/no\/wp-json\/wp\/v2\/product"}],"about":[{"href":"https:\/\/secureus.se\/no\/wp-json\/wp\/v2\/types\/product"}],"wp:featuredmedia":[{"embeddable":true,"href":"https:\/\/secureus.se\/no\/wp-json\/wp\/v2\/media\/142781"}],"wp:attachment":[{"href":"https:\/\/secureus.se\/no\/wp-json\/wp\/v2\/media?parent=52271"}],"wp:term":[{"taxonomy":"product_brand","embeddable":true,"href":"https:\/\/secureus.se\/no\/wp-json\/wp\/v2\/product_brand?post=52271"},{"taxonomy":"product_cat","embeddable":true,"href":"https:\/\/secureus.se\/no\/wp-json\/wp\/v2\/product_cat?post=52271"},{"taxonomy":"product_tag","embeddable":true,"href":"https:\/\/secureus.se\/no\/wp-json\/wp\/v2\/product_tag?post=52271"}],"curies":[{"name":"wp","href":"https:\/\/api.w.org\/{rel}","templated":true}]}}