{"id":52293,"date":"2022-06-28T13:15:47","date_gmt":"2022-06-28T11:15:47","guid":{"rendered":"https:\/\/secureus.se\/produkt\/skylt-utrymning-pil-vanster\/"},"modified":"2026-03-26T11:53:14","modified_gmt":"2026-03-26T10:53:14","slug":"skylt-utrymning-pil-vanster","status":"publish","type":"product","link":"https:\/\/secureus.se\/no\/skylt-utrymning-pil-vanster\/","title":{"rendered":"R\u00f8mningsvei Sign Escape Pil Venstre"},"content":{"rendered":"<p>Skilt 150\u00d7300 mm klaring pil h\u00f8yre trykt p\u00e5 aluminium ensidig i reflekterende &quot;E-light&quot;. Skiltet \u00f8nskes.<\/p>","protected":false},"excerpt":{"rendered":"<p>Skilt 150\u00d7300 mm klaring pil h\u00f8yre trykt p\u00e5 aluminium ensidig i reflekterende &quot;E-light&quot;. Skiltet \u00f8nskes.<\/p>","protected":false},"featured_media":142649,"template":"","meta":{"_acf_changed":false},"product_brand":[],"product_cat":[1559,1332],"product_tag":[],"class_list":{"0":"post-52293","1":"product","2":"type-product","3":"status-publish","4":"has-post-thumbnail","6":"product_cat-anvisningsskyltar-brandskydd","7":"product_cat-utrymning-tillbehor","8":"product_shipping_class-tunga-paket","9":"pa_brands-ateco","10":"tm-no-options","12":"first","13":"instock","14":"sale","15":"taxable","16":"shipping-taxable","17":"purchasable","18":"product-type-simple"},"acf":[],"_links":{"self":[{"href":"https:\/\/secureus.se\/no\/wp-json\/wp\/v2\/product\/52293","targetHints":{"allow":["GET"]}}],"collection":[{"href":"https:\/\/secureus.se\/no\/wp-json\/wp\/v2\/product"}],"about":[{"href":"https:\/\/secureus.se\/no\/wp-json\/wp\/v2\/types\/product"}],"wp:featuredmedia":[{"embeddable":true,"href":"https:\/\/secureus.se\/no\/wp-json\/wp\/v2\/media\/142649"}],"wp:attachment":[{"href":"https:\/\/secureus.se\/no\/wp-json\/wp\/v2\/media?parent=52293"}],"wp:term":[{"taxonomy":"product_brand","embeddable":true,"href":"https:\/\/secureus.se\/no\/wp-json\/wp\/v2\/product_brand?post=52293"},{"taxonomy":"product_cat","embeddable":true,"href":"https:\/\/secureus.se\/no\/wp-json\/wp\/v2\/product_cat?post=52293"},{"taxonomy":"product_tag","embeddable":true,"href":"https:\/\/secureus.se\/no\/wp-json\/wp\/v2\/product_tag?post=52293"}],"curies":[{"name":"wp","href":"https:\/\/api.w.org\/{rel}","templated":true}]}}