{"id":52492,"date":"2022-06-28T13:16:38","date_gmt":"2022-06-28T11:16:38","guid":{"rendered":"https:\/\/secureus.se\/produkt\/vinkelfaste-cq-for-slagdorr\/"},"modified":"2026-04-08T16:43:21","modified_gmt":"2026-04-08T14:43:21","slug":"vinkelfaste-cq-for-slagdorr","status":"publish","type":"product","link":"https:\/\/secureus.se\/no\/vinkelfaste-cq-for-slagdorr\/","title":{"rendered":"Vinkelbeslag Cq For hengslet d\u00f8r"},"content":{"rendered":"<p>CQ Vinkelbrakett for slagd\u00f8r. M\u00e5l (HxB): 230\u00d7180 mm. Feste i vegg 2 stk M10. Vinkelbrakett brukt med CQ Safe M8 alt. CQ komplett. MERK bruk M8-skruen som f\u00f8lger med magnetleveransen for ikke \u00e5 p\u00e5virke senterpinnen. Gjenge i magnet maks. 8 mm.<\/p>","protected":false},"excerpt":{"rendered":"<p>CQ Vinkelbrakett for slagd\u00f8r. M\u00e5l (HxB): 230\u00d7180 mm. Feste i vegg 2 stk M10. Vinkelbrakett brukt med CQ Safe M8 alt. CQ komplett. MERK bruk M8 skruen som f\u00f8lger med<\/p>","protected":false},"featured_media":143260,"template":"","meta":{"_acf_changed":false},"product_brand":[],"product_cat":[1560],"product_tag":[],"class_list":{"0":"post-52492","1":"product","2":"type-product","3":"status-publish","4":"has-post-thumbnail","6":"product_cat-branddorrstangning","7":"product_shipping_class-tunga-paket","8":"tm-no-options","10":"first","11":"outofstock","12":"sale","13":"taxable","14":"shipping-taxable","15":"purchasable","16":"product-type-simple"},"acf":[],"_links":{"self":[{"href":"https:\/\/secureus.se\/no\/wp-json\/wp\/v2\/product\/52492","targetHints":{"allow":["GET"]}}],"collection":[{"href":"https:\/\/secureus.se\/no\/wp-json\/wp\/v2\/product"}],"about":[{"href":"https:\/\/secureus.se\/no\/wp-json\/wp\/v2\/types\/product"}],"wp:featuredmedia":[{"embeddable":true,"href":"https:\/\/secureus.se\/no\/wp-json\/wp\/v2\/media\/143260"}],"wp:attachment":[{"href":"https:\/\/secureus.se\/no\/wp-json\/wp\/v2\/media?parent=52492"}],"wp:term":[{"taxonomy":"product_brand","embeddable":true,"href":"https:\/\/secureus.se\/no\/wp-json\/wp\/v2\/product_brand?post=52492"},{"taxonomy":"product_cat","embeddable":true,"href":"https:\/\/secureus.se\/no\/wp-json\/wp\/v2\/product_cat?post=52492"},{"taxonomy":"product_tag","embeddable":true,"href":"https:\/\/secureus.se\/no\/wp-json\/wp\/v2\/product_tag?post=52492"}],"curies":[{"name":"wp","href":"https:\/\/api.w.org\/{rel}","templated":true}]}}