{"id":52503,"date":"2022-06-28T13:14:57","date_gmt":"2022-06-28T11:14:57","guid":{"rendered":"https:\/\/secureus.se\/produkt\/brandslackare-6-kg-palmblad\/"},"modified":"2026-04-08T16:51:32","modified_gmt":"2026-04-08T14:51:32","slug":"brandslackare-6-kg-palmblad","status":"publish","type":"product","link":"https:\/\/secureus.se\/no\/brandslackare-6-kg-palmblad\/","title":{"rendered":"Brannslukningsapparat 6 Kg Palmeblader - Stilig design"},"content":{"rendered":"<p>Nexa brannslukningsapparat egnet til villaen, leiligheten, sommerhuset, campingvognen, bobilen, b\u00e5ten etc. Effektivitetsklasse 43A 233B C. Trykkladet pulverapparat, t\u00f8rt kjemisk pulver. Kontroller manometeret regelmessig minst en gang i \u00e5ret. Slukningsmidler: ABC-pulver. Drivgass: Nitrogen (N2). Arbeidstrykk: 14 bar ved +20\u00b0. Funksjonell mellom -30\u00b0 og +60\u00b0. Sikkerhetsavstand 1 m Veggfeste inkludert.<\/p>","protected":false},"excerpt":{"rendered":"<p>Nexa brannslukningsapparat som passer til villaen, leiligheten, sommerhuset, campingvognen, bobilen, b\u00e5ten etc. Effektivitetsklasse 43A 233B C. Trykkladet pulverapparat, t\u00f8rt kjemisk pulver. Kontroller manometeret regelmessig minst en gang i \u00e5ret. Slukningsmidler: ABC-pulver. Drivgass: Nitrogen<\/p>","protected":false},"featured_media":142887,"template":"","meta":{"_acf_changed":false},"product_brand":[],"product_cat":[1533],"product_tag":[],"class_list":{"0":"post-52503","1":"product","2":"type-product","3":"status-publish","4":"has-post-thumbnail","6":"product_cat-brandslackare","7":"product_shipping_class-tunga-paket","8":"pa_brands-nexa","9":"tm-no-options","11":"first","12":"instock","13":"sale","14":"taxable","15":"shipping-taxable","16":"purchasable","17":"product-type-simple"},"acf":[],"_links":{"self":[{"href":"https:\/\/secureus.se\/no\/wp-json\/wp\/v2\/product\/52503","targetHints":{"allow":["GET"]}}],"collection":[{"href":"https:\/\/secureus.se\/no\/wp-json\/wp\/v2\/product"}],"about":[{"href":"https:\/\/secureus.se\/no\/wp-json\/wp\/v2\/types\/product"}],"wp:featuredmedia":[{"embeddable":true,"href":"https:\/\/secureus.se\/no\/wp-json\/wp\/v2\/media\/142887"}],"wp:attachment":[{"href":"https:\/\/secureus.se\/no\/wp-json\/wp\/v2\/media?parent=52503"}],"wp:term":[{"taxonomy":"product_brand","embeddable":true,"href":"https:\/\/secureus.se\/no\/wp-json\/wp\/v2\/product_brand?post=52503"},{"taxonomy":"product_cat","embeddable":true,"href":"https:\/\/secureus.se\/no\/wp-json\/wp\/v2\/product_cat?post=52503"},{"taxonomy":"product_tag","embeddable":true,"href":"https:\/\/secureus.se\/no\/wp-json\/wp\/v2\/product_tag?post=52503"}],"curies":[{"name":"wp","href":"https:\/\/api.w.org\/{rel}","templated":true}]}}